{"id":5376,"date":"2026-05-12T08:33:44","date_gmt":"2026-05-12T06:33:44","guid":{"rendered":"https:\/\/axlesthermes.wellness-sport-camping.com\/su-estancia\/explora-el-ariege-en-bicicleta\/"},"modified":"2026-05-12T08:54:38","modified_gmt":"2026-05-12T06:54:38","slug":"explora-el-ariege-en-bicicleta","status":"publish","type":"page","link":"https:\/\/axlesthermes.wellness-sport-camping.com\/es\/su-estancia\/explora-el-ariege-en-bicicleta\/","title":{"rendered":"Explora el Ari\u00e8ge en bicicleta"},"content":{"rendered":"\n<div class=\"wp-block-cover alignfull header-top simbol-top-left\" style=\"margin-top:0px;margin-bottom:0px;padding-top:0;padding-right:0;padding-bottom:0px;padding-left:0;min-height:95vh;aspect-ratio:unset;\"><img decoding=\"async\" width=\"2048\" height=\"1536\" class=\"wp-block-cover__image-background wp-image-5369 size-full lazyload\" alt=\"\" data-src=\"https:\/\/axlesthermes.wellness-sport-camping.com\/wp-content\/uploads\/photo-2024-07-04-20-55-31.jpg\" data-object-fit=\"cover\" data-srcset=\"https:\/\/axlesthermes.wellness-sport-camping.com\/wp-content\/uploads\/photo-2024-07-04-20-55-31.jpg 2048w, https:\/\/axlesthermes.wellness-sport-camping.com\/wp-content\/uploads\/photo-2024-07-04-20-55-31-1024x768.jpg 1024w, https:\/\/axlesthermes.wellness-sport-camping.com\/wp-content\/uploads\/photo-2024-07-04-20-55-31-768x576.jpg 768w, https:\/\/axlesthermes.wellness-sport-camping.com\/wp-content\/uploads\/photo-2024-07-04-20-55-31-1536x1152.jpg 1536w, https:\/\/axlesthermes.wellness-sport-camping.com\/wp-content\/uploads\/photo-2024-07-04-20-55-31-512x384.jpg 512w, https:\/\/axlesthermes.wellness-sport-camping.com\/wp-content\/uploads\/photo-2024-07-04-20-55-31-256x192.jpg 256w\" data-sizes=\"(max-width: 2048px) 100vw, 2048px\" src=\"data:image\/svg+xml;base64,PHN2ZyB3aWR0aD0iMSIgaGVpZ2h0PSIxIiB4bWxucz0iaHR0cDovL3d3dy53My5vcmcvMjAwMC9zdmciPjwvc3ZnPg==\" style=\"--smush-placeholder-width: 2048px; --smush-placeholder-aspect-ratio: 2048\/1536;\" \/><span aria-hidden=\"true\" class=\"wp-block-cover__background has-background-dim-10 has-background-dim\" style=\"background-color:#70867f\"><\/span><div class=\"wp-block-cover__inner-container is-layout-flow wp-block-cover-is-layout-flow\">\n<div class=\"wp-block-group titre-top animation--init--once animation--top is-layout-constrained wp-block-group-is-layout-constrained\" style=\"padding-bottom:0px\">\n<p class=\"has-text-align-center has-theme-white-color has-text-color has-damion-font-family has-h-1-font-size\">Explora el Ari\u00e8ge en bicicleta<\/p>\n\n\n\n<p class=\"has-text-align-center has-theme-white-color has-text-color\"><\/p>\n<\/div>\n\n\n\n<div class=\"wp-block-group breadcrumbs-top is-layout-constrained wp-block-group-is-layout-constrained\" style=\"margin-top:10px;margin-bottom:0px\">\n<span><span><a href=\"https:\/\/axlesthermes.wellness-sport-camping.com\/es\/\">Inicio<\/a><\/span><\/span>\n<\/div>\n\n\n\n<div class=\"wp-block-group alignfull motor-thelis has-theme-brown-2-background-color has-background is-layout-constrained wp-container-core-group-is-layout-e129b69f wp-block-group-is-layout-constrained\" style=\"padding-top:0px;padding-right:0px;padding-bottom:0px;padding-left:0px\">\n<div class=\"wp-block-columns is-layout-flex wp-container-core-columns-is-layout-28f84493 wp-block-columns-is-layout-flex\">\n<div class=\"wp-block-column is-layout-flow wp-block-column-is-layout-flow\" style=\"flex-basis:100%\">\n<section class=\"formulaire-de-recherche-bar\">\r\n            <div id=\"expand-thelis-formulaire\">Reservar<\/div>\r\n            <div class=\"container-form\"><thr-search-engine><\/thr-search-engine><a id=\"pay-btn-2\" onclick=\"window.open('https:\/\/thelisresa.webcamp.fr\/cart-directPayment.php?camping=malazeou&amp;lang=es');\"><i><\/i>Pagar estancia<\/a>\r\n            <style>\r\n            \r\n            .thr-search-engine .thr-search-engine-main > .thr-btn-search { max-width: 20% !important; }\r\n            .thr .btn i { margin-right: 0 !important; }\r\n            #pay-btn-2 { \r\n                position: absolute;\r\n                right: 0;top: 0;\r\n                margin: 10px;\r\n                border: 0;\r\n                background-color: ;\r\n                color: ;\r\n                cursor: pointer;\r\n                width: calc(17% - 5px);\r\n                padding: 17px 0;\r\n                font-size: 18px;\r\n                font-weight: bold;\r\n                text-transform: auto;\r\n                transition: all .35s;\r\n                display: flex;justify-content: center;\r\n                align-items: center;\r\n            }\r\n            #pay-btn-2 i {\r\n                display: inline-flex;\r\n                width:18px;height:18px;\r\n                margin-right: 5px;\r\n                background-image: url('data:image\/svg+xml;utf8,<?xml version=\"1.0\" encoding=\"utf-8\"?><svg width=\"1792\" height=\"1792\" viewBox=\"0 0 1792 1792\" xmlns=\"http:\/\/www.w3.org\/2000\/svg\"><path d=\"M704 1536q0 52-38 90t-90 38-90-38-38-90 38-90 90-38 90 38 38 90zm896 0q0 52-38 90t-90 38-90-38-38-90 38-90 90-38 90 38 38 90zm128-1088v512q0 24-16.5 42.5t-40.5 21.5l-1044 122q13 60 13 70 0 16-24 64h920q26 0 45 19t19 45-19 45-45 19h-1024q-26 0-45-19t-19-45q0-11 8-31.5t16-36 21.5-40 15.5-29.5l-177-823h-204q-26 0-45-19t-19-45 19-45 45-19h256q16 0 28.5 6.5t19.5 15.5 13 24.5 8 26 5.5 29.5 4.5 26h1201q26 0 45 19t19 45z\" fill=\"rgba(255,255,255,1)\" \/><\/svg>');\r\n                background-size: cover;background-position: center center;background-repeat: no-repeat;\r\n            }\r\n            #pay-btn-2:hover { background-color: ; }\r\n            .thr-search-engine { width: 83%; }\r\n\r\n            @media screen and (max-width: 1024px) {\r\n                #pay-btn-2 { top: 52px; }\r\n                .thr-search-engine .thr-search-engine-main > .thr-btn-search { max-width: inherit !important; }\r\n            }\r\n            @media screen and (max-width: 990px) {\r\n                .thr-search-engine { width: 100%; }\r\n                #pay-btn-2 { position: relative;width: calc(100% - 20px);top: auto;margin-top: 0; }\r\n            }\r\n\r\n            thr-search-engine { border-right: 200px rgba(0,0,0,0) solid;display: block; }\r\n            @media screen and (max-width: 1024px) {\r\n                thr-search-engine { border-right: inherit;display: inherit; }\r\n            }\r\n            <\/style>\r\n            <\/div><\/section><!-- .formulaire-de-recherche-bar --><style>\r\n        #expand-thelis-formulaire { display: none; }\r\n        @media screen and (max-width: 1024px) {\r\n            #expand-thelis-formulaire { display: block; }\r\n            .formulaire-de-recherche-bar .container-form { display: none; }\r\n        }\r\n    <\/style><script>\r\n    jQuery(document).ready(function($){\r\n        jQuery('#expand-thelis-formulaire').click(function(){\r\n            if(\r\n                jQuery('.formulaire-de-recherche-bar .container-form').css('display') == 'none'\r\n            ){\r\n                jQuery('.formulaire-de-recherche-bar .container-form').css('display', 'block');\r\n                jQuery('#expand-thelis-formulaire').addClass('expanded');\r\n            }else{\r\n                jQuery('.formulaire-de-recherche-bar .container-form').css('display', 'none');\r\n                jQuery('#expand-thelis-formulaire').removeClass('expanded');\r\n            }\r\n        });\r\n    });\r\n    <\/script>\n<\/div>\n<\/div>\n<\/div>\n<\/div><\/div>\n\n<div class=\"wp-block-group alignfull page-intro simbol-top-right-2 is-layout-constrained wp-block-group-is-layout-constrained\">\n<div class=\"wp-block-columns is-layout-flex wp-container-core-columns-is-layout-28f84493 wp-block-columns-is-layout-flex\">\n<div class=\"wp-block-column is-layout-flow wp-block-column-is-layout-flow\">\n<h1 class=\"wp-block-heading has-text-align-center simbol-titre has-sub\">\u00a1Tu oferta especial con Loc de Sault!<\/h1>\n\n\n\n<p class=\"has-text-align-center\">Disfruta al m\u00e1ximo de los grandiosos paisajes de los Pirineos de Ari\u00e8ge gracias a nuestro socio local, Loc de Sault. Tanto si te gustan las emociones fuertes en bicicleta de monta\u00f1a como si prefieres los paseos tranquilos, lo tenemos todo preparado para facilitarte tus salidas desde el camping. <sub><br\/><\/sub><\/p>\n\n\n\n<div class=\"wp-block-media-text is-stacked-on-mobile\" style=\"grid-template-columns:36% auto\"><figure class=\"wp-block-media-text__media\"><img decoding=\"async\" width=\"2000\" height=\"1414\" data-src=\"https:\/\/axlesthermes.wellness-sport-camping.com\/wp-content\/uploads\/loc-de-sault-vtt-et-vtt-enfants-malazeou.png\" alt=\"\" class=\"wp-image-5366 size-full lazyload\" data-srcset=\"https:\/\/axlesthermes.wellness-sport-camping.com\/wp-content\/uploads\/loc-de-sault-vtt-et-vtt-enfants-malazeou.png 2000w, https:\/\/axlesthermes.wellness-sport-camping.com\/wp-content\/uploads\/loc-de-sault-vtt-et-vtt-enfants-malazeou-1024x724.png 1024w, https:\/\/axlesthermes.wellness-sport-camping.com\/wp-content\/uploads\/loc-de-sault-vtt-et-vtt-enfants-malazeou-768x543.png 768w, https:\/\/axlesthermes.wellness-sport-camping.com\/wp-content\/uploads\/loc-de-sault-vtt-et-vtt-enfants-malazeou-1536x1086.png 1536w, https:\/\/axlesthermes.wellness-sport-camping.com\/wp-content\/uploads\/loc-de-sault-vtt-et-vtt-enfants-malazeou-512x362.png 512w, https:\/\/axlesthermes.wellness-sport-camping.com\/wp-content\/uploads\/loc-de-sault-vtt-et-vtt-enfants-malazeou-256x181.png 256w\" data-sizes=\"(max-width: 2000px) 100vw, 2000px\" src=\"data:image\/svg+xml;base64,PHN2ZyB3aWR0aD0iMSIgaGVpZ2h0PSIxIiB4bWxucz0iaHR0cDovL3d3dy53My5vcmcvMjAwMC9zdmciPjwvc3ZnPg==\" style=\"--smush-placeholder-width: 2000px; --smush-placeholder-aspect-ratio: 2000\/1414;\" \/><\/figure><div class=\"wp-block-media-text__content\">\n<h4 class=\"wp-block-heading has-theme-yellow-color has-text-color has-link-color wp-elements-6be665b86e9c6fe83831fd891ca7e445\">Tu oferta exclusiva \u00abPrivil\u00e8ge\u00bb<\/h4>\n\n\n\n<p>Al alojarte en el Wellness Sport Camping UCPA \u2013 Le Malaz\u00e9ou, disfrutar\u00e1s de ventajas exclusivas negociadas especialmente para ti:<\/p>\n\n\n\n<p>Consejos de expertos: disfruta de recomendaciones personalizadas sobre las mejores rutas desde Ax-les-Thermes y el camping<\/p>\n\n\n\n<p>Env\u00edo gratuito: Las bicicletas se entregan directamente en el camping para todos los alquileres (de d\u00eda completo o de medio d\u00eda).<\/p>\n\n\n\n<p>Paquete de seguridad gratuito: La puesta a disposici\u00f3n de cascos y candados es totalmente gratuita para todos los usuarios.<\/p>\n\n\n\n<h4 class=\"wp-block-heading has-theme-yellow-color has-text-color has-link-color wp-elements-4d774ce8c579ea067c7a62e1c483acd6\">Una gama completa para todo tipo de terrenos<\/h4>\n\n\n\n<p>Loc de Sault renueva su parque cada temporada para garantizarte una fiabilidad total y un material de alta calidad. Elige la montura que mejor se adapte a tus necesidades: <\/p>\n\n\n\n<ul class=\"wp-block-list\">\n<li>Bicicletas el\u00e9ctricas de monta\u00f1a (e-MTB): para subir a las cimas sin esfuerzo.<\/li>\n\n\n\n<li>Bicicletas de monta\u00f1a para adultos y ni\u00f1os: ideales para salidas deportivas en familia.<\/li>\n\n\n\n<li><strong>V\u00e9los de Route &amp; Gravel :<\/strong> Pour les passionn\u00e9s d&#8217;asphalte et de sentiers mixtes.<\/li>\n\n\n\n<li>Grupos y seminarios: Una log\u00edstica capaz de movilizar hasta 45 bicicletas para sus <\/li>\n<\/ul>\n\n\n\n<h4 class=\"wp-block-heading has-theme-yellow-color has-text-color has-link-color wp-elements-4bba8636c389816c5816cbe3f7b68e36\">\u00bfC\u00f3mo reservar?<\/h4>\n\n\n\n<p>\u00a1Es muy sencillo! Para disfrutar de tus ventajas \u00abPrivil\u00e8ge\u00bb, ponte en contacto directamente con Loc de Sault a trav\u00e9s de uno de los siguientes medios: <\/p>\n\n\n\n<ol class=\"wp-block-list\">\n<li>Por tel\u00e9fono: +33 6 10 56 14 29 o +33 6 82 45 28 99.<\/li>\n\n\n\n<li>Por correo electr\u00f3nico:<a href=\"https:\/\/www.google.com\/url?sa=E&amp;q=mailto%3Alocdesault%40gmail.com\" target=\"_blank\" rel=\"noreferrer noopener\"><strong> locdesault@gmail.com<\/strong><\/a><\/li>\n\n\n\n<li>En l\u00ednea:<strong><a href=\"https:\/\/www.google.com\/url?sa=E&amp;q=http%3A%2F%2Fwww.locdesault.com\" target=\"_blank\" rel=\"noreferrer noopener\"> https:\/\/www.locdesault.com\/locdesault-com\/location-velo-ax-les-thermes\/<\/a><\/strong><\/li>\n<\/ol>\n\n\n\n<p>\u26a0\ufe0f Importante: Si reservas por tel\u00e9fono o correo electr\u00f3nico, no olvides indicar que te alojas en el Wellness Sport Camping UCPA \u2013 Le Malaz\u00e9ou para poder disfrutar de tus ventajas gratuitas.<\/p>\n\n\n\n<div class=\"wp-block-buttons is-content-justification-center is-layout-flex wp-container-core-buttons-is-layout-a89b3969 wp-block-buttons-is-layout-flex\">\n<div class=\"wp-block-button\"><a class=\"wp-block-button__link has-theme-yellow-background-color has-background wp-element-button\" href=\"&lt;!--[CDATA[https:\/\/www.locdesault.com\/locdesault-com\/location-velo-ax-les-thermes\/]]--&gt;\">Reservo<\/a><\/div>\n<\/div>\n<\/div><\/div>\n<\/div>\n<\/div>\n<\/div>\n\n<div class=\"wp-block-group alignfull is-layout-constrained wp-block-group-is-layout-constrained\" style=\"margin-top:0px;margin-bottom:0px\">\n<div class=\"wp-block-cover alignfull has-parallax\" style=\"min-height:500px;aspect-ratio:unset;\"><div class=\"wp-block-cover__image-background wp-image-5364 size-full has-parallax lazyload\" style=\"background-position:50% 50%;background-image:inherit\" data-bg-image=\"url(https:\/\/axlesthermes.wellness-sport-camping.com\/wp-content\/uploads\/loc-de-sault-groupes-seminaires-malazeou.png)\"><\/div><span aria-hidden=\"true\" class=\"wp-block-cover__background has-background-dim-0 has-background-dim\" style=\"background-color:#586772\"><\/span><div class=\"wp-block-cover__inner-container is-layout-flow wp-block-cover-is-layout-flow\">\n<p class=\"has-text-align-center has-large-font-size\"><\/p>\n<\/div><\/div>\n<\/div>\n\n<div class=\"wp-block-group alignfull savoir-single simbol-top-right r bg-bottom-right is-layout-constrained wp-block-group-is-layout-constrained\" style=\"margin-top:0px;margin-bottom:0px\">\n<div class=\"wp-block-columns is-layout-flex wp-container-core-columns-is-layout-28f84493 wp-block-columns-is-layout-flex\"><\/div>\n<\/div>\n","protected":false},"excerpt":{"rendered":"<p>\u00bfTe apetece poner a prueba tu destreza o descubrir una nueva disciplina durante tus vacaciones? Le Malaz\u00e9ou cuenta con su propio campo de tiro con arco, un espacio seguro y arbolado dedicado a la precisi\u00f3n y al ocio. \u00a1Una actividad totalmente incluida en tu estancia! <\/p>\n","protected":false},"author":4,"featured_media":0,"parent":2200,"menu_order":4,"comment_status":"closed","ping_status":"closed","template":"","meta":{"_acf_changed":false,"inline_featured_image":false,"footnotes":""},"class_list":["post-5376","page","type-page","status-publish","hentry"],"acf":[],"yoast_head":"<!-- This site is optimized with the Yoast SEO plugin v27.1.1 - https:\/\/yoast.com\/product\/yoast-seo-wordpress\/ -->\n<title>Actividades durante su estancia en el Camping Le Malaz\u00e9ou | Disfrute de una gran variedad de actividades<\/title>\n<meta name=\"description\" content=\"Descubra las emocionantes actividades que se ofrecen durante su estancia en el Camping Le Malaz\u00e9ou, en un entorno natural excepcional en Ari\u00e8ge.\" \/>\n<meta name=\"robots\" content=\"index, follow, max-snippet:-1, max-image-preview:large, max-video-preview:-1\" \/>\n<link rel=\"canonical\" href=\"https:\/\/axlesthermes.wellness-sport-camping.com\/es\/su-estancia\/explora-el-ariege-en-bicicleta\/\" \/>\n<meta property=\"og:locale\" content=\"es_ES\" \/>\n<meta property=\"og:type\" content=\"article\" \/>\n<meta property=\"og:title\" content=\"Actividades durante su estancia en el Camping Le Malaz\u00e9ou | Disfrute de una gran variedad de actividades\" \/>\n<meta property=\"og:description\" content=\"Descubra las emocionantes actividades que se ofrecen durante su estancia en el Camping Le Malaz\u00e9ou, en un entorno natural excepcional en Ari\u00e8ge.\" \/>\n<meta property=\"og:url\" content=\"https:\/\/axlesthermes.wellness-sport-camping.com\/es\/su-estancia\/explora-el-ariege-en-bicicleta\/\" \/>\n<meta property=\"og:site_name\" content=\"Camping Malaz\u00e9ou\" \/>\n<meta property=\"article:modified_time\" content=\"2026-05-12T06:54:38+00:00\" \/>\n<meta property=\"og:image\" content=\"https:\/\/axlesthermes.wellness-sport-camping.com\/wp-content\/uploads\/photo-2024-07-04-20-55-31.jpg\" \/>\n\t<meta property=\"og:image:width\" content=\"2048\" \/>\n\t<meta property=\"og:image:height\" content=\"1536\" \/>\n\t<meta property=\"og:image:type\" content=\"image\/jpeg\" \/>\n<meta name=\"twitter:card\" content=\"summary_large_image\" \/>\n<meta name=\"twitter:label1\" content=\"Tiempo de lectura\" \/>\n\t<meta name=\"twitter:data1\" content=\"2 minutos\" \/>\n<script type=\"application\/ld+json\" class=\"yoast-schema-graph\">{\"@context\":\"https:\/\/schema.org\",\"@graph\":[{\"@type\":\"WebPage\",\"@id\":\"https:\/\/axlesthermes.wellness-sport-camping.com\/es\/su-estancia\/explora-el-ariege-en-bicicleta\/\",\"url\":\"https:\/\/axlesthermes.wellness-sport-camping.com\/es\/su-estancia\/explora-el-ariege-en-bicicleta\/\",\"name\":\"Actividades durante su estancia en el Camping Le Malaz\u00e9ou | Disfrute de una gran variedad de actividades\",\"isPartOf\":{\"@id\":\"https:\/\/axlesthermes.wellness-sport-camping.com\/es\/#website\"},\"primaryImageOfPage\":{\"@id\":\"https:\/\/axlesthermes.wellness-sport-camping.com\/es\/su-estancia\/explora-el-ariege-en-bicicleta\/#primaryimage\"},\"image\":{\"@id\":\"https:\/\/axlesthermes.wellness-sport-camping.com\/es\/su-estancia\/explora-el-ariege-en-bicicleta\/#primaryimage\"},\"thumbnailUrl\":\"https:\/\/axlesthermes.wellness-sport-camping.com\/wp-content\/uploads\/photo-2024-07-04-20-55-31.jpg\",\"datePublished\":\"2026-05-12T06:33:44+00:00\",\"dateModified\":\"2026-05-12T06:54:38+00:00\",\"description\":\"Descubra las emocionantes actividades que se ofrecen durante su estancia en el Camping Le Malaz\u00e9ou, en un entorno natural excepcional en Ari\u00e8ge.\",\"breadcrumb\":{\"@id\":\"https:\/\/axlesthermes.wellness-sport-camping.com\/es\/su-estancia\/explora-el-ariege-en-bicicleta\/#breadcrumb\"},\"inLanguage\":\"es\",\"potentialAction\":[{\"@type\":\"ReadAction\",\"target\":[\"https:\/\/axlesthermes.wellness-sport-camping.com\/es\/su-estancia\/explora-el-ariege-en-bicicleta\/\"]}]},{\"@type\":\"ImageObject\",\"inLanguage\":\"es\",\"@id\":\"https:\/\/axlesthermes.wellness-sport-camping.com\/es\/su-estancia\/explora-el-ariege-en-bicicleta\/#primaryimage\",\"url\":\"https:\/\/axlesthermes.wellness-sport-camping.com\/wp-content\/uploads\/photo-2024-07-04-20-55-31.jpg\",\"contentUrl\":\"https:\/\/axlesthermes.wellness-sport-camping.com\/wp-content\/uploads\/photo-2024-07-04-20-55-31.jpg\"},{\"@type\":\"BreadcrumbList\",\"@id\":\"https:\/\/axlesthermes.wellness-sport-camping.com\/es\/su-estancia\/explora-el-ariege-en-bicicleta\/#breadcrumb\",\"itemListElement\":[{\"@type\":\"ListItem\",\"position\":1,\"name\":\"Inicio\",\"item\":\"https:\/\/axlesthermes.wellness-sport-camping.com\/es\/\"},{\"@type\":\"ListItem\",\"position\":2,\"name\":\"Su estancia\",\"item\":\"https:\/\/axlesthermes.wellness-sport-camping.com\/es\/su-estancia\/\"},{\"@type\":\"ListItem\",\"position\":3,\"name\":\"Explora el Ari\u00e8ge en bicicleta\"}]},{\"@type\":\"WebSite\",\"@id\":\"https:\/\/axlesthermes.wellness-sport-camping.com\/es\/#website\",\"url\":\"https:\/\/axlesthermes.wellness-sport-camping.com\/es\/\",\"name\":\"Camping Malaz\u00e9ou\",\"description\":\"borde la rivi\u00e8re Ari\u00e8ge\",\"publisher\":{\"@id\":\"https:\/\/axlesthermes.wellness-sport-camping.com\/es\/#organization\"},\"potentialAction\":[{\"@type\":\"SearchAction\",\"target\":{\"@type\":\"EntryPoint\",\"urlTemplate\":\"https:\/\/axlesthermes.wellness-sport-camping.com\/es\/?s={search_term_string}\"},\"query-input\":{\"@type\":\"PropertyValueSpecification\",\"valueRequired\":true,\"valueName\":\"search_term_string\"}}],\"inLanguage\":\"es\"},{\"@type\":\"Organization\",\"@id\":\"https:\/\/axlesthermes.wellness-sport-camping.com\/es\/#organization\",\"name\":\"Camping Malaz\u00e9ou\",\"url\":\"https:\/\/axlesthermes.wellness-sport-camping.com\/es\/\",\"logo\":{\"@type\":\"ImageObject\",\"inLanguage\":\"es\",\"@id\":\"https:\/\/axlesthermes.wellness-sport-camping.com\/es\/#\/schema\/logo\/image\/\",\"url\":\"https:\/\/axlesthermes.wellness-sport-camping.com\/wp-content\/uploads\/logo-penne-blanche.png\",\"contentUrl\":\"https:\/\/axlesthermes.wellness-sport-camping.com\/wp-content\/uploads\/logo-penne-blanche.png\",\"width\":260,\"height\":137,\"caption\":\"Camping Malaz\u00e9ou\"},\"image\":{\"@id\":\"https:\/\/axlesthermes.wellness-sport-camping.com\/es\/#\/schema\/logo\/image\/\"}}]}<\/script>\n<!-- \/ Yoast SEO plugin. -->","yoast_head_json":{"title":"Actividades durante su estancia en el Camping Le Malaz\u00e9ou | Disfrute de una gran variedad de actividades","description":"Descubra las emocionantes actividades que se ofrecen durante su estancia en el Camping Le Malaz\u00e9ou, en un entorno natural excepcional en Ari\u00e8ge.","robots":{"index":"index","follow":"follow","max-snippet":"max-snippet:-1","max-image-preview":"max-image-preview:large","max-video-preview":"max-video-preview:-1"},"canonical":"https:\/\/axlesthermes.wellness-sport-camping.com\/es\/su-estancia\/explora-el-ariege-en-bicicleta\/","og_locale":"es_ES","og_type":"article","og_title":"Actividades durante su estancia en el Camping Le Malaz\u00e9ou | Disfrute de una gran variedad de actividades","og_description":"Descubra las emocionantes actividades que se ofrecen durante su estancia en el Camping Le Malaz\u00e9ou, en un entorno natural excepcional en Ari\u00e8ge.","og_url":"https:\/\/axlesthermes.wellness-sport-camping.com\/es\/su-estancia\/explora-el-ariege-en-bicicleta\/","og_site_name":"Camping Malaz\u00e9ou","article_modified_time":"2026-05-12T06:54:38+00:00","og_image":[{"width":2048,"height":1536,"url":"https:\/\/axlesthermes.wellness-sport-camping.com\/wp-content\/uploads\/photo-2024-07-04-20-55-31.jpg","type":"image\/jpeg"}],"twitter_card":"summary_large_image","twitter_misc":{"Tiempo de lectura":"2 minutos"},"schema":{"@context":"https:\/\/schema.org","@graph":[{"@type":"WebPage","@id":"https:\/\/axlesthermes.wellness-sport-camping.com\/es\/su-estancia\/explora-el-ariege-en-bicicleta\/","url":"https:\/\/axlesthermes.wellness-sport-camping.com\/es\/su-estancia\/explora-el-ariege-en-bicicleta\/","name":"Actividades durante su estancia en el Camping Le Malaz\u00e9ou | Disfrute de una gran variedad de actividades","isPartOf":{"@id":"https:\/\/axlesthermes.wellness-sport-camping.com\/es\/#website"},"primaryImageOfPage":{"@id":"https:\/\/axlesthermes.wellness-sport-camping.com\/es\/su-estancia\/explora-el-ariege-en-bicicleta\/#primaryimage"},"image":{"@id":"https:\/\/axlesthermes.wellness-sport-camping.com\/es\/su-estancia\/explora-el-ariege-en-bicicleta\/#primaryimage"},"thumbnailUrl":"https:\/\/axlesthermes.wellness-sport-camping.com\/wp-content\/uploads\/photo-2024-07-04-20-55-31.jpg","datePublished":"2026-05-12T06:33:44+00:00","dateModified":"2026-05-12T06:54:38+00:00","description":"Descubra las emocionantes actividades que se ofrecen durante su estancia en el Camping Le Malaz\u00e9ou, en un entorno natural excepcional en Ari\u00e8ge.","breadcrumb":{"@id":"https:\/\/axlesthermes.wellness-sport-camping.com\/es\/su-estancia\/explora-el-ariege-en-bicicleta\/#breadcrumb"},"inLanguage":"es","potentialAction":[{"@type":"ReadAction","target":["https:\/\/axlesthermes.wellness-sport-camping.com\/es\/su-estancia\/explora-el-ariege-en-bicicleta\/"]}]},{"@type":"ImageObject","inLanguage":"es","@id":"https:\/\/axlesthermes.wellness-sport-camping.com\/es\/su-estancia\/explora-el-ariege-en-bicicleta\/#primaryimage","url":"https:\/\/axlesthermes.wellness-sport-camping.com\/wp-content\/uploads\/photo-2024-07-04-20-55-31.jpg","contentUrl":"https:\/\/axlesthermes.wellness-sport-camping.com\/wp-content\/uploads\/photo-2024-07-04-20-55-31.jpg"},{"@type":"BreadcrumbList","@id":"https:\/\/axlesthermes.wellness-sport-camping.com\/es\/su-estancia\/explora-el-ariege-en-bicicleta\/#breadcrumb","itemListElement":[{"@type":"ListItem","position":1,"name":"Inicio","item":"https:\/\/axlesthermes.wellness-sport-camping.com\/es\/"},{"@type":"ListItem","position":2,"name":"Su estancia","item":"https:\/\/axlesthermes.wellness-sport-camping.com\/es\/su-estancia\/"},{"@type":"ListItem","position":3,"name":"Explora el Ari\u00e8ge en bicicleta"}]},{"@type":"WebSite","@id":"https:\/\/axlesthermes.wellness-sport-camping.com\/es\/#website","url":"https:\/\/axlesthermes.wellness-sport-camping.com\/es\/","name":"Camping Malaz\u00e9ou","description":"borde la rivi\u00e8re Ari\u00e8ge","publisher":{"@id":"https:\/\/axlesthermes.wellness-sport-camping.com\/es\/#organization"},"potentialAction":[{"@type":"SearchAction","target":{"@type":"EntryPoint","urlTemplate":"https:\/\/axlesthermes.wellness-sport-camping.com\/es\/?s={search_term_string}"},"query-input":{"@type":"PropertyValueSpecification","valueRequired":true,"valueName":"search_term_string"}}],"inLanguage":"es"},{"@type":"Organization","@id":"https:\/\/axlesthermes.wellness-sport-camping.com\/es\/#organization","name":"Camping Malaz\u00e9ou","url":"https:\/\/axlesthermes.wellness-sport-camping.com\/es\/","logo":{"@type":"ImageObject","inLanguage":"es","@id":"https:\/\/axlesthermes.wellness-sport-camping.com\/es\/#\/schema\/logo\/image\/","url":"https:\/\/axlesthermes.wellness-sport-camping.com\/wp-content\/uploads\/logo-penne-blanche.png","contentUrl":"https:\/\/axlesthermes.wellness-sport-camping.com\/wp-content\/uploads\/logo-penne-blanche.png","width":260,"height":137,"caption":"Camping Malaz\u00e9ou"},"image":{"@id":"https:\/\/axlesthermes.wellness-sport-camping.com\/es\/#\/schema\/logo\/image\/"}}]}},"_links":{"self":[{"href":"https:\/\/axlesthermes.wellness-sport-camping.com\/es\/wp-json\/wp\/v2\/pages\/5376","targetHints":{"allow":["GET"]}}],"collection":[{"href":"https:\/\/axlesthermes.wellness-sport-camping.com\/es\/wp-json\/wp\/v2\/pages"}],"about":[{"href":"https:\/\/axlesthermes.wellness-sport-camping.com\/es\/wp-json\/wp\/v2\/types\/page"}],"author":[{"embeddable":true,"href":"https:\/\/axlesthermes.wellness-sport-camping.com\/es\/wp-json\/wp\/v2\/users\/4"}],"replies":[{"embeddable":true,"href":"https:\/\/axlesthermes.wellness-sport-camping.com\/es\/wp-json\/wp\/v2\/comments?post=5376"}],"version-history":[{"count":1,"href":"https:\/\/axlesthermes.wellness-sport-camping.com\/es\/wp-json\/wp\/v2\/pages\/5376\/revisions"}],"predecessor-version":[{"id":5377,"href":"https:\/\/axlesthermes.wellness-sport-camping.com\/es\/wp-json\/wp\/v2\/pages\/5376\/revisions\/5377"}],"up":[{"embeddable":true,"href":"https:\/\/axlesthermes.wellness-sport-camping.com\/es\/wp-json\/wp\/v2\/pages\/2200"}],"wp:attachment":[{"href":"https:\/\/axlesthermes.wellness-sport-camping.com\/es\/wp-json\/wp\/v2\/media?parent=5376"}],"curies":[{"name":"wp","href":"https:\/\/api.w.org\/{rel}","templated":true}]}}