{"id":5331,"date":"2026-02-27T14:34:39","date_gmt":"2026-02-27T13:34:39","guid":{"rendered":"https:\/\/axlesthermes.wellness-sport-camping.com\/su-estancia\/el-boulodrome\/"},"modified":"2026-04-01T18:06:37","modified_gmt":"2026-04-01T16:06:37","slug":"el-boulodrome","status":"publish","type":"page","link":"https:\/\/axlesthermes.wellness-sport-camping.com\/es\/su-estancia\/el-boulodrome\/","title":{"rendered":"El Boulodrome"},"content":{"rendered":"\n<div class=\"wp-block-cover alignfull header-top simbol-top-left\" style=\"margin-top:0px;margin-bottom:0px;padding-top:0;padding-right:0;padding-bottom:0px;padding-left:0;min-height:95vh;aspect-ratio:unset;\"><img decoding=\"async\" width=\"2048\" height=\"1365\" class=\"wp-block-cover__image-background wp-image-5097 size-large lazyload\" alt=\"\" data-src=\"https:\/\/axlesthermes.wellness-sport-camping.com\/wp-content\/uploads\/sunelia-malazeou-2018-0028-2048x1365.jpg\" data-object-fit=\"cover\" data-srcset=\"https:\/\/axlesthermes.wellness-sport-camping.com\/wp-content\/uploads\/sunelia-malazeou-2018-0028-2048x1365.jpg 2048w, https:\/\/axlesthermes.wellness-sport-camping.com\/wp-content\/uploads\/sunelia-malazeou-2018-0028-1024x683.jpg 1024w, https:\/\/axlesthermes.wellness-sport-camping.com\/wp-content\/uploads\/sunelia-malazeou-2018-0028-768x512.jpg 768w, https:\/\/axlesthermes.wellness-sport-camping.com\/wp-content\/uploads\/sunelia-malazeou-2018-0028-1536x1024.jpg 1536w, https:\/\/axlesthermes.wellness-sport-camping.com\/wp-content\/uploads\/sunelia-malazeou-2018-0028-512x341.jpg 512w, https:\/\/axlesthermes.wellness-sport-camping.com\/wp-content\/uploads\/sunelia-malazeou-2018-0028-256x171.jpg 256w\" data-sizes=\"(max-width: 2048px) 100vw, 2048px\" src=\"data:image\/svg+xml;base64,PHN2ZyB3aWR0aD0iMSIgaGVpZ2h0PSIxIiB4bWxucz0iaHR0cDovL3d3dy53My5vcmcvMjAwMC9zdmciPjwvc3ZnPg==\" style=\"--smush-placeholder-width: 2048px; --smush-placeholder-aspect-ratio: 2048\/1365;\" \/><span aria-hidden=\"true\" class=\"wp-block-cover__background has-background-dim-10 has-background-dim\" style=\"background-color:#707576\"><\/span><div class=\"wp-block-cover__inner-container is-layout-flow wp-block-cover-is-layout-flow\">\n<div class=\"wp-block-group titre-top animation--init--once animation--top is-layout-constrained wp-block-group-is-layout-constrained\" style=\"padding-bottom:0px\">\n<p class=\"has-text-align-center has-theme-white-color has-text-color has-damion-font-family has-h-1-font-size\">El Boulodrome:<\/p>\n\n\n\n<p class=\"has-text-align-center has-theme-white-color has-text-color\"><\/p>\n<\/div>\n\n\n\n<div class=\"wp-block-group breadcrumbs-top is-layout-constrained wp-block-group-is-layout-constrained\" style=\"margin-top:10px;margin-bottom:0px\">\n<span><span><a href=\"https:\/\/axlesthermes.wellness-sport-camping.com\/es\/\">Inicio<\/a><\/span><\/span>\n<\/div>\n\n\n\n<div class=\"wp-block-group alignfull motor-thelis has-theme-brown-2-background-color has-background is-layout-constrained wp-container-core-group-is-layout-e129b69f wp-block-group-is-layout-constrained\" style=\"padding-top:0px;padding-right:0px;padding-bottom:0px;padding-left:0px\">\n<div class=\"wp-block-columns is-layout-flex wp-container-core-columns-is-layout-28f84493 wp-block-columns-is-layout-flex\">\n<div class=\"wp-block-column is-layout-flow wp-block-column-is-layout-flow\" style=\"flex-basis:100%\">\n<section class=\"formulaire-de-recherche-bar\">\r\n            <div id=\"expand-thelis-formulaire\">Reservar<\/div>\r\n            <div class=\"container-form\"><thr-search-engine><\/thr-search-engine><a id=\"pay-btn-2\" onclick=\"window.open('https:\/\/thelisresa.webcamp.fr\/cart-directPayment.php?camping=malazeou&amp;lang=es');\"><i><\/i>Pagar estancia<\/a>\r\n            <style>\r\n            \r\n            .thr-search-engine .thr-search-engine-main > .thr-btn-search { max-width: 20% !important; }\r\n            .thr .btn i { margin-right: 0 !important; }\r\n            #pay-btn-2 { \r\n                position: absolute;\r\n                right: 0;top: 0;\r\n                margin: 10px;\r\n                border: 0;\r\n                background-color: ;\r\n                color: ;\r\n                cursor: pointer;\r\n                width: calc(17% - 5px);\r\n                padding: 17px 0;\r\n                font-size: 18px;\r\n                font-weight: bold;\r\n                text-transform: auto;\r\n                transition: all .35s;\r\n                display: flex;justify-content: center;\r\n                align-items: center;\r\n            }\r\n            #pay-btn-2 i {\r\n                display: inline-flex;\r\n                width:18px;height:18px;\r\n                margin-right: 5px;\r\n                background-image: url('data:image\/svg+xml;utf8,<?xml version=\"1.0\" encoding=\"utf-8\"?><svg width=\"1792\" height=\"1792\" viewBox=\"0 0 1792 1792\" xmlns=\"http:\/\/www.w3.org\/2000\/svg\"><path d=\"M704 1536q0 52-38 90t-90 38-90-38-38-90 38-90 90-38 90 38 38 90zm896 0q0 52-38 90t-90 38-90-38-38-90 38-90 90-38 90 38 38 90zm128-1088v512q0 24-16.5 42.5t-40.5 21.5l-1044 122q13 60 13 70 0 16-24 64h920q26 0 45 19t19 45-19 45-45 19h-1024q-26 0-45-19t-19-45q0-11 8-31.5t16-36 21.5-40 15.5-29.5l-177-823h-204q-26 0-45-19t-19-45 19-45 45-19h256q16 0 28.5 6.5t19.5 15.5 13 24.5 8 26 5.5 29.5 4.5 26h1201q26 0 45 19t19 45z\" fill=\"rgba(255,255,255,1)\" \/><\/svg>');\r\n                background-size: cover;background-position: center center;background-repeat: no-repeat;\r\n            }\r\n            #pay-btn-2:hover { background-color: ; }\r\n            .thr-search-engine { width: 83%; }\r\n\r\n            @media screen and (max-width: 1024px) {\r\n                #pay-btn-2 { top: 52px; }\r\n                .thr-search-engine .thr-search-engine-main > .thr-btn-search { max-width: inherit !important; }\r\n            }\r\n            @media screen and (max-width: 990px) {\r\n                .thr-search-engine { width: 100%; }\r\n                #pay-btn-2 { position: relative;width: calc(100% - 20px);top: auto;margin-top: 0; }\r\n            }\r\n\r\n            thr-search-engine { border-right: 200px rgba(0,0,0,0) solid;display: block; }\r\n            @media screen and (max-width: 1024px) {\r\n                thr-search-engine { border-right: inherit;display: inherit; }\r\n            }\r\n            <\/style>\r\n            <\/div><\/section><!-- .formulaire-de-recherche-bar --><style>\r\n        #expand-thelis-formulaire { display: none; }\r\n        @media screen and (max-width: 1024px) {\r\n            #expand-thelis-formulaire { display: block; }\r\n            .formulaire-de-recherche-bar .container-form { display: none; }\r\n        }\r\n    <\/style><script>\r\n    jQuery(document).ready(function($){\r\n        jQuery('#expand-thelis-formulaire').click(function(){\r\n            if(\r\n                jQuery('.formulaire-de-recherche-bar .container-form').css('display') == 'none'\r\n            ){\r\n                jQuery('.formulaire-de-recherche-bar .container-form').css('display', 'block');\r\n                jQuery('#expand-thelis-formulaire').addClass('expanded');\r\n            }else{\r\n                jQuery('.formulaire-de-recherche-bar .container-form').css('display', 'none');\r\n                jQuery('#expand-thelis-formulaire').removeClass('expanded');\r\n            }\r\n        });\r\n    });\r\n    <\/script>\n<\/div>\n<\/div>\n<\/div>\n<\/div><\/div>\n\n<div class=\"wp-block-group alignfull page-intro simbol-top-right-2 is-layout-constrained wp-block-group-is-layout-constrained\">\n<div class=\"wp-block-columns is-layout-flex wp-container-core-columns-is-layout-28f84493 wp-block-columns-is-layout-flex\">\n<div class=\"wp-block-column is-layout-flow wp-block-column-is-layout-flow\">\n<h1 class=\"wp-block-heading has-text-align-center simbol-titre has-sub\">El Boulodrome: el coraz\u00f3n palpitante de la convivencia en el Ari\u00e8ge<\/h1>\n\n\n\n<div class=\"wp-block-media-text is-stacked-on-mobile\" style=\"grid-template-columns:30% auto\"><figure class=\"wp-block-media-text__media\"><img decoding=\"async\" width=\"2048\" height=\"1551\" data-src=\"https:\/\/axlesthermes.wellness-sport-camping.com\/wp-content\/uploads\/sunelia-malazeou-2018-0029-1-2048x1551.jpg\" alt=\"\" class=\"wp-image-5096 size-full lazyload\" data-srcset=\"https:\/\/axlesthermes.wellness-sport-camping.com\/wp-content\/uploads\/sunelia-malazeou-2018-0029-1-2048x1551.jpg 2048w, https:\/\/axlesthermes.wellness-sport-camping.com\/wp-content\/uploads\/sunelia-malazeou-2018-0029-1-1024x775.jpg 1024w, https:\/\/axlesthermes.wellness-sport-camping.com\/wp-content\/uploads\/sunelia-malazeou-2018-0029-1-768x582.jpg 768w, https:\/\/axlesthermes.wellness-sport-camping.com\/wp-content\/uploads\/sunelia-malazeou-2018-0029-1-1536x1163.jpg 1536w, https:\/\/axlesthermes.wellness-sport-camping.com\/wp-content\/uploads\/sunelia-malazeou-2018-0029-1-512x388.jpg 512w, https:\/\/axlesthermes.wellness-sport-camping.com\/wp-content\/uploads\/sunelia-malazeou-2018-0029-1-256x194.jpg 256w\" data-sizes=\"(max-width: 2048px) 100vw, 2048px\" src=\"data:image\/svg+xml;base64,PHN2ZyB3aWR0aD0iMSIgaGVpZ2h0PSIxIiB4bWxucz0iaHR0cDovL3d3dy53My5vcmcvMjAwMC9zdmciPjwvc3ZnPg==\" style=\"--smush-placeholder-width: 2048px; --smush-placeholder-aspect-ratio: 2048\/1551;\" \/><\/figure><div class=\"wp-block-media-text__content\">\n<p>\u00bfQu\u00e9 ser\u00eda de unas vacaciones en un camping sin una partida de petanca? En Le Malaz\u00e9ou, nuestra pista de petanca es mucho m\u00e1s que un simple campo de juego: es el punto de encuentro imprescindible para compartir un momento de relax frente a las monta\u00f1as, a la sombra de los \u00e1rboles de nuestro parque de 6 hect\u00e1reas. <\/p>\n\n\n\n<h4 class=\"wp-block-heading\"><strong>Una actividad en grupo incluida en tu estancia<\/strong><\/h4>\n\n\n\n<p>El acceso a la pista de petanca es totalmente libre y gratuito para todos nuestros hu\u00e9spedes. Es el lugar ideal para reunirse al final del d\u00eda: <\/p>\n\n\n\n<ul class=\"wp-block-list\">\n<li>Torneos amistosos: Este verano, participa en nuestros torneos para poner a prueba tu destreza en un ambiente festivo y distendido.<\/li>\n\n\n\n<li>Juegos en familia o con amigos: Ni\u00f1os, padres y abuelos se re\u00fanen para participar en retos en los que lo importante es divertirse, m\u00e1s que la puntuaci\u00f3n.<\/li>\n\n\n\n<li>Esp\u00edritu de compartir: Aprovecha la cercan\u00eda del restaurante L&#8217;Annexe para disfrutar de una bebida local entre partida y partida.<\/li>\n<\/ul>\n\n\n\n<h4 class=\"wp-block-heading\"><strong>\u00bfPor qu\u00e9 disfrutar de la pista de petanca de Malaz\u00e9ou?<\/strong><\/h4>\n\n\n\n<ul class=\"wp-block-list\">\n<li>Un entorno excepcional: juega a orillas del r\u00edo Ari\u00e8ge, con las cumbres de los Pirineos como tel\u00f3n de fondo.<\/li>\n\n\n\n<li>Material disponible: \u00bfSe te han olvidado las bolas? No te preocupes, te las podemos prestar en la recepci\u00f3n del camping. <\/li>\n\n\n\n<li>Sin estr\u00e9s: una actividad que puedes practicar en cualquier momento del d\u00eda para desconectar despu\u00e9s de una excursi\u00f3n o una sesi\u00f3n de yoga.<\/li>\n<\/ul>\n\n\n\n<p>El consejo del equipo: Ac\u00e9rcate a la pista de petanca a la hora del aperitivo. \u00a1Es el mejor momento para conocer a otros turistas e intercambiar consejos sobre vuestras vacaciones! <\/p>\n<\/div><\/div>\n<\/div>\n<\/div>\n<\/div>\n\n<div class=\"wp-block-group alignfull is-layout-constrained wp-block-group-is-layout-constrained\" style=\"margin-top:0px;margin-bottom:0px\"><\/div>\n\n<div class=\"wp-block-group alignfull savoir-single simbol-top-right r bg-bottom-right is-layout-constrained wp-block-group-is-layout-constrained\" style=\"margin-top:0px;margin-bottom:0px\">\n<div class=\"wp-block-columns is-layout-flex wp-container-core-columns-is-layout-28f84493 wp-block-columns-is-layout-flex\"><\/div>\n<\/div>\n","protected":false},"excerpt":{"rendered":"<p>\u00bfQu\u00e9 ser\u00eda de unas vacaciones en un camping sin una partida de petanca? En Le Malaz\u00e9ou, nuestra pista de petanca es mucho m\u00e1s que un simple lugar de juego: es el punto de encuentro imprescindible para compartir un momento de relax frente a las monta\u00f1as, a la sombra de los \u00e1rboles <\/p>\n","protected":false},"author":4,"featured_media":0,"parent":2200,"menu_order":5,"comment_status":"closed","ping_status":"closed","template":"","meta":{"_acf_changed":false,"inline_featured_image":false,"footnotes":""},"class_list":["post-5331","page","type-page","status-publish","hentry"],"acf":[],"yoast_head":"<!-- This site is optimized with the Yoast SEO plugin v27.1.1 - https:\/\/yoast.com\/product\/yoast-seo-wordpress\/ -->\n<title>Actividades durante su estancia en el Camping Le Malaz\u00e9ou | Disfrute de una gran variedad de actividades<\/title>\n<meta name=\"description\" content=\"Descubra las emocionantes actividades que se ofrecen durante su estancia en el Camping Le Malaz\u00e9ou, en un entorno natural excepcional en Ari\u00e8ge.\" \/>\n<meta name=\"robots\" content=\"index, follow, max-snippet:-1, max-image-preview:large, max-video-preview:-1\" \/>\n<link rel=\"canonical\" href=\"https:\/\/axlesthermes.wellness-sport-camping.com\/es\/su-estancia\/el-boulodrome\/\" \/>\n<meta property=\"og:locale\" content=\"es_ES\" \/>\n<meta property=\"og:type\" content=\"article\" \/>\n<meta property=\"og:title\" content=\"Actividades durante su estancia en el Camping Le Malaz\u00e9ou | Disfrute de una gran variedad de actividades\" \/>\n<meta property=\"og:description\" content=\"Descubra las emocionantes actividades que se ofrecen durante su estancia en el Camping Le Malaz\u00e9ou, en un entorno natural excepcional en Ari\u00e8ge.\" \/>\n<meta property=\"og:url\" content=\"https:\/\/axlesthermes.wellness-sport-camping.com\/es\/su-estancia\/el-boulodrome\/\" \/>\n<meta property=\"og:site_name\" content=\"Camping Malaz\u00e9ou\" \/>\n<meta property=\"article:modified_time\" content=\"2026-04-01T16:06:37+00:00\" \/>\n<meta property=\"og:image\" content=\"https:\/\/axlesthermes.wellness-sport-camping.com\/wp-content\/uploads\/sunelia-malazeou-2018-0028-scaled.jpg\" \/>\n\t<meta property=\"og:image:width\" content=\"2560\" \/>\n\t<meta property=\"og:image:height\" content=\"1707\" \/>\n\t<meta property=\"og:image:type\" content=\"image\/jpeg\" \/>\n<meta name=\"twitter:card\" content=\"summary_large_image\" \/>\n<meta name=\"twitter:label1\" content=\"Tiempo de lectura\" \/>\n\t<meta name=\"twitter:data1\" content=\"2 minutos\" \/>\n<script type=\"application\/ld+json\" class=\"yoast-schema-graph\">{\"@context\":\"https:\/\/schema.org\",\"@graph\":[{\"@type\":\"WebPage\",\"@id\":\"https:\/\/axlesthermes.wellness-sport-camping.com\/es\/su-estancia\/el-boulodrome\/\",\"url\":\"https:\/\/axlesthermes.wellness-sport-camping.com\/es\/su-estancia\/el-boulodrome\/\",\"name\":\"Actividades durante su estancia en el Camping Le Malaz\u00e9ou | Disfrute de una gran variedad de actividades\",\"isPartOf\":{\"@id\":\"https:\/\/axlesthermes.wellness-sport-camping.com\/es\/#website\"},\"primaryImageOfPage\":{\"@id\":\"https:\/\/axlesthermes.wellness-sport-camping.com\/es\/su-estancia\/el-boulodrome\/#primaryimage\"},\"image\":{\"@id\":\"https:\/\/axlesthermes.wellness-sport-camping.com\/es\/su-estancia\/el-boulodrome\/#primaryimage\"},\"thumbnailUrl\":\"https:\/\/axlesthermes.wellness-sport-camping.com\/wp-content\/uploads\/sunelia-malazeou-2018-0028-2048x1365.jpg\",\"datePublished\":\"2026-02-27T13:34:39+00:00\",\"dateModified\":\"2026-04-01T16:06:37+00:00\",\"description\":\"Descubra las emocionantes actividades que se ofrecen durante su estancia en el Camping Le Malaz\u00e9ou, en un entorno natural excepcional en Ari\u00e8ge.\",\"breadcrumb\":{\"@id\":\"https:\/\/axlesthermes.wellness-sport-camping.com\/es\/su-estancia\/el-boulodrome\/#breadcrumb\"},\"inLanguage\":\"es\",\"potentialAction\":[{\"@type\":\"ReadAction\",\"target\":[\"https:\/\/axlesthermes.wellness-sport-camping.com\/es\/su-estancia\/el-boulodrome\/\"]}]},{\"@type\":\"ImageObject\",\"inLanguage\":\"es\",\"@id\":\"https:\/\/axlesthermes.wellness-sport-camping.com\/es\/su-estancia\/el-boulodrome\/#primaryimage\",\"url\":\"https:\/\/axlesthermes.wellness-sport-camping.com\/wp-content\/uploads\/sunelia-malazeou-2018-0028-2048x1365.jpg\",\"contentUrl\":\"https:\/\/axlesthermes.wellness-sport-camping.com\/wp-content\/uploads\/sunelia-malazeou-2018-0028-2048x1365.jpg\"},{\"@type\":\"BreadcrumbList\",\"@id\":\"https:\/\/axlesthermes.wellness-sport-camping.com\/es\/su-estancia\/el-boulodrome\/#breadcrumb\",\"itemListElement\":[{\"@type\":\"ListItem\",\"position\":1,\"name\":\"Inicio\",\"item\":\"https:\/\/axlesthermes.wellness-sport-camping.com\/es\/\"},{\"@type\":\"ListItem\",\"position\":2,\"name\":\"Su estancia\",\"item\":\"https:\/\/axlesthermes.wellness-sport-camping.com\/es\/su-estancia\/\"},{\"@type\":\"ListItem\",\"position\":3,\"name\":\"El Boulodrome\"}]},{\"@type\":\"WebSite\",\"@id\":\"https:\/\/axlesthermes.wellness-sport-camping.com\/es\/#website\",\"url\":\"https:\/\/axlesthermes.wellness-sport-camping.com\/es\/\",\"name\":\"Camping Malaz\u00e9ou\",\"description\":\"borde la rivi\u00e8re Ari\u00e8ge\",\"publisher\":{\"@id\":\"https:\/\/axlesthermes.wellness-sport-camping.com\/es\/#organization\"},\"potentialAction\":[{\"@type\":\"SearchAction\",\"target\":{\"@type\":\"EntryPoint\",\"urlTemplate\":\"https:\/\/axlesthermes.wellness-sport-camping.com\/es\/?s={search_term_string}\"},\"query-input\":{\"@type\":\"PropertyValueSpecification\",\"valueRequired\":true,\"valueName\":\"search_term_string\"}}],\"inLanguage\":\"es\"},{\"@type\":\"Organization\",\"@id\":\"https:\/\/axlesthermes.wellness-sport-camping.com\/es\/#organization\",\"name\":\"Camping Malaz\u00e9ou\",\"url\":\"https:\/\/axlesthermes.wellness-sport-camping.com\/es\/\",\"logo\":{\"@type\":\"ImageObject\",\"inLanguage\":\"es\",\"@id\":\"https:\/\/axlesthermes.wellness-sport-camping.com\/es\/#\/schema\/logo\/image\/\",\"url\":\"https:\/\/axlesthermes.wellness-sport-camping.com\/wp-content\/uploads\/logo-penne-blanche.png\",\"contentUrl\":\"https:\/\/axlesthermes.wellness-sport-camping.com\/wp-content\/uploads\/logo-penne-blanche.png\",\"width\":260,\"height\":137,\"caption\":\"Camping Malaz\u00e9ou\"},\"image\":{\"@id\":\"https:\/\/axlesthermes.wellness-sport-camping.com\/es\/#\/schema\/logo\/image\/\"}}]}<\/script>\n<!-- \/ Yoast SEO plugin. -->","yoast_head_json":{"title":"Actividades durante su estancia en el Camping Le Malaz\u00e9ou | Disfrute de una gran variedad de actividades","description":"Descubra las emocionantes actividades que se ofrecen durante su estancia en el Camping Le Malaz\u00e9ou, en un entorno natural excepcional en Ari\u00e8ge.","robots":{"index":"index","follow":"follow","max-snippet":"max-snippet:-1","max-image-preview":"max-image-preview:large","max-video-preview":"max-video-preview:-1"},"canonical":"https:\/\/axlesthermes.wellness-sport-camping.com\/es\/su-estancia\/el-boulodrome\/","og_locale":"es_ES","og_type":"article","og_title":"Actividades durante su estancia en el Camping Le Malaz\u00e9ou | Disfrute de una gran variedad de actividades","og_description":"Descubra las emocionantes actividades que se ofrecen durante su estancia en el Camping Le Malaz\u00e9ou, en un entorno natural excepcional en Ari\u00e8ge.","og_url":"https:\/\/axlesthermes.wellness-sport-camping.com\/es\/su-estancia\/el-boulodrome\/","og_site_name":"Camping Malaz\u00e9ou","article_modified_time":"2026-04-01T16:06:37+00:00","og_image":[{"width":2560,"height":1707,"url":"https:\/\/axlesthermes.wellness-sport-camping.com\/wp-content\/uploads\/sunelia-malazeou-2018-0028-scaled.jpg","type":"image\/jpeg"}],"twitter_card":"summary_large_image","twitter_misc":{"Tiempo de lectura":"2 minutos"},"schema":{"@context":"https:\/\/schema.org","@graph":[{"@type":"WebPage","@id":"https:\/\/axlesthermes.wellness-sport-camping.com\/es\/su-estancia\/el-boulodrome\/","url":"https:\/\/axlesthermes.wellness-sport-camping.com\/es\/su-estancia\/el-boulodrome\/","name":"Actividades durante su estancia en el Camping Le Malaz\u00e9ou | Disfrute de una gran variedad de actividades","isPartOf":{"@id":"https:\/\/axlesthermes.wellness-sport-camping.com\/es\/#website"},"primaryImageOfPage":{"@id":"https:\/\/axlesthermes.wellness-sport-camping.com\/es\/su-estancia\/el-boulodrome\/#primaryimage"},"image":{"@id":"https:\/\/axlesthermes.wellness-sport-camping.com\/es\/su-estancia\/el-boulodrome\/#primaryimage"},"thumbnailUrl":"https:\/\/axlesthermes.wellness-sport-camping.com\/wp-content\/uploads\/sunelia-malazeou-2018-0028-2048x1365.jpg","datePublished":"2026-02-27T13:34:39+00:00","dateModified":"2026-04-01T16:06:37+00:00","description":"Descubra las emocionantes actividades que se ofrecen durante su estancia en el Camping Le Malaz\u00e9ou, en un entorno natural excepcional en Ari\u00e8ge.","breadcrumb":{"@id":"https:\/\/axlesthermes.wellness-sport-camping.com\/es\/su-estancia\/el-boulodrome\/#breadcrumb"},"inLanguage":"es","potentialAction":[{"@type":"ReadAction","target":["https:\/\/axlesthermes.wellness-sport-camping.com\/es\/su-estancia\/el-boulodrome\/"]}]},{"@type":"ImageObject","inLanguage":"es","@id":"https:\/\/axlesthermes.wellness-sport-camping.com\/es\/su-estancia\/el-boulodrome\/#primaryimage","url":"https:\/\/axlesthermes.wellness-sport-camping.com\/wp-content\/uploads\/sunelia-malazeou-2018-0028-2048x1365.jpg","contentUrl":"https:\/\/axlesthermes.wellness-sport-camping.com\/wp-content\/uploads\/sunelia-malazeou-2018-0028-2048x1365.jpg"},{"@type":"BreadcrumbList","@id":"https:\/\/axlesthermes.wellness-sport-camping.com\/es\/su-estancia\/el-boulodrome\/#breadcrumb","itemListElement":[{"@type":"ListItem","position":1,"name":"Inicio","item":"https:\/\/axlesthermes.wellness-sport-camping.com\/es\/"},{"@type":"ListItem","position":2,"name":"Su estancia","item":"https:\/\/axlesthermes.wellness-sport-camping.com\/es\/su-estancia\/"},{"@type":"ListItem","position":3,"name":"El Boulodrome"}]},{"@type":"WebSite","@id":"https:\/\/axlesthermes.wellness-sport-camping.com\/es\/#website","url":"https:\/\/axlesthermes.wellness-sport-camping.com\/es\/","name":"Camping Malaz\u00e9ou","description":"borde la rivi\u00e8re Ari\u00e8ge","publisher":{"@id":"https:\/\/axlesthermes.wellness-sport-camping.com\/es\/#organization"},"potentialAction":[{"@type":"SearchAction","target":{"@type":"EntryPoint","urlTemplate":"https:\/\/axlesthermes.wellness-sport-camping.com\/es\/?s={search_term_string}"},"query-input":{"@type":"PropertyValueSpecification","valueRequired":true,"valueName":"search_term_string"}}],"inLanguage":"es"},{"@type":"Organization","@id":"https:\/\/axlesthermes.wellness-sport-camping.com\/es\/#organization","name":"Camping Malaz\u00e9ou","url":"https:\/\/axlesthermes.wellness-sport-camping.com\/es\/","logo":{"@type":"ImageObject","inLanguage":"es","@id":"https:\/\/axlesthermes.wellness-sport-camping.com\/es\/#\/schema\/logo\/image\/","url":"https:\/\/axlesthermes.wellness-sport-camping.com\/wp-content\/uploads\/logo-penne-blanche.png","contentUrl":"https:\/\/axlesthermes.wellness-sport-camping.com\/wp-content\/uploads\/logo-penne-blanche.png","width":260,"height":137,"caption":"Camping Malaz\u00e9ou"},"image":{"@id":"https:\/\/axlesthermes.wellness-sport-camping.com\/es\/#\/schema\/logo\/image\/"}}]}},"_links":{"self":[{"href":"https:\/\/axlesthermes.wellness-sport-camping.com\/es\/wp-json\/wp\/v2\/pages\/5331","targetHints":{"allow":["GET"]}}],"collection":[{"href":"https:\/\/axlesthermes.wellness-sport-camping.com\/es\/wp-json\/wp\/v2\/pages"}],"about":[{"href":"https:\/\/axlesthermes.wellness-sport-camping.com\/es\/wp-json\/wp\/v2\/types\/page"}],"author":[{"embeddable":true,"href":"https:\/\/axlesthermes.wellness-sport-camping.com\/es\/wp-json\/wp\/v2\/users\/4"}],"replies":[{"embeddable":true,"href":"https:\/\/axlesthermes.wellness-sport-camping.com\/es\/wp-json\/wp\/v2\/comments?post=5331"}],"version-history":[{"count":1,"href":"https:\/\/axlesthermes.wellness-sport-camping.com\/es\/wp-json\/wp\/v2\/pages\/5331\/revisions"}],"predecessor-version":[{"id":5332,"href":"https:\/\/axlesthermes.wellness-sport-camping.com\/es\/wp-json\/wp\/v2\/pages\/5331\/revisions\/5332"}],"up":[{"embeddable":true,"href":"https:\/\/axlesthermes.wellness-sport-camping.com\/es\/wp-json\/wp\/v2\/pages\/2200"}],"wp:attachment":[{"href":"https:\/\/axlesthermes.wellness-sport-camping.com\/es\/wp-json\/wp\/v2\/media?parent=5331"}],"curies":[{"name":"wp","href":"https:\/\/api.w.org\/{rel}","templated":true}]}}