{"id":5315,"date":"2026-02-26T18:53:05","date_gmt":"2026-02-26T17:53:05","guid":{"rendered":"https:\/\/axlesthermes.wellness-sport-camping.com\/su-estancia\/tiro-con-arco-disfruta-del-aire-libre-en-pleno-camping\/"},"modified":"2026-04-01T16:04:12","modified_gmt":"2026-04-01T14:04:12","slug":"tiro-con-arco-disfruta-del-aire-libre-en-pleno-camping","status":"publish","type":"page","link":"https:\/\/axlesthermes.wellness-sport-camping.com\/es\/su-estancia\/tiro-con-arco-disfruta-del-aire-libre-en-pleno-camping\/","title":{"rendered":"Tiro con arco: disfruta del aire libre en pleno camping"},"content":{"rendered":"\n<div class=\"wp-block-cover alignfull header-top simbol-top-left\" style=\"margin-top:0px;margin-bottom:0px;padding-top:0;padding-right:0;padding-bottom:0px;padding-left:0;min-height:95vh;aspect-ratio:unset;\"><img decoding=\"async\" width=\"2048\" height=\"1150\" class=\"wp-block-cover__image-background wp-image-5087 size-full lazyload\" alt=\"\" data-src=\"https:\/\/axlesthermes.wellness-sport-camping.com\/wp-content\/uploads\/photo-2025-07-12-11-06-40.jpg\" data-object-fit=\"cover\" data-srcset=\"https:\/\/axlesthermes.wellness-sport-camping.com\/wp-content\/uploads\/photo-2025-07-12-11-06-40.jpg 2048w, https:\/\/axlesthermes.wellness-sport-camping.com\/wp-content\/uploads\/photo-2025-07-12-11-06-40-1024x575.jpg 1024w, https:\/\/axlesthermes.wellness-sport-camping.com\/wp-content\/uploads\/photo-2025-07-12-11-06-40-768x431.jpg 768w, https:\/\/axlesthermes.wellness-sport-camping.com\/wp-content\/uploads\/photo-2025-07-12-11-06-40-1536x863.jpg 1536w, https:\/\/axlesthermes.wellness-sport-camping.com\/wp-content\/uploads\/photo-2025-07-12-11-06-40-512x288.jpg 512w, https:\/\/axlesthermes.wellness-sport-camping.com\/wp-content\/uploads\/photo-2025-07-12-11-06-40-256x144.jpg 256w\" data-sizes=\"(max-width: 2048px) 100vw, 2048px\" src=\"data:image\/svg+xml;base64,PHN2ZyB3aWR0aD0iMSIgaGVpZ2h0PSIxIiB4bWxucz0iaHR0cDovL3d3dy53My5vcmcvMjAwMC9zdmciPjwvc3ZnPg==\" style=\"--smush-placeholder-width: 2048px; --smush-placeholder-aspect-ratio: 2048\/1150;\" \/><span aria-hidden=\"true\" class=\"wp-block-cover__background has-background-dim-10 has-background-dim\" style=\"background-color:#897563\"><\/span><div class=\"wp-block-cover__inner-container is-layout-flow wp-block-cover-is-layout-flow\">\n<div class=\"wp-block-group titre-top animation--init--once animation--top is-layout-constrained wp-block-group-is-layout-constrained\" style=\"padding-bottom:0px\">\n<p class=\"has-text-align-center has-theme-white-color has-text-color has-damion-font-family has-h-1-font-size\">Tiro con arco<\/p>\n\n\n\n<p class=\"has-text-align-center has-theme-white-color has-text-color\"><\/p>\n<\/div>\n\n\n\n<div class=\"wp-block-group breadcrumbs-top is-layout-constrained wp-block-group-is-layout-constrained\" style=\"margin-top:10px;margin-bottom:0px\">\n<span><span><a href=\"https:\/\/axlesthermes.wellness-sport-camping.com\/es\/\">Inicio<\/a><\/span><\/span>\n<\/div>\n\n\n\n<div class=\"wp-block-group alignfull motor-thelis has-theme-brown-2-background-color has-background is-layout-constrained wp-container-core-group-is-layout-e129b69f wp-block-group-is-layout-constrained\" style=\"padding-top:0px;padding-right:0px;padding-bottom:0px;padding-left:0px\">\n<div class=\"wp-block-columns is-layout-flex wp-container-core-columns-is-layout-28f84493 wp-block-columns-is-layout-flex\">\n<div class=\"wp-block-column is-layout-flow wp-block-column-is-layout-flow\" style=\"flex-basis:100%\">\n<section class=\"formulaire-de-recherche-bar\">\r\n            <div id=\"expand-thelis-formulaire\">Reservar<\/div>\r\n            <div class=\"container-form\"><thr-search-engine><\/thr-search-engine><a id=\"pay-btn-2\" onclick=\"window.open('https:\/\/thelisresa.webcamp.fr\/cart-directPayment.php?camping=malazeou&amp;lang=es');\"><i><\/i>Pagar estancia<\/a>\r\n            <style>\r\n            \r\n            .thr-search-engine .thr-search-engine-main > .thr-btn-search { max-width: 20% !important; }\r\n            .thr .btn i { margin-right: 0 !important; }\r\n            #pay-btn-2 { \r\n                position: absolute;\r\n                right: 0;top: 0;\r\n                margin: 10px;\r\n                border: 0;\r\n                background-color: ;\r\n                color: ;\r\n                cursor: pointer;\r\n                width: calc(17% - 5px);\r\n                padding: 17px 0;\r\n                font-size: 18px;\r\n                font-weight: bold;\r\n                text-transform: auto;\r\n                transition: all .35s;\r\n                display: flex;justify-content: center;\r\n                align-items: center;\r\n            }\r\n            #pay-btn-2 i {\r\n                display: inline-flex;\r\n                width:18px;height:18px;\r\n                margin-right: 5px;\r\n                background-image: url('data:image\/svg+xml;utf8,<?xml version=\"1.0\" encoding=\"utf-8\"?><svg width=\"1792\" height=\"1792\" viewBox=\"0 0 1792 1792\" xmlns=\"http:\/\/www.w3.org\/2000\/svg\"><path d=\"M704 1536q0 52-38 90t-90 38-90-38-38-90 38-90 90-38 90 38 38 90zm896 0q0 52-38 90t-90 38-90-38-38-90 38-90 90-38 90 38 38 90zm128-1088v512q0 24-16.5 42.5t-40.5 21.5l-1044 122q13 60 13 70 0 16-24 64h920q26 0 45 19t19 45-19 45-45 19h-1024q-26 0-45-19t-19-45q0-11 8-31.5t16-36 21.5-40 15.5-29.5l-177-823h-204q-26 0-45-19t-19-45 19-45 45-19h256q16 0 28.5 6.5t19.5 15.5 13 24.5 8 26 5.5 29.5 4.5 26h1201q26 0 45 19t19 45z\" fill=\"rgba(255,255,255,1)\" \/><\/svg>');\r\n                background-size: cover;background-position: center center;background-repeat: no-repeat;\r\n            }\r\n            #pay-btn-2:hover { background-color: ; }\r\n            .thr-search-engine { width: 83%; }\r\n\r\n            @media screen and (max-width: 1024px) {\r\n                #pay-btn-2 { top: 52px; }\r\n                .thr-search-engine .thr-search-engine-main > .thr-btn-search { max-width: inherit !important; }\r\n            }\r\n            @media screen and (max-width: 990px) {\r\n                .thr-search-engine { width: 100%; }\r\n                #pay-btn-2 { position: relative;width: calc(100% - 20px);top: auto;margin-top: 0; }\r\n            }\r\n\r\n            thr-search-engine { border-right: 200px rgba(0,0,0,0) solid;display: block; }\r\n            @media screen and (max-width: 1024px) {\r\n                thr-search-engine { border-right: inherit;display: inherit; }\r\n            }\r\n            <\/style>\r\n            <\/div><\/section><!-- .formulaire-de-recherche-bar --><style>\r\n        #expand-thelis-formulaire { display: none; }\r\n        @media screen and (max-width: 1024px) {\r\n            #expand-thelis-formulaire { display: block; }\r\n            .formulaire-de-recherche-bar .container-form { display: none; }\r\n        }\r\n    <\/style><script>\r\n    jQuery(document).ready(function($){\r\n        jQuery('#expand-thelis-formulaire').click(function(){\r\n            if(\r\n                jQuery('.formulaire-de-recherche-bar .container-form').css('display') == 'none'\r\n            ){\r\n                jQuery('.formulaire-de-recherche-bar .container-form').css('display', 'block');\r\n                jQuery('#expand-thelis-formulaire').addClass('expanded');\r\n            }else{\r\n                jQuery('.formulaire-de-recherche-bar .container-form').css('display', 'none');\r\n                jQuery('#expand-thelis-formulaire').removeClass('expanded');\r\n            }\r\n        });\r\n    });\r\n    <\/script>\n<\/div>\n<\/div>\n<\/div>\n<\/div><\/div>\n\n<div class=\"wp-block-group alignfull page-intro simbol-top-right-2 is-layout-constrained wp-block-group-is-layout-constrained\">\n<div class=\"wp-block-columns is-layout-flex wp-container-core-columns-is-layout-28f84493 wp-block-columns-is-layout-flex\">\n<div class=\"wp-block-column is-layout-flow wp-block-column-is-layout-flow\">\n<h1 class=\"wp-block-heading has-text-align-center simbol-titre has-sub\">Tiro con arco: disfruta del aire libre en pleno camping durante las vacaciones escolares<\/h1>\n\n\n\n<p class=\"has-text-align-center\">\u00bfTe apetece poner a prueba tu destreza o descubrir una nueva disciplina durante tus vacaciones? El Malaz\u00e9ou cuenta con su propio campo de tiro con arco, un espacio seguro y arbolado dedicado a la precisi\u00f3n y al ocio.<sub><br\/><\/sub><\/p>\n\n\n\n<div class=\"wp-block-media-text is-stacked-on-mobile\" style=\"grid-template-columns:30% auto\"><figure class=\"wp-block-media-text__media\"><img decoding=\"async\" width=\"1500\" height=\"2000\" data-src=\"https:\/\/axlesthermes.wellness-sport-camping.com\/wp-content\/uploads\/photo-2025-07-12-11-06-42-2.jpg\" alt=\"\" class=\"wp-image-5090 size-full lazyload\" data-srcset=\"https:\/\/axlesthermes.wellness-sport-camping.com\/wp-content\/uploads\/photo-2025-07-12-11-06-42-2.jpg 1500w, https:\/\/axlesthermes.wellness-sport-camping.com\/wp-content\/uploads\/photo-2025-07-12-11-06-42-2-768x1024.jpg 768w, https:\/\/axlesthermes.wellness-sport-camping.com\/wp-content\/uploads\/photo-2025-07-12-11-06-42-2-1152x1536.jpg 1152w, https:\/\/axlesthermes.wellness-sport-camping.com\/wp-content\/uploads\/photo-2025-07-12-11-06-42-2-384x512.jpg 384w, https:\/\/axlesthermes.wellness-sport-camping.com\/wp-content\/uploads\/photo-2025-07-12-11-06-42-2-192x256.jpg 192w\" data-sizes=\"(max-width: 1500px) 100vw, 1500px\" src=\"data:image\/svg+xml;base64,PHN2ZyB3aWR0aD0iMSIgaGVpZ2h0PSIxIiB4bWxucz0iaHR0cDovL3d3dy53My5vcmcvMjAwMC9zdmciPjwvc3ZnPg==\" style=\"--smush-placeholder-width: 1500px; --smush-placeholder-aspect-ratio: 1500\/2000;\" \/><\/figure><div class=\"wp-block-media-text__content\">\n<h4 class=\"wp-block-heading has-theme-yellow-color has-text-color has-link-color wp-elements-6e4235b32686014d16bacc1a81d84f06\">Una actividad totalmente incluida en tu estancia<\/h4>\n\n\n\n<p>En Malaz\u00e9ou, cultivamos el esp\u00edritu de compartir. Por eso, durante las vacaciones de verano, nuestras sesiones de tiro con arco est\u00e1n totalmente incluidas en el precio de tu estancia. Disfr\u00fatalo sin l\u00edmites y sin coste adicional:<\/p>\n\n\n\n<ul class=\"wp-block-list\">\n<li>Sesiones para ni\u00f1os: Para aprender a concentrarse y a controlarse mientras se divierten.<\/li>\n\n\n\n<li>Sesiones para adultos: Para afrontar el reto y perfeccionar la t\u00e9cnica en un entorno relajante.<\/li>\n<\/ul>\n\n\n\n<p>Retos en familia: comparte un momento divertido y de complicidad. \u00bfQui\u00e9n de la tribu se llevar\u00e1 la flecha de oro?<\/p>\n\n\n\n<h4 class=\"wp-block-heading has-theme-yellow-color has-text-color has-link-color wp-elements-b11ea2ffd50dfdb7cd072de8fb686fb1\">\u00bfPor qu\u00e9 probar el tiro con arco en Malaz\u00e9ou?<\/h4>\n\n\n\n<ul class=\"wp-block-list\">\n<li>Sin complicaciones: la plataforma de lanzamiento se encuentra justo all\u00ed mismo, dentro del recinto del camping.<\/li>\n\n\n\n<li>Material proporcionado: durante las sesiones supervisadas se ponen a su disposici\u00f3n arcos, flechas y protecciones de forma gratuita.<\/li>\n\n\n\n<li>Esprit Wellness Sport: una actividad ideal para combinar la concentraci\u00f3n mental con el aire libre, que complementa a la perfecci\u00f3n tus salidas a la monta\u00f1a.<\/li>\n<\/ul>\n\n\n\n<p><strong>\u00bfSab\u00edas que&#8230;?<\/strong> El tiro con arco es una de las actividades favoritas de nuestros hu\u00e9spedes para despejar la mente y disfrutar de la tranquilidad del parque de 6 hect\u00e1reas tras un d\u00eda lleno de emociones.<\/p>\n<\/div><\/div>\n<\/div>\n<\/div>\n<\/div>\n\n<div class=\"wp-block-group alignfull is-layout-constrained wp-block-group-is-layout-constrained\" style=\"margin-top:0px;margin-bottom:0px\">\n<div class=\"wp-block-cover alignfull has-parallax\" style=\"min-height:500px;aspect-ratio:unset;\"><div class=\"wp-block-cover__image-background wp-image-5091 size-full has-parallax lazyload\" style=\"background-position:50% 50%;background-image:inherit\" data-bg-image=\"url(https:\/\/axlesthermes.wellness-sport-camping.com\/wp-content\/uploads\/photo-2025-07-12-11-06-41-1.jpg)\"><\/div><span aria-hidden=\"true\" class=\"wp-block-cover__background has-background-dim-0 has-background-dim\" style=\"background-color:#7e7459\"><\/span><div class=\"wp-block-cover__inner-container is-layout-flow wp-block-cover-is-layout-flow\">\n<p class=\"has-text-align-center has-large-font-size\"><\/p>\n<\/div><\/div>\n<\/div>\n\n<div class=\"wp-block-group alignfull savoir-single simbol-top-right r bg-bottom-right is-layout-constrained wp-block-group-is-layout-constrained\" style=\"margin-top:0px;margin-bottom:0px\">\n<div class=\"wp-block-columns is-layout-flex wp-container-core-columns-is-layout-28f84493 wp-block-columns-is-layout-flex\"><\/div>\n<\/div>\n","protected":false},"excerpt":{"rendered":"<p>\u00bfTe apetece poner a prueba tu destreza o descubrir una nueva disciplina durante tus vacaciones? Le Malaz\u00e9ou cuenta con su propio campo de tiro con arco, un espacio seguro y arbolado dedicado a la precisi\u00f3n y al ocio. \u00a1Una actividad totalmente incluida en tu estancia! <\/p>\n","protected":false},"author":4,"featured_media":0,"parent":2200,"menu_order":4,"comment_status":"closed","ping_status":"closed","template":"","meta":{"_acf_changed":false,"inline_featured_image":false,"footnotes":""},"class_list":["post-5315","page","type-page","status-publish","hentry"],"acf":[],"yoast_head":"<!-- This site is optimized with the Yoast SEO plugin v27.1.1 - https:\/\/yoast.com\/product\/yoast-seo-wordpress\/ -->\n<title>Actividades durante su estancia en el Camping Le Malaz\u00e9ou | Disfrute de una gran variedad de actividades<\/title>\n<meta name=\"description\" content=\"Descubra las emocionantes actividades que se ofrecen durante su estancia en el Camping Le Malaz\u00e9ou, en un entorno natural excepcional en Ari\u00e8ge.\" \/>\n<meta name=\"robots\" content=\"index, follow, max-snippet:-1, max-image-preview:large, max-video-preview:-1\" \/>\n<link rel=\"canonical\" href=\"https:\/\/axlesthermes.wellness-sport-camping.com\/es\/su-estancia\/tiro-con-arco-disfruta-del-aire-libre-en-pleno-camping\/\" \/>\n<meta property=\"og:locale\" content=\"es_ES\" \/>\n<meta property=\"og:type\" content=\"article\" \/>\n<meta property=\"og:title\" content=\"Actividades durante su estancia en el Camping Le Malaz\u00e9ou | Disfrute de una gran variedad de actividades\" \/>\n<meta property=\"og:description\" content=\"Descubra las emocionantes actividades que se ofrecen durante su estancia en el Camping Le Malaz\u00e9ou, en un entorno natural excepcional en Ari\u00e8ge.\" \/>\n<meta property=\"og:url\" content=\"https:\/\/axlesthermes.wellness-sport-camping.com\/es\/su-estancia\/tiro-con-arco-disfruta-del-aire-libre-en-pleno-camping\/\" \/>\n<meta property=\"og:site_name\" content=\"Camping Malaz\u00e9ou\" \/>\n<meta property=\"article:modified_time\" content=\"2026-04-01T14:04:12+00:00\" \/>\n<meta property=\"og:image\" content=\"https:\/\/axlesthermes.wellness-sport-camping.com\/wp-content\/uploads\/photo-2025-07-12-11-06-40.jpg\" \/>\n\t<meta property=\"og:image:width\" content=\"2048\" \/>\n\t<meta property=\"og:image:height\" content=\"1150\" \/>\n\t<meta property=\"og:image:type\" content=\"image\/jpeg\" \/>\n<meta name=\"twitter:card\" content=\"summary_large_image\" \/>\n<meta name=\"twitter:label1\" content=\"Tiempo de lectura\" \/>\n\t<meta name=\"twitter:data1\" content=\"1 minuto\" \/>\n<script type=\"application\/ld+json\" class=\"yoast-schema-graph\">{\"@context\":\"https:\/\/schema.org\",\"@graph\":[{\"@type\":\"WebPage\",\"@id\":\"https:\/\/axlesthermes.wellness-sport-camping.com\/es\/su-estancia\/tiro-con-arco-disfruta-del-aire-libre-en-pleno-camping\/\",\"url\":\"https:\/\/axlesthermes.wellness-sport-camping.com\/es\/su-estancia\/tiro-con-arco-disfruta-del-aire-libre-en-pleno-camping\/\",\"name\":\"Actividades durante su estancia en el Camping Le Malaz\u00e9ou | Disfrute de una gran variedad de actividades\",\"isPartOf\":{\"@id\":\"https:\/\/axlesthermes.wellness-sport-camping.com\/es\/#website\"},\"primaryImageOfPage\":{\"@id\":\"https:\/\/axlesthermes.wellness-sport-camping.com\/es\/su-estancia\/tiro-con-arco-disfruta-del-aire-libre-en-pleno-camping\/#primaryimage\"},\"image\":{\"@id\":\"https:\/\/axlesthermes.wellness-sport-camping.com\/es\/su-estancia\/tiro-con-arco-disfruta-del-aire-libre-en-pleno-camping\/#primaryimage\"},\"thumbnailUrl\":\"https:\/\/axlesthermes.wellness-sport-camping.com\/wp-content\/uploads\/photo-2025-07-12-11-06-40.jpg\",\"datePublished\":\"2026-02-26T17:53:05+00:00\",\"dateModified\":\"2026-04-01T14:04:12+00:00\",\"description\":\"Descubra las emocionantes actividades que se ofrecen durante su estancia en el Camping Le Malaz\u00e9ou, en un entorno natural excepcional en Ari\u00e8ge.\",\"breadcrumb\":{\"@id\":\"https:\/\/axlesthermes.wellness-sport-camping.com\/es\/su-estancia\/tiro-con-arco-disfruta-del-aire-libre-en-pleno-camping\/#breadcrumb\"},\"inLanguage\":\"es\",\"potentialAction\":[{\"@type\":\"ReadAction\",\"target\":[\"https:\/\/axlesthermes.wellness-sport-camping.com\/es\/su-estancia\/tiro-con-arco-disfruta-del-aire-libre-en-pleno-camping\/\"]}]},{\"@type\":\"ImageObject\",\"inLanguage\":\"es\",\"@id\":\"https:\/\/axlesthermes.wellness-sport-camping.com\/es\/su-estancia\/tiro-con-arco-disfruta-del-aire-libre-en-pleno-camping\/#primaryimage\",\"url\":\"https:\/\/axlesthermes.wellness-sport-camping.com\/wp-content\/uploads\/photo-2025-07-12-11-06-40.jpg\",\"contentUrl\":\"https:\/\/axlesthermes.wellness-sport-camping.com\/wp-content\/uploads\/photo-2025-07-12-11-06-40.jpg\"},{\"@type\":\"BreadcrumbList\",\"@id\":\"https:\/\/axlesthermes.wellness-sport-camping.com\/es\/su-estancia\/tiro-con-arco-disfruta-del-aire-libre-en-pleno-camping\/#breadcrumb\",\"itemListElement\":[{\"@type\":\"ListItem\",\"position\":1,\"name\":\"Inicio\",\"item\":\"https:\/\/axlesthermes.wellness-sport-camping.com\/es\/\"},{\"@type\":\"ListItem\",\"position\":2,\"name\":\"Su estancia\",\"item\":\"https:\/\/axlesthermes.wellness-sport-camping.com\/es\/su-estancia\/\"},{\"@type\":\"ListItem\",\"position\":3,\"name\":\"Tiro con arco: disfruta del aire libre en pleno camping\"}]},{\"@type\":\"WebSite\",\"@id\":\"https:\/\/axlesthermes.wellness-sport-camping.com\/es\/#website\",\"url\":\"https:\/\/axlesthermes.wellness-sport-camping.com\/es\/\",\"name\":\"Camping Malaz\u00e9ou\",\"description\":\"borde la rivi\u00e8re Ari\u00e8ge\",\"publisher\":{\"@id\":\"https:\/\/axlesthermes.wellness-sport-camping.com\/es\/#organization\"},\"potentialAction\":[{\"@type\":\"SearchAction\",\"target\":{\"@type\":\"EntryPoint\",\"urlTemplate\":\"https:\/\/axlesthermes.wellness-sport-camping.com\/es\/?s={search_term_string}\"},\"query-input\":{\"@type\":\"PropertyValueSpecification\",\"valueRequired\":true,\"valueName\":\"search_term_string\"}}],\"inLanguage\":\"es\"},{\"@type\":\"Organization\",\"@id\":\"https:\/\/axlesthermes.wellness-sport-camping.com\/es\/#organization\",\"name\":\"Camping Malaz\u00e9ou\",\"url\":\"https:\/\/axlesthermes.wellness-sport-camping.com\/es\/\",\"logo\":{\"@type\":\"ImageObject\",\"inLanguage\":\"es\",\"@id\":\"https:\/\/axlesthermes.wellness-sport-camping.com\/es\/#\/schema\/logo\/image\/\",\"url\":\"https:\/\/axlesthermes.wellness-sport-camping.com\/wp-content\/uploads\/logo-penne-blanche.png\",\"contentUrl\":\"https:\/\/axlesthermes.wellness-sport-camping.com\/wp-content\/uploads\/logo-penne-blanche.png\",\"width\":260,\"height\":137,\"caption\":\"Camping Malaz\u00e9ou\"},\"image\":{\"@id\":\"https:\/\/axlesthermes.wellness-sport-camping.com\/es\/#\/schema\/logo\/image\/\"}}]}<\/script>\n<!-- \/ Yoast SEO plugin. -->","yoast_head_json":{"title":"Actividades durante su estancia en el Camping Le Malaz\u00e9ou | Disfrute de una gran variedad de actividades","description":"Descubra las emocionantes actividades que se ofrecen durante su estancia en el Camping Le Malaz\u00e9ou, en un entorno natural excepcional en Ari\u00e8ge.","robots":{"index":"index","follow":"follow","max-snippet":"max-snippet:-1","max-image-preview":"max-image-preview:large","max-video-preview":"max-video-preview:-1"},"canonical":"https:\/\/axlesthermes.wellness-sport-camping.com\/es\/su-estancia\/tiro-con-arco-disfruta-del-aire-libre-en-pleno-camping\/","og_locale":"es_ES","og_type":"article","og_title":"Actividades durante su estancia en el Camping Le Malaz\u00e9ou | Disfrute de una gran variedad de actividades","og_description":"Descubra las emocionantes actividades que se ofrecen durante su estancia en el Camping Le Malaz\u00e9ou, en un entorno natural excepcional en Ari\u00e8ge.","og_url":"https:\/\/axlesthermes.wellness-sport-camping.com\/es\/su-estancia\/tiro-con-arco-disfruta-del-aire-libre-en-pleno-camping\/","og_site_name":"Camping Malaz\u00e9ou","article_modified_time":"2026-04-01T14:04:12+00:00","og_image":[{"width":2048,"height":1150,"url":"https:\/\/axlesthermes.wellness-sport-camping.com\/wp-content\/uploads\/photo-2025-07-12-11-06-40.jpg","type":"image\/jpeg"}],"twitter_card":"summary_large_image","twitter_misc":{"Tiempo de lectura":"1 minuto"},"schema":{"@context":"https:\/\/schema.org","@graph":[{"@type":"WebPage","@id":"https:\/\/axlesthermes.wellness-sport-camping.com\/es\/su-estancia\/tiro-con-arco-disfruta-del-aire-libre-en-pleno-camping\/","url":"https:\/\/axlesthermes.wellness-sport-camping.com\/es\/su-estancia\/tiro-con-arco-disfruta-del-aire-libre-en-pleno-camping\/","name":"Actividades durante su estancia en el Camping Le Malaz\u00e9ou | Disfrute de una gran variedad de actividades","isPartOf":{"@id":"https:\/\/axlesthermes.wellness-sport-camping.com\/es\/#website"},"primaryImageOfPage":{"@id":"https:\/\/axlesthermes.wellness-sport-camping.com\/es\/su-estancia\/tiro-con-arco-disfruta-del-aire-libre-en-pleno-camping\/#primaryimage"},"image":{"@id":"https:\/\/axlesthermes.wellness-sport-camping.com\/es\/su-estancia\/tiro-con-arco-disfruta-del-aire-libre-en-pleno-camping\/#primaryimage"},"thumbnailUrl":"https:\/\/axlesthermes.wellness-sport-camping.com\/wp-content\/uploads\/photo-2025-07-12-11-06-40.jpg","datePublished":"2026-02-26T17:53:05+00:00","dateModified":"2026-04-01T14:04:12+00:00","description":"Descubra las emocionantes actividades que se ofrecen durante su estancia en el Camping Le Malaz\u00e9ou, en un entorno natural excepcional en Ari\u00e8ge.","breadcrumb":{"@id":"https:\/\/axlesthermes.wellness-sport-camping.com\/es\/su-estancia\/tiro-con-arco-disfruta-del-aire-libre-en-pleno-camping\/#breadcrumb"},"inLanguage":"es","potentialAction":[{"@type":"ReadAction","target":["https:\/\/axlesthermes.wellness-sport-camping.com\/es\/su-estancia\/tiro-con-arco-disfruta-del-aire-libre-en-pleno-camping\/"]}]},{"@type":"ImageObject","inLanguage":"es","@id":"https:\/\/axlesthermes.wellness-sport-camping.com\/es\/su-estancia\/tiro-con-arco-disfruta-del-aire-libre-en-pleno-camping\/#primaryimage","url":"https:\/\/axlesthermes.wellness-sport-camping.com\/wp-content\/uploads\/photo-2025-07-12-11-06-40.jpg","contentUrl":"https:\/\/axlesthermes.wellness-sport-camping.com\/wp-content\/uploads\/photo-2025-07-12-11-06-40.jpg"},{"@type":"BreadcrumbList","@id":"https:\/\/axlesthermes.wellness-sport-camping.com\/es\/su-estancia\/tiro-con-arco-disfruta-del-aire-libre-en-pleno-camping\/#breadcrumb","itemListElement":[{"@type":"ListItem","position":1,"name":"Inicio","item":"https:\/\/axlesthermes.wellness-sport-camping.com\/es\/"},{"@type":"ListItem","position":2,"name":"Su estancia","item":"https:\/\/axlesthermes.wellness-sport-camping.com\/es\/su-estancia\/"},{"@type":"ListItem","position":3,"name":"Tiro con arco: disfruta del aire libre en pleno camping"}]},{"@type":"WebSite","@id":"https:\/\/axlesthermes.wellness-sport-camping.com\/es\/#website","url":"https:\/\/axlesthermes.wellness-sport-camping.com\/es\/","name":"Camping Malaz\u00e9ou","description":"borde la rivi\u00e8re Ari\u00e8ge","publisher":{"@id":"https:\/\/axlesthermes.wellness-sport-camping.com\/es\/#organization"},"potentialAction":[{"@type":"SearchAction","target":{"@type":"EntryPoint","urlTemplate":"https:\/\/axlesthermes.wellness-sport-camping.com\/es\/?s={search_term_string}"},"query-input":{"@type":"PropertyValueSpecification","valueRequired":true,"valueName":"search_term_string"}}],"inLanguage":"es"},{"@type":"Organization","@id":"https:\/\/axlesthermes.wellness-sport-camping.com\/es\/#organization","name":"Camping Malaz\u00e9ou","url":"https:\/\/axlesthermes.wellness-sport-camping.com\/es\/","logo":{"@type":"ImageObject","inLanguage":"es","@id":"https:\/\/axlesthermes.wellness-sport-camping.com\/es\/#\/schema\/logo\/image\/","url":"https:\/\/axlesthermes.wellness-sport-camping.com\/wp-content\/uploads\/logo-penne-blanche.png","contentUrl":"https:\/\/axlesthermes.wellness-sport-camping.com\/wp-content\/uploads\/logo-penne-blanche.png","width":260,"height":137,"caption":"Camping Malaz\u00e9ou"},"image":{"@id":"https:\/\/axlesthermes.wellness-sport-camping.com\/es\/#\/schema\/logo\/image\/"}}]}},"_links":{"self":[{"href":"https:\/\/axlesthermes.wellness-sport-camping.com\/es\/wp-json\/wp\/v2\/pages\/5315","targetHints":{"allow":["GET"]}}],"collection":[{"href":"https:\/\/axlesthermes.wellness-sport-camping.com\/es\/wp-json\/wp\/v2\/pages"}],"about":[{"href":"https:\/\/axlesthermes.wellness-sport-camping.com\/es\/wp-json\/wp\/v2\/types\/page"}],"author":[{"embeddable":true,"href":"https:\/\/axlesthermes.wellness-sport-camping.com\/es\/wp-json\/wp\/v2\/users\/4"}],"replies":[{"embeddable":true,"href":"https:\/\/axlesthermes.wellness-sport-camping.com\/es\/wp-json\/wp\/v2\/comments?post=5315"}],"version-history":[{"count":1,"href":"https:\/\/axlesthermes.wellness-sport-camping.com\/es\/wp-json\/wp\/v2\/pages\/5315\/revisions"}],"predecessor-version":[{"id":5316,"href":"https:\/\/axlesthermes.wellness-sport-camping.com\/es\/wp-json\/wp\/v2\/pages\/5315\/revisions\/5316"}],"up":[{"embeddable":true,"href":"https:\/\/axlesthermes.wellness-sport-camping.com\/es\/wp-json\/wp\/v2\/pages\/2200"}],"wp:attachment":[{"href":"https:\/\/axlesthermes.wellness-sport-camping.com\/es\/wp-json\/wp\/v2\/media?parent=5315"}],"curies":[{"name":"wp","href":"https:\/\/api.w.org\/{rel}","templated":true}]}}