{"id":2937,"date":"2023-03-15T14:08:21","date_gmt":"2023-03-15T13:08:21","guid":{"rendered":"http:\/\/axlesthermes.wellness-sport-camping.com\/assurance-annulation\/"},"modified":"2023-06-06T17:12:38","modified_gmt":"2023-06-06T15:12:38","slug":"seguro-anulacion","status":"publish","type":"page","link":"https:\/\/axlesthermes.wellness-sport-camping.com\/es\/seguro-anulacion\/","title":{"rendered":"Seguro Anulaci\u00f3n"},"content":{"rendered":"\n<div class=\"wp-block-cover alignfull is-light header-top simbol-top-left\" style=\"margin-top:0px;margin-bottom:0px;padding-top:0;padding-right:0;padding-bottom:0px;padding-left:0;min-height:95vh;aspect-ratio:unset;\"><span aria-hidden=\"true\" class=\"wp-block-cover__background has-background-dim-20 has-background-dim\"><\/span><img decoding=\"async\" width=\"1920\" height=\"900\" class=\"wp-block-cover__image-background wp-image-2932 lazyload\" alt=\"\" data-src=\"https:\/\/axlesthermes.wellness-sport-camping.com\/wp-content\/uploads\/top-mentions.jpg\" style=\"--smush-placeholder-width: 1920px; --smush-placeholder-aspect-ratio: 1920\/900;object-position:50% 92%\" data-object-fit=\"cover\" data-object-position=\"50% 92%\" data-srcset=\"https:\/\/axlesthermes.wellness-sport-camping.com\/wp-content\/uploads\/top-mentions.jpg 1920w, https:\/\/axlesthermes.wellness-sport-camping.com\/wp-content\/uploads\/top-mentions-1024x480.jpg 1024w, https:\/\/axlesthermes.wellness-sport-camping.com\/wp-content\/uploads\/top-mentions-768x360.jpg 768w, https:\/\/axlesthermes.wellness-sport-camping.com\/wp-content\/uploads\/top-mentions-1536x720.jpg 1536w, https:\/\/axlesthermes.wellness-sport-camping.com\/wp-content\/uploads\/top-mentions-512x240.jpg 512w, https:\/\/axlesthermes.wellness-sport-camping.com\/wp-content\/uploads\/top-mentions-256x120.jpg 256w\" data-sizes=\"(max-width: 1920px) 100vw, 1920px\" src=\"data:image\/svg+xml;base64,PHN2ZyB3aWR0aD0iMSIgaGVpZ2h0PSIxIiB4bWxucz0iaHR0cDovL3d3dy53My5vcmcvMjAwMC9zdmciPjwvc3ZnPg==\" \/><div class=\"wp-block-cover__inner-container is-layout-flow wp-block-cover-is-layout-flow\">\n<div class=\"wp-block-group titre-top animation--init--once animation--top is-layout-constrained wp-block-group-is-layout-constrained\" style=\"padding-bottom:0px\">\n<p class=\"has-text-align-center has-theme-white-color has-text-color has-damion-font-family has-h-1-font-size\">Seguro Anulaci\u00f3n<\/p>\n<\/div>\n\n\n\n<div class=\"wp-block-group breadcrumbs-top is-layout-constrained wp-block-group-is-layout-constrained\" style=\"margin-top:10px;margin-bottom:0px\">\n<span><span><a href=\"https:\/\/axlesthermes.wellness-sport-camping.com\/es\/\">Inicio<\/a><\/span><\/span>\n<\/div>\n\n\n\n<div class=\"wp-block-group alignfull motor-thelis has-theme-brown-2-background-color has-background is-layout-constrained wp-container-core-group-is-layout-e129b69f wp-block-group-is-layout-constrained\" style=\"padding-top:0px;padding-right:0px;padding-bottom:0px;padding-left:0px\">\n<div class=\"wp-block-columns is-layout-flex wp-container-core-columns-is-layout-28f84493 wp-block-columns-is-layout-flex\">\n<div class=\"wp-block-column is-layout-flow wp-block-column-is-layout-flow\" style=\"flex-basis:100%\">\n<section class=\"formulaire-de-recherche-bar\">\r\n            <div id=\"expand-thelis-formulaire\">Reservar<\/div>\r\n            <div class=\"container-form\"><thr-search-engine><\/thr-search-engine><a id=\"pay-btn-2\" onclick=\"window.open('https:\/\/thelisresa.webcamp.fr\/cart-directPayment.php?camping=malazeou&amp;lang=es');\"><i><\/i>Pagar estancia<\/a>\r\n            <style>\r\n            \r\n            .thr-search-engine .thr-search-engine-main > .thr-btn-search { max-width: 20% !important; }\r\n            .thr .btn i { margin-right: 0 !important; }\r\n            #pay-btn-2 { \r\n                position: absolute;\r\n                right: 0;top: 0;\r\n                margin: 10px;\r\n                border: 0;\r\n                background-color: ;\r\n                color: ;\r\n                cursor: pointer;\r\n                width: calc(17% - 5px);\r\n                padding: 17px 0;\r\n                font-size: 18px;\r\n                font-weight: bold;\r\n                text-transform: auto;\r\n                transition: all .35s;\r\n                display: flex;justify-content: center;\r\n                align-items: center;\r\n            }\r\n            #pay-btn-2 i {\r\n                display: inline-flex;\r\n                width:18px;height:18px;\r\n                margin-right: 5px;\r\n                background-image: url('data:image\/svg+xml;utf8,<?xml version=\"1.0\" encoding=\"utf-8\"?><svg width=\"1792\" height=\"1792\" viewBox=\"0 0 1792 1792\" xmlns=\"http:\/\/www.w3.org\/2000\/svg\"><path d=\"M704 1536q0 52-38 90t-90 38-90-38-38-90 38-90 90-38 90 38 38 90zm896 0q0 52-38 90t-90 38-90-38-38-90 38-90 90-38 90 38 38 90zm128-1088v512q0 24-16.5 42.5t-40.5 21.5l-1044 122q13 60 13 70 0 16-24 64h920q26 0 45 19t19 45-19 45-45 19h-1024q-26 0-45-19t-19-45q0-11 8-31.5t16-36 21.5-40 15.5-29.5l-177-823h-204q-26 0-45-19t-19-45 19-45 45-19h256q16 0 28.5 6.5t19.5 15.5 13 24.5 8 26 5.5 29.5 4.5 26h1201q26 0 45 19t19 45z\" fill=\"rgba(255,255,255,1)\" \/><\/svg>');\r\n                background-size: cover;background-position: center center;background-repeat: no-repeat;\r\n            }\r\n            #pay-btn-2:hover { background-color: ; }\r\n            .thr-search-engine { width: 83%; }\r\n\r\n            @media screen and (max-width: 1024px) {\r\n                #pay-btn-2 { top: 52px; }\r\n                .thr-search-engine .thr-search-engine-main > .thr-btn-search { max-width: inherit !important; }\r\n            }\r\n            @media screen and (max-width: 990px) {\r\n                .thr-search-engine { width: 100%; }\r\n                #pay-btn-2 { position: relative;width: calc(100% - 20px);top: auto;margin-top: 0; }\r\n            }\r\n\r\n            thr-search-engine { border-right: 200px rgba(0,0,0,0) solid;display: block; }\r\n            @media screen and (max-width: 1024px) {\r\n                thr-search-engine { border-right: inherit;display: inherit; }\r\n            }\r\n            <\/style>\r\n            <\/div><\/section><!-- .formulaire-de-recherche-bar --><style>\r\n        #expand-thelis-formulaire { display: none; }\r\n        @media screen and (max-width: 1024px) {\r\n            #expand-thelis-formulaire { display: block; }\r\n            .formulaire-de-recherche-bar .container-form { display: none; }\r\n        }\r\n    <\/style><script>\r\n    jQuery(document).ready(function($){\r\n        jQuery('#expand-thelis-formulaire').click(function(){\r\n            if(\r\n                jQuery('.formulaire-de-recherche-bar .container-form').css('display') == 'none'\r\n            ){\r\n                jQuery('.formulaire-de-recherche-bar .container-form').css('display', 'block');\r\n                jQuery('#expand-thelis-formulaire').addClass('expanded');\r\n            }else{\r\n                jQuery('.formulaire-de-recherche-bar .container-form').css('display', 'none');\r\n                jQuery('#expand-thelis-formulaire').removeClass('expanded');\r\n            }\r\n        });\r\n    });\r\n    <\/script>\n<\/div>\n<\/div>\n<\/div>\n<\/div><\/div>\n\n\n\n<div class=\"wp-block-group alignfull page-intro simbol-top-right-2 is-layout-constrained wp-block-group-is-layout-constrained\">\n<div class=\"wp-block-columns is-layout-flex wp-container-core-columns-is-layout-28f84493 wp-block-columns-is-layout-flex\">\n<div class=\"wp-block-column mentions-legales is-layout-flow wp-block-column-is-layout-flow\">\n<h1 class=\"wp-block-heading has-text-align-center simbol-titre line-titre\">Seguro Anulaci\u00f3n<\/h1>\n\n\n\n<p><strong>\u00bfQu\u00e9 cubre su seguro de anulaci\u00f3n?<\/strong><\/p>\n\n\n\n<p>Nuestro seguro de cancelaci\u00f3n e interrupci\u00f3n no le permitir\u00e1 ser reembolsado si simplemente cambia de opini\u00f3n.<\/p>\n\n\n\n<p>En cambio, cubre muchos acontecimientos que no son culpa suya, del asegurado o de otros participantes en el viaje: algunos ejemplos: fallecimiento, accidente o enfermedad grave, incluido COVID, hospitalizaci\u00f3n del asegurado, de uno de sus padres o de un familiar cercano. Complicaciones del embarazo del asegurado, denegaci\u00f3n de visado tur\u00edstico, separaci\u00f3n (PACS o matrimonio), obtenci\u00f3n de un empleo, anulaci\u00f3n o modificaci\u00f3n de vacaciones pagadas, rescisi\u00f3n del contrato, da\u00f1os graves al veh\u00edculo, anulaci\u00f3n de una de las personas que acompa\u00f1an al asegurado (m\u00e1ximo 9 personas)&#8230;<\/p>\n\n\n\n<p>Consulte todas las <a href=\"https:\/\/axlesthermes.wellness-sport-camping.com\/wp-content\/uploads\/cgv-camping-2022-version-es.pdf\" target=\"_blank\" rel=\"noreferrer noopener\">condiciones generales del seguro<\/a><\/p>\n\n\n\n<p><strong>\u00bfCu\u00e1ndo puedo contratar un seguro de anulaci\u00f3n?<\/strong><\/p>\n\n\n\n<p>Nuestro seguro de anulaci\u00f3n le permite protegerse contra circunstancias externas que le impedir\u00edan disfrutar de su estancia. Puede contratar este seguro en el momento de efectuar su reserva.<\/p>\n\n\n\n<p>M\u00e1s informaci\u00f3n sobre las <a href=\"https:\/\/axlesthermes.wellness-sport-camping.com\/wp-content\/uploads\/cgv-camping-2022-version-es.pdf\" target=\"_blank\" rel=\"noreferrer noopener\">Condiciones Generales del Seguro<\/a>.<\/p>\n\n\n\n<p><strong>Cancelo o acorto mi estancia. \u00bfQu\u00e9 tengo que hacer para que me reembolse el Seguro de Cancelaci\u00f3n?<\/strong><\/p>\n\n\n\n<p>En caso de cancelaci\u00f3n o interrupci\u00f3n de su estancia debido a una de las situaciones cubiertas por el seguro (consulte las condiciones generales del seguro).<\/p>\n\n\n\n<p>1 &#8211; Notifique al camping su retirada o salida anticipada<\/p>\n\n\n\n<p>2 &#8211; Debe declarar su situaci\u00f3n en un plazo de 5 d\u00edas laborables (pasado este plazo, perder\u00e1 todo derecho a indemnizaci\u00f3n)<\/p>\n\n\n\n<ul class=\"wp-block-list\">\n<li>Por tel\u00e9fono : 05 34 45 31 50<\/li>\n\n\n\n<li>Por correo electr\u00f3nico : <a href=\"mailto:gestion@ucpa-assitance.fr\" target=\"_blank\" rel=\"noreferrer noopener\">gestion@ucpa-assitance.fr<\/a><\/li>\n\n\n\n<li>IMPORTANTE N\u00famero de contrato a recordar: N\u00b05791<\/li>\n<\/ul>\n\n\n\n<p>3 &#8211; Deber\u00e1 enviarles la factura de anulaci\u00f3n facilitada por el camping, as\u00ed como un justificante del motivo de su anulaci\u00f3n.<\/p>\n\n\n\n<p>Atenci\u00f3n Este seguro se ofrece a trav\u00e9s de un tercero. Despu\u00e9s de notificar al camping su retirada o salida anticipada, usted es responsable de declarar su situaci\u00f3n a la aseguradora.<\/p>\n<\/div>\n<\/div>\n<\/div>\n","protected":false},"excerpt":{"rendered":"<p>Seguro Anulaci\u00f3n \u00bfQu\u00e9 cubre su seguro de anulaci\u00f3n? Nuestro seguro de cancelaci\u00f3n e interrupci\u00f3n no le permitir\u00e1 ser reembolsado si simplemente cambia de opini\u00f3n. En&#8230;<\/p>\n","protected":false},"author":5,"featured_media":0,"parent":0,"menu_order":14,"comment_status":"closed","ping_status":"closed","template":"","meta":{"_acf_changed":false,"inline_featured_image":false,"footnotes":""},"class_list":["post-2937","page","type-page","status-publish","hentry"],"acf":[],"yoast_head":"<!-- This site is optimized with the Yoast SEO plugin v27.1.1 - https:\/\/yoast.com\/product\/yoast-seo-wordpress\/ -->\n<title>Seguro Anulaci\u00f3n - Camping Malaz\u00e9ou<\/title>\n<meta name=\"description\" content=\"Seguro Anulaci\u00f3n Seguro Anulaci\u00f3n \u00bfQu\u00e9 cubre su seguro de anulaci\u00f3n? Nuestro seguro de cancelaci\u00f3n e interrupci\u00f3n no le permitir\u00e1 ser reembolsado si\" \/>\n<meta name=\"robots\" content=\"index, follow, max-snippet:-1, max-image-preview:large, max-video-preview:-1\" \/>\n<link rel=\"canonical\" href=\"https:\/\/axlesthermes.wellness-sport-camping.com\/es\/seguro-anulacion\/\" \/>\n<meta property=\"og:locale\" content=\"es_ES\" \/>\n<meta property=\"og:type\" content=\"article\" \/>\n<meta property=\"og:title\" content=\"Seguro Anulaci\u00f3n - Camping Malaz\u00e9ou\" \/>\n<meta property=\"og:description\" content=\"Seguro Anulaci\u00f3n Seguro Anulaci\u00f3n \u00bfQu\u00e9 cubre su seguro de anulaci\u00f3n? Nuestro seguro de cancelaci\u00f3n e interrupci\u00f3n no le permitir\u00e1 ser reembolsado si\" \/>\n<meta property=\"og:url\" content=\"https:\/\/axlesthermes.wellness-sport-camping.com\/es\/seguro-anulacion\/\" \/>\n<meta property=\"og:site_name\" content=\"Camping Malaz\u00e9ou\" \/>\n<meta property=\"article:modified_time\" content=\"2023-06-06T15:12:38+00:00\" \/>\n<meta property=\"og:image\" content=\"https:\/\/axlesthermes.wellness-sport-camping.com\/wp-content\/uploads\/top-mentions.jpg\" \/>\n<meta name=\"twitter:card\" content=\"summary_large_image\" \/>\n<meta name=\"twitter:label1\" content=\"Tiempo de lectura\" \/>\n\t<meta name=\"twitter:data1\" content=\"2 minutos\" \/>\n<script type=\"application\/ld+json\" class=\"yoast-schema-graph\">{\"@context\":\"https:\/\/schema.org\",\"@graph\":[{\"@type\":\"WebPage\",\"@id\":\"https:\/\/axlesthermes.wellness-sport-camping.com\/es\/seguro-anulacion\/\",\"url\":\"https:\/\/axlesthermes.wellness-sport-camping.com\/es\/seguro-anulacion\/\",\"name\":\"Seguro Anulaci\u00f3n - Camping Malaz\u00e9ou\",\"isPartOf\":{\"@id\":\"https:\/\/axlesthermes.wellness-sport-camping.com\/es\/#website\"},\"primaryImageOfPage\":{\"@id\":\"https:\/\/axlesthermes.wellness-sport-camping.com\/es\/seguro-anulacion\/#primaryimage\"},\"image\":{\"@id\":\"https:\/\/axlesthermes.wellness-sport-camping.com\/es\/seguro-anulacion\/#primaryimage\"},\"thumbnailUrl\":\"https:\/\/axlesthermes.wellness-sport-camping.com\/wp-content\/uploads\/top-mentions.jpg\",\"datePublished\":\"2023-03-15T13:08:21+00:00\",\"dateModified\":\"2023-06-06T15:12:38+00:00\",\"description\":\"Seguro Anulaci\u00f3n Seguro Anulaci\u00f3n \u00bfQu\u00e9 cubre su seguro de anulaci\u00f3n? Nuestro seguro de cancelaci\u00f3n e interrupci\u00f3n no le permitir\u00e1 ser reembolsado si\",\"breadcrumb\":{\"@id\":\"https:\/\/axlesthermes.wellness-sport-camping.com\/es\/seguro-anulacion\/#breadcrumb\"},\"inLanguage\":\"es\",\"potentialAction\":[{\"@type\":\"ReadAction\",\"target\":[\"https:\/\/axlesthermes.wellness-sport-camping.com\/es\/seguro-anulacion\/\"]}]},{\"@type\":\"ImageObject\",\"inLanguage\":\"es\",\"@id\":\"https:\/\/axlesthermes.wellness-sport-camping.com\/es\/seguro-anulacion\/#primaryimage\",\"url\":\"https:\/\/axlesthermes.wellness-sport-camping.com\/wp-content\/uploads\/top-mentions.jpg\",\"contentUrl\":\"https:\/\/axlesthermes.wellness-sport-camping.com\/wp-content\/uploads\/top-mentions.jpg\"},{\"@type\":\"BreadcrumbList\",\"@id\":\"https:\/\/axlesthermes.wellness-sport-camping.com\/es\/seguro-anulacion\/#breadcrumb\",\"itemListElement\":[{\"@type\":\"ListItem\",\"position\":1,\"name\":\"Inicio\",\"item\":\"https:\/\/axlesthermes.wellness-sport-camping.com\/es\/\"},{\"@type\":\"ListItem\",\"position\":2,\"name\":\"Seguro Anulaci\u00f3n\"}]},{\"@type\":\"WebSite\",\"@id\":\"https:\/\/axlesthermes.wellness-sport-camping.com\/es\/#website\",\"url\":\"https:\/\/axlesthermes.wellness-sport-camping.com\/es\/\",\"name\":\"Camping Malaz\u00e9ou\",\"description\":\"borde la rivi\u00e8re Ari\u00e8ge\",\"publisher\":{\"@id\":\"https:\/\/axlesthermes.wellness-sport-camping.com\/es\/#organization\"},\"potentialAction\":[{\"@type\":\"SearchAction\",\"target\":{\"@type\":\"EntryPoint\",\"urlTemplate\":\"https:\/\/axlesthermes.wellness-sport-camping.com\/es\/?s={search_term_string}\"},\"query-input\":{\"@type\":\"PropertyValueSpecification\",\"valueRequired\":true,\"valueName\":\"search_term_string\"}}],\"inLanguage\":\"es\"},{\"@type\":\"Organization\",\"@id\":\"https:\/\/axlesthermes.wellness-sport-camping.com\/es\/#organization\",\"name\":\"Camping Malaz\u00e9ou\",\"url\":\"https:\/\/axlesthermes.wellness-sport-camping.com\/es\/\",\"logo\":{\"@type\":\"ImageObject\",\"inLanguage\":\"es\",\"@id\":\"https:\/\/axlesthermes.wellness-sport-camping.com\/es\/#\/schema\/logo\/image\/\",\"url\":\"https:\/\/axlesthermes.wellness-sport-camping.com\/wp-content\/uploads\/logo-penne-blanche.png\",\"contentUrl\":\"https:\/\/axlesthermes.wellness-sport-camping.com\/wp-content\/uploads\/logo-penne-blanche.png\",\"width\":260,\"height\":137,\"caption\":\"Camping Malaz\u00e9ou\"},\"image\":{\"@id\":\"https:\/\/axlesthermes.wellness-sport-camping.com\/es\/#\/schema\/logo\/image\/\"}}]}<\/script>\n<!-- \/ Yoast SEO plugin. -->","yoast_head_json":{"title":"Seguro Anulaci\u00f3n - Camping Malaz\u00e9ou","description":"Seguro Anulaci\u00f3n Seguro Anulaci\u00f3n \u00bfQu\u00e9 cubre su seguro de anulaci\u00f3n? Nuestro seguro de cancelaci\u00f3n e interrupci\u00f3n no le permitir\u00e1 ser reembolsado si","robots":{"index":"index","follow":"follow","max-snippet":"max-snippet:-1","max-image-preview":"max-image-preview:large","max-video-preview":"max-video-preview:-1"},"canonical":"https:\/\/axlesthermes.wellness-sport-camping.com\/es\/seguro-anulacion\/","og_locale":"es_ES","og_type":"article","og_title":"Seguro Anulaci\u00f3n - Camping Malaz\u00e9ou","og_description":"Seguro Anulaci\u00f3n Seguro Anulaci\u00f3n \u00bfQu\u00e9 cubre su seguro de anulaci\u00f3n? Nuestro seguro de cancelaci\u00f3n e interrupci\u00f3n no le permitir\u00e1 ser reembolsado si","og_url":"https:\/\/axlesthermes.wellness-sport-camping.com\/es\/seguro-anulacion\/","og_site_name":"Camping Malaz\u00e9ou","article_modified_time":"2023-06-06T15:12:38+00:00","og_image":[{"url":"https:\/\/axlesthermes.wellness-sport-camping.com\/wp-content\/uploads\/top-mentions.jpg","type":"","width":"","height":""}],"twitter_card":"summary_large_image","twitter_misc":{"Tiempo de lectura":"2 minutos"},"schema":{"@context":"https:\/\/schema.org","@graph":[{"@type":"WebPage","@id":"https:\/\/axlesthermes.wellness-sport-camping.com\/es\/seguro-anulacion\/","url":"https:\/\/axlesthermes.wellness-sport-camping.com\/es\/seguro-anulacion\/","name":"Seguro Anulaci\u00f3n - Camping Malaz\u00e9ou","isPartOf":{"@id":"https:\/\/axlesthermes.wellness-sport-camping.com\/es\/#website"},"primaryImageOfPage":{"@id":"https:\/\/axlesthermes.wellness-sport-camping.com\/es\/seguro-anulacion\/#primaryimage"},"image":{"@id":"https:\/\/axlesthermes.wellness-sport-camping.com\/es\/seguro-anulacion\/#primaryimage"},"thumbnailUrl":"https:\/\/axlesthermes.wellness-sport-camping.com\/wp-content\/uploads\/top-mentions.jpg","datePublished":"2023-03-15T13:08:21+00:00","dateModified":"2023-06-06T15:12:38+00:00","description":"Seguro Anulaci\u00f3n Seguro Anulaci\u00f3n \u00bfQu\u00e9 cubre su seguro de anulaci\u00f3n? Nuestro seguro de cancelaci\u00f3n e interrupci\u00f3n no le permitir\u00e1 ser reembolsado si","breadcrumb":{"@id":"https:\/\/axlesthermes.wellness-sport-camping.com\/es\/seguro-anulacion\/#breadcrumb"},"inLanguage":"es","potentialAction":[{"@type":"ReadAction","target":["https:\/\/axlesthermes.wellness-sport-camping.com\/es\/seguro-anulacion\/"]}]},{"@type":"ImageObject","inLanguage":"es","@id":"https:\/\/axlesthermes.wellness-sport-camping.com\/es\/seguro-anulacion\/#primaryimage","url":"https:\/\/axlesthermes.wellness-sport-camping.com\/wp-content\/uploads\/top-mentions.jpg","contentUrl":"https:\/\/axlesthermes.wellness-sport-camping.com\/wp-content\/uploads\/top-mentions.jpg"},{"@type":"BreadcrumbList","@id":"https:\/\/axlesthermes.wellness-sport-camping.com\/es\/seguro-anulacion\/#breadcrumb","itemListElement":[{"@type":"ListItem","position":1,"name":"Inicio","item":"https:\/\/axlesthermes.wellness-sport-camping.com\/es\/"},{"@type":"ListItem","position":2,"name":"Seguro Anulaci\u00f3n"}]},{"@type":"WebSite","@id":"https:\/\/axlesthermes.wellness-sport-camping.com\/es\/#website","url":"https:\/\/axlesthermes.wellness-sport-camping.com\/es\/","name":"Camping Malaz\u00e9ou","description":"borde la rivi\u00e8re Ari\u00e8ge","publisher":{"@id":"https:\/\/axlesthermes.wellness-sport-camping.com\/es\/#organization"},"potentialAction":[{"@type":"SearchAction","target":{"@type":"EntryPoint","urlTemplate":"https:\/\/axlesthermes.wellness-sport-camping.com\/es\/?s={search_term_string}"},"query-input":{"@type":"PropertyValueSpecification","valueRequired":true,"valueName":"search_term_string"}}],"inLanguage":"es"},{"@type":"Organization","@id":"https:\/\/axlesthermes.wellness-sport-camping.com\/es\/#organization","name":"Camping Malaz\u00e9ou","url":"https:\/\/axlesthermes.wellness-sport-camping.com\/es\/","logo":{"@type":"ImageObject","inLanguage":"es","@id":"https:\/\/axlesthermes.wellness-sport-camping.com\/es\/#\/schema\/logo\/image\/","url":"https:\/\/axlesthermes.wellness-sport-camping.com\/wp-content\/uploads\/logo-penne-blanche.png","contentUrl":"https:\/\/axlesthermes.wellness-sport-camping.com\/wp-content\/uploads\/logo-penne-blanche.png","width":260,"height":137,"caption":"Camping Malaz\u00e9ou"},"image":{"@id":"https:\/\/axlesthermes.wellness-sport-camping.com\/es\/#\/schema\/logo\/image\/"}}]}},"_links":{"self":[{"href":"https:\/\/axlesthermes.wellness-sport-camping.com\/es\/wp-json\/wp\/v2\/pages\/2937","targetHints":{"allow":["GET"]}}],"collection":[{"href":"https:\/\/axlesthermes.wellness-sport-camping.com\/es\/wp-json\/wp\/v2\/pages"}],"about":[{"href":"https:\/\/axlesthermes.wellness-sport-camping.com\/es\/wp-json\/wp\/v2\/types\/page"}],"author":[{"embeddable":true,"href":"https:\/\/axlesthermes.wellness-sport-camping.com\/es\/wp-json\/wp\/v2\/users\/5"}],"replies":[{"embeddable":true,"href":"https:\/\/axlesthermes.wellness-sport-camping.com\/es\/wp-json\/wp\/v2\/comments?post=2937"}],"version-history":[{"count":4,"href":"https:\/\/axlesthermes.wellness-sport-camping.com\/es\/wp-json\/wp\/v2\/pages\/2937\/revisions"}],"predecessor-version":[{"id":2960,"href":"https:\/\/axlesthermes.wellness-sport-camping.com\/es\/wp-json\/wp\/v2\/pages\/2937\/revisions\/2960"}],"wp:attachment":[{"href":"https:\/\/axlesthermes.wellness-sport-camping.com\/es\/wp-json\/wp\/v2\/media?parent=2937"}],"curies":[{"name":"wp","href":"https:\/\/api.w.org\/{rel}","templated":true}]}}