{"id":2454,"date":"2023-03-13T13:25:55","date_gmt":"2023-03-13T12:25:55","guid":{"rendered":"http:\/\/axlesthermes.wellness-sport-camping.com\/su-estancia\/pour-votre-confort\/"},"modified":"2026-04-01T15:49:44","modified_gmt":"2026-04-01T13:49:44","slug":"para-su-comodidad","status":"publish","type":"page","link":"https:\/\/axlesthermes.wellness-sport-camping.com\/es\/su-estancia\/para-su-comodidad\/","title":{"rendered":"Restaurante L&#8217;Annexe"},"content":{"rendered":"\n<div class=\"wp-block-cover alignfull header-top simbol-top-left\" style=\"margin-top:0px;margin-bottom:0px;padding-top:0;padding-right:0;padding-bottom:0px;padding-left:0;min-height:95vh;aspect-ratio:unset;\"><span aria-hidden=\"true\" class=\"wp-block-cover__background has-background-dim-10 has-background-dim\"><\/span><img decoding=\"async\" width=\"1920\" height=\"900\" class=\"wp-block-cover__image-background wp-image-2797 lazyload\" alt=\"\" data-src=\"https:\/\/axlesthermes.wellness-sport-camping.com\/wp-content\/uploads\/votre-confort-01.jpg\" data-object-fit=\"cover\" data-srcset=\"https:\/\/axlesthermes.wellness-sport-camping.com\/wp-content\/uploads\/votre-confort-01.jpg 1920w, https:\/\/axlesthermes.wellness-sport-camping.com\/wp-content\/uploads\/votre-confort-01-1024x480.jpg 1024w, https:\/\/axlesthermes.wellness-sport-camping.com\/wp-content\/uploads\/votre-confort-01-768x360.jpg 768w, https:\/\/axlesthermes.wellness-sport-camping.com\/wp-content\/uploads\/votre-confort-01-1536x720.jpg 1536w, https:\/\/axlesthermes.wellness-sport-camping.com\/wp-content\/uploads\/votre-confort-01-512x240.jpg 512w, https:\/\/axlesthermes.wellness-sport-camping.com\/wp-content\/uploads\/votre-confort-01-256x120.jpg 256w\" data-sizes=\"(max-width: 1920px) 100vw, 1920px\" src=\"data:image\/svg+xml;base64,PHN2ZyB3aWR0aD0iMSIgaGVpZ2h0PSIxIiB4bWxucz0iaHR0cDovL3d3dy53My5vcmcvMjAwMC9zdmciPjwvc3ZnPg==\" style=\"--smush-placeholder-width: 1920px; --smush-placeholder-aspect-ratio: 1920\/900;\" \/><div class=\"wp-block-cover__inner-container is-layout-flow wp-block-cover-is-layout-flow\">\n<div class=\"wp-block-group titre-top animation--init--once animation--top is-layout-constrained wp-block-group-is-layout-constrained\" style=\"padding-bottom:0px\">\n<p class=\"has-text-align-center has-theme-white-color has-text-color has-damion-font-family has-h-1-font-size\">Para su comodidad<\/p>\n\n\n\n<p class=\"has-text-align-center has-theme-white-color has-text-color\"><\/p>\n<\/div>\n\n\n\n<div class=\"wp-block-group breadcrumbs-top is-layout-constrained wp-block-group-is-layout-constrained\" style=\"margin-top:10px;margin-bottom:0px\">\n<span><span><a href=\"https:\/\/axlesthermes.wellness-sport-camping.com\/es\/\">Inicio<\/a><\/span><\/span>\n<\/div>\n\n\n\n<div class=\"wp-block-group alignfull motor-thelis has-theme-brown-2-background-color has-background is-layout-constrained wp-container-core-group-is-layout-e129b69f wp-block-group-is-layout-constrained\" style=\"padding-top:0px;padding-right:0px;padding-bottom:0px;padding-left:0px\">\n<div class=\"wp-block-columns is-layout-flex wp-container-core-columns-is-layout-28f84493 wp-block-columns-is-layout-flex\">\n<div class=\"wp-block-column is-layout-flow wp-block-column-is-layout-flow\" style=\"flex-basis:100%\">\n<section class=\"formulaire-de-recherche-bar\">\r\n            <div id=\"expand-thelis-formulaire\">Reservar<\/div>\r\n            <div class=\"container-form\"><thr-search-engine><\/thr-search-engine><a id=\"pay-btn-2\" onclick=\"window.open('https:\/\/thelisresa.webcamp.fr\/cart-directPayment.php?camping=malazeou&amp;lang=es');\"><i><\/i>Pagar estancia<\/a>\r\n            <style>\r\n            \r\n            .thr-search-engine .thr-search-engine-main > .thr-btn-search { max-width: 20% !important; }\r\n            .thr .btn i { margin-right: 0 !important; }\r\n            #pay-btn-2 { \r\n                position: absolute;\r\n                right: 0;top: 0;\r\n                margin: 10px;\r\n                border: 0;\r\n                background-color: ;\r\n                color: ;\r\n                cursor: pointer;\r\n                width: calc(17% - 5px);\r\n                padding: 17px 0;\r\n                font-size: 18px;\r\n                font-weight: bold;\r\n                text-transform: auto;\r\n                transition: all .35s;\r\n                display: flex;justify-content: center;\r\n                align-items: center;\r\n            }\r\n            #pay-btn-2 i {\r\n                display: inline-flex;\r\n                width:18px;height:18px;\r\n                margin-right: 5px;\r\n                background-image: url('data:image\/svg+xml;utf8,<?xml version=\"1.0\" encoding=\"utf-8\"?><svg width=\"1792\" height=\"1792\" viewBox=\"0 0 1792 1792\" xmlns=\"http:\/\/www.w3.org\/2000\/svg\"><path d=\"M704 1536q0 52-38 90t-90 38-90-38-38-90 38-90 90-38 90 38 38 90zm896 0q0 52-38 90t-90 38-90-38-38-90 38-90 90-38 90 38 38 90zm128-1088v512q0 24-16.5 42.5t-40.5 21.5l-1044 122q13 60 13 70 0 16-24 64h920q26 0 45 19t19 45-19 45-45 19h-1024q-26 0-45-19t-19-45q0-11 8-31.5t16-36 21.5-40 15.5-29.5l-177-823h-204q-26 0-45-19t-19-45 19-45 45-19h256q16 0 28.5 6.5t19.5 15.5 13 24.5 8 26 5.5 29.5 4.5 26h1201q26 0 45 19t19 45z\" fill=\"rgba(255,255,255,1)\" \/><\/svg>');\r\n                background-size: cover;background-position: center center;background-repeat: no-repeat;\r\n            }\r\n            #pay-btn-2:hover { background-color: ; }\r\n            .thr-search-engine { width: 83%; }\r\n\r\n            @media screen and (max-width: 1024px) {\r\n                #pay-btn-2 { top: 52px; }\r\n                .thr-search-engine .thr-search-engine-main > .thr-btn-search { max-width: inherit !important; }\r\n            }\r\n            @media screen and (max-width: 990px) {\r\n                .thr-search-engine { width: 100%; }\r\n                #pay-btn-2 { position: relative;width: calc(100% - 20px);top: auto;margin-top: 0; }\r\n            }\r\n\r\n            thr-search-engine { border-right: 200px rgba(0,0,0,0) solid;display: block; }\r\n            @media screen and (max-width: 1024px) {\r\n                thr-search-engine { border-right: inherit;display: inherit; }\r\n            }\r\n            <\/style>\r\n            <\/div><\/section><!-- .formulaire-de-recherche-bar --><style>\r\n        #expand-thelis-formulaire { display: none; }\r\n        @media screen and (max-width: 1024px) {\r\n            #expand-thelis-formulaire { display: block; }\r\n            .formulaire-de-recherche-bar .container-form { display: none; }\r\n        }\r\n    <\/style><script>\r\n    jQuery(document).ready(function($){\r\n        jQuery('#expand-thelis-formulaire').click(function(){\r\n            if(\r\n                jQuery('.formulaire-de-recherche-bar .container-form').css('display') == 'none'\r\n            ){\r\n                jQuery('.formulaire-de-recherche-bar .container-form').css('display', 'block');\r\n                jQuery('#expand-thelis-formulaire').addClass('expanded');\r\n            }else{\r\n                jQuery('.formulaire-de-recherche-bar .container-form').css('display', 'none');\r\n                jQuery('#expand-thelis-formulaire').removeClass('expanded');\r\n            }\r\n        });\r\n    });\r\n    <\/script>\n<\/div>\n<\/div>\n<\/div>\n<\/div><\/div>\n\n\n\n<div class=\"wp-block-group alignfull page-intro simbol-top-right-2 is-layout-constrained wp-block-group-is-layout-constrained\">\n<div class=\"wp-block-columns is-layout-flex wp-container-core-columns-is-layout-28f84493 wp-block-columns-is-layout-flex\">\n<div class=\"wp-block-column is-layout-flow wp-block-column-is-layout-flow\">\n<h1 class=\"wp-block-heading has-text-align-center simbol-titre has-sub\">Para su comodidad<sub><span>Restaurante \u00abl&#8217;Annexe\u00bb<\/span><\/sub><\/h1>\n\n\n\n<p>\u00a1La Bande \u00e0 Patrice, le desea una calurosa bienvenida!<\/p>\n\n\n\n<p>Amar y compartir, \u00a1esa es la filosof\u00eda de Patrice!<\/p>\n\n\n\n<p>En el camping deportivo bienestar de Ax Les Thermes, el restaurante \u00abl&#8217;Annexe\u00bb le propone una cocina local con productos frescos. Es bueno vivir todo el a\u00f1o en pareja, en familia o entre colegas, con todos los que le gustan.<\/p>\n\n\n\n<p>As\u00ed que, \u00a1ven cuando quieras!<\/p>\n\n\n\n<ul class=\"wp-block-list\">\n<li>Por la ma\u00f1ana: todas las ma\u00f1anas traemos pan y boller\u00eda del pueblo para agasajarte antes de tus actividades.<\/li>\n\n\n\n<li>El almuerzo: preparamos un peque\u00f1o plato hecho con amor para disfrutar del sol en la terraza o en el brasero.<\/li>\n\n\n\n<li>En el aperitivo: cervezas locales y bodega, tabla de embutidos y quesos del valle.<\/li>\n\n\n\n<li>En la cena: sopas, comida para llevar o comer juntos in situ.<\/li>\n<\/ul>\n<\/div>\n<\/div>\n<\/div>\n\n\n\n<div class=\"wp-block-group alignfull is-layout-constrained wp-block-group-is-layout-constrained\" style=\"margin-top:0px;margin-bottom:0px\">\n<div class=\"wp-block-cover alignfull has-parallax\" style=\"min-height:500px;aspect-ratio:unset;\"><span aria-hidden=\"true\" class=\"wp-block-cover__background has-background-dim-0 has-background-dim\"><\/span><div class=\"wp-block-cover__image-background wp-image-2798 has-parallax lazyload\" style=\"background-position:50% 50%;background-image:inherit\" data-bg-image=\"url(https:\/\/axlesthermes.wellness-sport-camping.com\/wp-content\/uploads\/votre-confort-02.jpg)\"><\/div><div class=\"wp-block-cover__inner-container is-layout-flow wp-block-cover-is-layout-flow\">\n<p class=\"has-text-align-center has-large-font-size\"><\/p>\n<\/div><\/div>\n<\/div>\n\n\n\n<div class=\"wp-block-group alignfull savoir-single simbol-top-right r bg-bottom-right is-layout-constrained wp-block-group-is-layout-constrained\" style=\"margin-top:0px;margin-bottom:0px\">\n<div class=\"wp-block-columns is-layout-flex wp-container-core-columns-is-layout-28f84493 wp-block-columns-is-layout-flex\">\n<div class=\"wp-block-column is-layout-flow wp-block-column-is-layout-flow\">\n<h2 class=\"wp-block-heading has-text-align-center simbol-titre line-titre\">Servicios<\/h2>\n\n\n\n<ul class=\"wp-block-list\">\n<li>Lavander\u00eda con lavadora y secadora abierta las 24 horas<\/li>\n\n\n\n<li>Recepci\u00f3n con recepci\u00f3n de correo y salida<\/li>\n\n\n\n<li>2 bloques sanitarios con duchas, aseos, lavabos, fregaderos e inodoros<\/li>\n\n\n\n<li>Los bloques sanitarios est\u00e1n equipados con acceso para discapacitados<\/li>\n\n\n\n<li>Wi-Fi gratuito en todo el camping<\/li>\n\n\n\n<li>Zona de juegos para ni\u00f1os, bolera, ping-pong<\/li>\n\n\n\n<li>Tienda de comestibles en la recepci\u00f3n<\/li>\n\n\n\n<li>Pan y boller\u00eda en el restaurante<\/li>\n<\/ul>\n<\/div>\n<\/div>\n<\/div>\n","protected":false},"excerpt":{"rendered":"<p>Descubre una nueva experiencia culinaria en el coraz\u00f3n del Wellness Sport Camping UCPA Ax-Les-Thermes<br \/>\nTotalmente renovado, el restaurante L&#8217;Annexe te invita a un viaje gastron\u00f3mico \u00fanico. Nuestro chef te ofrece una carta que va cambiando con el tiempo y que destaca los productos locales y de temporada, realzados por una cocci\u00f3n magistral en nuestra plancha de carb\u00f3n. <\/p>\n","protected":false},"author":5,"featured_media":2797,"parent":2200,"menu_order":0,"comment_status":"closed","ping_status":"closed","template":"","meta":{"_acf_changed":false,"inline_featured_image":false,"footnotes":""},"class_list":["post-2454","page","type-page","status-publish","has-post-thumbnail","hentry"],"acf":[],"yoast_head":"<!-- This site is optimized with the Yoast SEO plugin v27.1.1 - https:\/\/yoast.com\/product\/yoast-seo-wordpress\/ -->\n<title>Camping Le Malaz\u00e9ou - Para tu comodidad durante tu estancia<\/title>\n<meta name=\"description\" content=\"En el Camping Le Malaz\u00e9ou, hacemos todo lo posible para garantizar su comodidad durante su estancia. Disfrute de unas instalaciones modernas, parcelas amplias, servicios pr\u00e1cticos y un equipo atento.\" \/>\n<meta name=\"robots\" content=\"index, follow, max-snippet:-1, max-image-preview:large, max-video-preview:-1\" \/>\n<link rel=\"canonical\" href=\"https:\/\/axlesthermes.wellness-sport-camping.com\/es\/su-estancia\/para-su-comodidad\/\" \/>\n<meta property=\"og:locale\" content=\"es_ES\" \/>\n<meta property=\"og:type\" content=\"article\" \/>\n<meta property=\"og:title\" content=\"Camping Le Malaz\u00e9ou - Para tu comodidad durante tu estancia\" \/>\n<meta property=\"og:description\" content=\"En el Camping Le Malaz\u00e9ou, hacemos todo lo posible para garantizar su comodidad durante su estancia. Disfrute de unas instalaciones modernas, parcelas amplias, servicios pr\u00e1cticos y un equipo atento.\" \/>\n<meta property=\"og:url\" content=\"https:\/\/axlesthermes.wellness-sport-camping.com\/es\/su-estancia\/para-su-comodidad\/\" \/>\n<meta property=\"og:site_name\" content=\"Camping Malaz\u00e9ou\" \/>\n<meta property=\"article:modified_time\" content=\"2026-04-01T13:49:44+00:00\" \/>\n<meta property=\"og:image\" content=\"https:\/\/axlesthermes.wellness-sport-camping.com\/wp-content\/uploads\/votre-confort-01.jpg\" \/>\n\t<meta property=\"og:image:width\" content=\"1920\" \/>\n\t<meta property=\"og:image:height\" content=\"900\" \/>\n\t<meta property=\"og:image:type\" content=\"image\/jpeg\" \/>\n<meta name=\"twitter:card\" content=\"summary_large_image\" \/>\n<meta name=\"twitter:label1\" content=\"Tiempo de lectura\" \/>\n\t<meta name=\"twitter:data1\" content=\"2 minutos\" \/>\n<script type=\"application\/ld+json\" class=\"yoast-schema-graph\">{\"@context\":\"https:\/\/schema.org\",\"@graph\":[{\"@type\":\"WebPage\",\"@id\":\"https:\/\/axlesthermes.wellness-sport-camping.com\/es\/su-estancia\/para-su-comodidad\/\",\"url\":\"https:\/\/axlesthermes.wellness-sport-camping.com\/es\/su-estancia\/para-su-comodidad\/\",\"name\":\"Camping Le Malaz\u00e9ou - Para tu comodidad durante tu estancia\",\"isPartOf\":{\"@id\":\"https:\/\/axlesthermes.wellness-sport-camping.com\/es\/#website\"},\"primaryImageOfPage\":{\"@id\":\"https:\/\/axlesthermes.wellness-sport-camping.com\/es\/su-estancia\/para-su-comodidad\/#primaryimage\"},\"image\":{\"@id\":\"https:\/\/axlesthermes.wellness-sport-camping.com\/es\/su-estancia\/para-su-comodidad\/#primaryimage\"},\"thumbnailUrl\":\"https:\/\/axlesthermes.wellness-sport-camping.com\/wp-content\/uploads\/votre-confort-01.jpg\",\"datePublished\":\"2023-03-13T12:25:55+00:00\",\"dateModified\":\"2026-04-01T13:49:44+00:00\",\"description\":\"En el Camping Le Malaz\u00e9ou, hacemos todo lo posible para garantizar su comodidad durante su estancia. Disfrute de unas instalaciones modernas, parcelas amplias, servicios pr\u00e1cticos y un equipo atento.\",\"breadcrumb\":{\"@id\":\"https:\/\/axlesthermes.wellness-sport-camping.com\/es\/su-estancia\/para-su-comodidad\/#breadcrumb\"},\"inLanguage\":\"es\",\"potentialAction\":[{\"@type\":\"ReadAction\",\"target\":[\"https:\/\/axlesthermes.wellness-sport-camping.com\/es\/su-estancia\/para-su-comodidad\/\"]}]},{\"@type\":\"ImageObject\",\"inLanguage\":\"es\",\"@id\":\"https:\/\/axlesthermes.wellness-sport-camping.com\/es\/su-estancia\/para-su-comodidad\/#primaryimage\",\"url\":\"https:\/\/axlesthermes.wellness-sport-camping.com\/wp-content\/uploads\/votre-confort-01.jpg\",\"contentUrl\":\"https:\/\/axlesthermes.wellness-sport-camping.com\/wp-content\/uploads\/votre-confort-01.jpg\",\"width\":1920,\"height\":900},{\"@type\":\"BreadcrumbList\",\"@id\":\"https:\/\/axlesthermes.wellness-sport-camping.com\/es\/su-estancia\/para-su-comodidad\/#breadcrumb\",\"itemListElement\":[{\"@type\":\"ListItem\",\"position\":1,\"name\":\"Inicio\",\"item\":\"https:\/\/axlesthermes.wellness-sport-camping.com\/es\/\"},{\"@type\":\"ListItem\",\"position\":2,\"name\":\"Su estancia\",\"item\":\"https:\/\/axlesthermes.wellness-sport-camping.com\/es\/su-estancia\/\"},{\"@type\":\"ListItem\",\"position\":3,\"name\":\"Restaurante L&#8217;Annexe\"}]},{\"@type\":\"WebSite\",\"@id\":\"https:\/\/axlesthermes.wellness-sport-camping.com\/es\/#website\",\"url\":\"https:\/\/axlesthermes.wellness-sport-camping.com\/es\/\",\"name\":\"Camping Malaz\u00e9ou\",\"description\":\"borde la rivi\u00e8re Ari\u00e8ge\",\"publisher\":{\"@id\":\"https:\/\/axlesthermes.wellness-sport-camping.com\/es\/#organization\"},\"potentialAction\":[{\"@type\":\"SearchAction\",\"target\":{\"@type\":\"EntryPoint\",\"urlTemplate\":\"https:\/\/axlesthermes.wellness-sport-camping.com\/es\/?s={search_term_string}\"},\"query-input\":{\"@type\":\"PropertyValueSpecification\",\"valueRequired\":true,\"valueName\":\"search_term_string\"}}],\"inLanguage\":\"es\"},{\"@type\":\"Organization\",\"@id\":\"https:\/\/axlesthermes.wellness-sport-camping.com\/es\/#organization\",\"name\":\"Camping Malaz\u00e9ou\",\"url\":\"https:\/\/axlesthermes.wellness-sport-camping.com\/es\/\",\"logo\":{\"@type\":\"ImageObject\",\"inLanguage\":\"es\",\"@id\":\"https:\/\/axlesthermes.wellness-sport-camping.com\/es\/#\/schema\/logo\/image\/\",\"url\":\"https:\/\/axlesthermes.wellness-sport-camping.com\/wp-content\/uploads\/logo-penne-blanche.png\",\"contentUrl\":\"https:\/\/axlesthermes.wellness-sport-camping.com\/wp-content\/uploads\/logo-penne-blanche.png\",\"width\":260,\"height\":137,\"caption\":\"Camping Malaz\u00e9ou\"},\"image\":{\"@id\":\"https:\/\/axlesthermes.wellness-sport-camping.com\/es\/#\/schema\/logo\/image\/\"}}]}<\/script>\n<!-- \/ Yoast SEO plugin. -->","yoast_head_json":{"title":"Camping Le Malaz\u00e9ou - Para tu comodidad durante tu estancia","description":"En el Camping Le Malaz\u00e9ou, hacemos todo lo posible para garantizar su comodidad durante su estancia. Disfrute de unas instalaciones modernas, parcelas amplias, servicios pr\u00e1cticos y un equipo atento.","robots":{"index":"index","follow":"follow","max-snippet":"max-snippet:-1","max-image-preview":"max-image-preview:large","max-video-preview":"max-video-preview:-1"},"canonical":"https:\/\/axlesthermes.wellness-sport-camping.com\/es\/su-estancia\/para-su-comodidad\/","og_locale":"es_ES","og_type":"article","og_title":"Camping Le Malaz\u00e9ou - Para tu comodidad durante tu estancia","og_description":"En el Camping Le Malaz\u00e9ou, hacemos todo lo posible para garantizar su comodidad durante su estancia. Disfrute de unas instalaciones modernas, parcelas amplias, servicios pr\u00e1cticos y un equipo atento.","og_url":"https:\/\/axlesthermes.wellness-sport-camping.com\/es\/su-estancia\/para-su-comodidad\/","og_site_name":"Camping Malaz\u00e9ou","article_modified_time":"2026-04-01T13:49:44+00:00","og_image":[{"width":1920,"height":900,"url":"https:\/\/axlesthermes.wellness-sport-camping.com\/wp-content\/uploads\/votre-confort-01.jpg","type":"image\/jpeg"}],"twitter_card":"summary_large_image","twitter_misc":{"Tiempo de lectura":"2 minutos"},"schema":{"@context":"https:\/\/schema.org","@graph":[{"@type":"WebPage","@id":"https:\/\/axlesthermes.wellness-sport-camping.com\/es\/su-estancia\/para-su-comodidad\/","url":"https:\/\/axlesthermes.wellness-sport-camping.com\/es\/su-estancia\/para-su-comodidad\/","name":"Camping Le Malaz\u00e9ou - Para tu comodidad durante tu estancia","isPartOf":{"@id":"https:\/\/axlesthermes.wellness-sport-camping.com\/es\/#website"},"primaryImageOfPage":{"@id":"https:\/\/axlesthermes.wellness-sport-camping.com\/es\/su-estancia\/para-su-comodidad\/#primaryimage"},"image":{"@id":"https:\/\/axlesthermes.wellness-sport-camping.com\/es\/su-estancia\/para-su-comodidad\/#primaryimage"},"thumbnailUrl":"https:\/\/axlesthermes.wellness-sport-camping.com\/wp-content\/uploads\/votre-confort-01.jpg","datePublished":"2023-03-13T12:25:55+00:00","dateModified":"2026-04-01T13:49:44+00:00","description":"En el Camping Le Malaz\u00e9ou, hacemos todo lo posible para garantizar su comodidad durante su estancia. Disfrute de unas instalaciones modernas, parcelas amplias, servicios pr\u00e1cticos y un equipo atento.","breadcrumb":{"@id":"https:\/\/axlesthermes.wellness-sport-camping.com\/es\/su-estancia\/para-su-comodidad\/#breadcrumb"},"inLanguage":"es","potentialAction":[{"@type":"ReadAction","target":["https:\/\/axlesthermes.wellness-sport-camping.com\/es\/su-estancia\/para-su-comodidad\/"]}]},{"@type":"ImageObject","inLanguage":"es","@id":"https:\/\/axlesthermes.wellness-sport-camping.com\/es\/su-estancia\/para-su-comodidad\/#primaryimage","url":"https:\/\/axlesthermes.wellness-sport-camping.com\/wp-content\/uploads\/votre-confort-01.jpg","contentUrl":"https:\/\/axlesthermes.wellness-sport-camping.com\/wp-content\/uploads\/votre-confort-01.jpg","width":1920,"height":900},{"@type":"BreadcrumbList","@id":"https:\/\/axlesthermes.wellness-sport-camping.com\/es\/su-estancia\/para-su-comodidad\/#breadcrumb","itemListElement":[{"@type":"ListItem","position":1,"name":"Inicio","item":"https:\/\/axlesthermes.wellness-sport-camping.com\/es\/"},{"@type":"ListItem","position":2,"name":"Su estancia","item":"https:\/\/axlesthermes.wellness-sport-camping.com\/es\/su-estancia\/"},{"@type":"ListItem","position":3,"name":"Restaurante L&#8217;Annexe"}]},{"@type":"WebSite","@id":"https:\/\/axlesthermes.wellness-sport-camping.com\/es\/#website","url":"https:\/\/axlesthermes.wellness-sport-camping.com\/es\/","name":"Camping Malaz\u00e9ou","description":"borde la rivi\u00e8re Ari\u00e8ge","publisher":{"@id":"https:\/\/axlesthermes.wellness-sport-camping.com\/es\/#organization"},"potentialAction":[{"@type":"SearchAction","target":{"@type":"EntryPoint","urlTemplate":"https:\/\/axlesthermes.wellness-sport-camping.com\/es\/?s={search_term_string}"},"query-input":{"@type":"PropertyValueSpecification","valueRequired":true,"valueName":"search_term_string"}}],"inLanguage":"es"},{"@type":"Organization","@id":"https:\/\/axlesthermes.wellness-sport-camping.com\/es\/#organization","name":"Camping Malaz\u00e9ou","url":"https:\/\/axlesthermes.wellness-sport-camping.com\/es\/","logo":{"@type":"ImageObject","inLanguage":"es","@id":"https:\/\/axlesthermes.wellness-sport-camping.com\/es\/#\/schema\/logo\/image\/","url":"https:\/\/axlesthermes.wellness-sport-camping.com\/wp-content\/uploads\/logo-penne-blanche.png","contentUrl":"https:\/\/axlesthermes.wellness-sport-camping.com\/wp-content\/uploads\/logo-penne-blanche.png","width":260,"height":137,"caption":"Camping Malaz\u00e9ou"},"image":{"@id":"https:\/\/axlesthermes.wellness-sport-camping.com\/es\/#\/schema\/logo\/image\/"}}]}},"_links":{"self":[{"href":"https:\/\/axlesthermes.wellness-sport-camping.com\/es\/wp-json\/wp\/v2\/pages\/2454","targetHints":{"allow":["GET"]}}],"collection":[{"href":"https:\/\/axlesthermes.wellness-sport-camping.com\/es\/wp-json\/wp\/v2\/pages"}],"about":[{"href":"https:\/\/axlesthermes.wellness-sport-camping.com\/es\/wp-json\/wp\/v2\/types\/page"}],"author":[{"embeddable":true,"href":"https:\/\/axlesthermes.wellness-sport-camping.com\/es\/wp-json\/wp\/v2\/users\/5"}],"replies":[{"embeddable":true,"href":"https:\/\/axlesthermes.wellness-sport-camping.com\/es\/wp-json\/wp\/v2\/comments?post=2454"}],"version-history":[{"count":6,"href":"https:\/\/axlesthermes.wellness-sport-camping.com\/es\/wp-json\/wp\/v2\/pages\/2454\/revisions"}],"predecessor-version":[{"id":5312,"href":"https:\/\/axlesthermes.wellness-sport-camping.com\/es\/wp-json\/wp\/v2\/pages\/2454\/revisions\/5312"}],"up":[{"embeddable":true,"href":"https:\/\/axlesthermes.wellness-sport-camping.com\/es\/wp-json\/wp\/v2\/pages\/2200"}],"wp:featuredmedia":[{"embeddable":true,"href":"https:\/\/axlesthermes.wellness-sport-camping.com\/es\/wp-json\/wp\/v2\/media\/2797"}],"wp:attachment":[{"href":"https:\/\/axlesthermes.wellness-sport-camping.com\/es\/wp-json\/wp\/v2\/media?parent=2454"}],"curies":[{"name":"wp","href":"https:\/\/api.w.org\/{rel}","templated":true}]}}