{"id":2200,"date":"2023-03-06T14:16:34","date_gmt":"2023-03-06T13:16:34","guid":{"rendered":"http:\/\/axlesthermes.wellness-sport-camping.com\/votre-sejour\/"},"modified":"2023-04-24T17:02:15","modified_gmt":"2023-04-24T15:02:15","slug":"su-estancia","status":"publish","type":"page","link":"https:\/\/axlesthermes.wellness-sport-camping.com\/es\/su-estancia\/","title":{"rendered":"Su estancia"},"content":{"rendered":"\n<div class=\"wp-block-cover alignfull header-top simbol-top-left\" style=\"margin-top:0px;margin-bottom:0px;padding-top:0;padding-right:0;padding-bottom:0px;padding-left:0;min-height:95vh;aspect-ratio:unset;\"><span aria-hidden=\"true\" class=\"wp-block-cover__background has-background-dim-30 has-background-dim\"><\/span><img decoding=\"async\" width=\"1920\" height=\"1000\" class=\"wp-block-cover__image-background wp-image-1727 lazyload\" alt=\"\" data-src=\"https:\/\/axlesthermes.wellness-sport-camping.com\/wp-content\/uploads\/sejour-top.jpg\" data-object-fit=\"cover\" data-srcset=\"https:\/\/axlesthermes.wellness-sport-camping.com\/wp-content\/uploads\/sejour-top.jpg 1920w, https:\/\/axlesthermes.wellness-sport-camping.com\/wp-content\/uploads\/sejour-top-1024x533.jpg 1024w, https:\/\/axlesthermes.wellness-sport-camping.com\/wp-content\/uploads\/sejour-top-768x400.jpg 768w, https:\/\/axlesthermes.wellness-sport-camping.com\/wp-content\/uploads\/sejour-top-1536x800.jpg 1536w, https:\/\/axlesthermes.wellness-sport-camping.com\/wp-content\/uploads\/sejour-top-512x267.jpg 512w, https:\/\/axlesthermes.wellness-sport-camping.com\/wp-content\/uploads\/sejour-top-256x133.jpg 256w\" data-sizes=\"(max-width: 1920px) 100vw, 1920px\" src=\"data:image\/svg+xml;base64,PHN2ZyB3aWR0aD0iMSIgaGVpZ2h0PSIxIiB4bWxucz0iaHR0cDovL3d3dy53My5vcmcvMjAwMC9zdmciPjwvc3ZnPg==\" style=\"--smush-placeholder-width: 1920px; --smush-placeholder-aspect-ratio: 1920\/1000;\" \/><div class=\"wp-block-cover__inner-container is-layout-flow wp-block-cover-is-layout-flow\">\n<div class=\"wp-block-group titre-top animation--init--once animation--top is-layout-constrained wp-block-group-is-layout-constrained\" style=\"padding-bottom:0px\">\n<p class=\"has-text-align-center has-theme-white-color has-text-color has-damion-font-family has-h-1-font-size\">Su estancia<\/p>\n\n\n\n<p class=\"has-text-align-center has-theme-white-color has-text-color\"><\/p>\n<\/div>\n\n\n\n<div class=\"wp-block-group breadcrumbs-top is-layout-constrained wp-block-group-is-layout-constrained\" style=\"margin-top:10px;margin-bottom:0px\">\n<span><span><a href=\"https:\/\/axlesthermes.wellness-sport-camping.com\/es\/\">Inicio<\/a><\/span><\/span>\n<\/div>\n\n\n\n<div class=\"wp-block-group alignfull motor-thelis has-theme-brown-2-background-color has-background is-layout-constrained wp-container-core-group-is-layout-e129b69f wp-block-group-is-layout-constrained\" style=\"padding-top:0px;padding-right:0px;padding-bottom:0px;padding-left:0px\">\n<div class=\"wp-block-columns is-layout-flex wp-container-core-columns-is-layout-28f84493 wp-block-columns-is-layout-flex\">\n<div class=\"wp-block-column is-layout-flow wp-block-column-is-layout-flow\" style=\"flex-basis:100%\">\n<section class=\"formulaire-de-recherche-bar\">\r\n            <div id=\"expand-thelis-formulaire\">Reservar<\/div>\r\n            <div class=\"container-form\"><thr-search-engine><\/thr-search-engine><a id=\"pay-btn-2\" onclick=\"window.open('https:\/\/thelisresa.webcamp.fr\/cart-directPayment.php?camping=malazeou&amp;lang=es');\"><i><\/i>Pagar estancia<\/a>\r\n            <style>\r\n            \r\n            .thr-search-engine .thr-search-engine-main > .thr-btn-search { max-width: 20% !important; }\r\n            .thr .btn i { margin-right: 0 !important; }\r\n            #pay-btn-2 { \r\n                position: absolute;\r\n                right: 0;top: 0;\r\n                margin: 10px;\r\n                border: 0;\r\n                background-color: ;\r\n                color: ;\r\n                cursor: pointer;\r\n                width: calc(17% - 5px);\r\n                padding: 17px 0;\r\n                font-size: 18px;\r\n                font-weight: bold;\r\n                text-transform: auto;\r\n                transition: all .35s;\r\n                display: flex;justify-content: center;\r\n                align-items: center;\r\n            }\r\n            #pay-btn-2 i {\r\n                display: inline-flex;\r\n                width:18px;height:18px;\r\n                margin-right: 5px;\r\n                background-image: url('data:image\/svg+xml;utf8,<?xml version=\"1.0\" encoding=\"utf-8\"?><svg width=\"1792\" height=\"1792\" viewBox=\"0 0 1792 1792\" xmlns=\"http:\/\/www.w3.org\/2000\/svg\"><path d=\"M704 1536q0 52-38 90t-90 38-90-38-38-90 38-90 90-38 90 38 38 90zm896 0q0 52-38 90t-90 38-90-38-38-90 38-90 90-38 90 38 38 90zm128-1088v512q0 24-16.5 42.5t-40.5 21.5l-1044 122q13 60 13 70 0 16-24 64h920q26 0 45 19t19 45-19 45-45 19h-1024q-26 0-45-19t-19-45q0-11 8-31.5t16-36 21.5-40 15.5-29.5l-177-823h-204q-26 0-45-19t-19-45 19-45 45-19h256q16 0 28.5 6.5t19.5 15.5 13 24.5 8 26 5.5 29.5 4.5 26h1201q26 0 45 19t19 45z\" fill=\"rgba(255,255,255,1)\" \/><\/svg>');\r\n                background-size: cover;background-position: center center;background-repeat: no-repeat;\r\n            }\r\n            #pay-btn-2:hover { background-color: ; }\r\n            .thr-search-engine { width: 83%; }\r\n\r\n            @media screen and (max-width: 1024px) {\r\n                #pay-btn-2 { top: 52px; }\r\n                .thr-search-engine .thr-search-engine-main > .thr-btn-search { max-width: inherit !important; }\r\n            }\r\n            @media screen and (max-width: 990px) {\r\n                .thr-search-engine { width: 100%; }\r\n                #pay-btn-2 { position: relative;width: calc(100% - 20px);top: auto;margin-top: 0; }\r\n            }\r\n\r\n            thr-search-engine { border-right: 200px rgba(0,0,0,0) solid;display: block; }\r\n            @media screen and (max-width: 1024px) {\r\n                thr-search-engine { border-right: inherit;display: inherit; }\r\n            }\r\n            <\/style>\r\n            <\/div><\/section><!-- .formulaire-de-recherche-bar --><style>\r\n        #expand-thelis-formulaire { display: none; }\r\n        @media screen and (max-width: 1024px) {\r\n            #expand-thelis-formulaire { display: block; }\r\n            .formulaire-de-recherche-bar .container-form { display: none; }\r\n        }\r\n    <\/style><script>\r\n    jQuery(document).ready(function($){\r\n        jQuery('#expand-thelis-formulaire').click(function(){\r\n            if(\r\n                jQuery('.formulaire-de-recherche-bar .container-form').css('display') == 'none'\r\n            ){\r\n                jQuery('.formulaire-de-recherche-bar .container-form').css('display', 'block');\r\n                jQuery('#expand-thelis-formulaire').addClass('expanded');\r\n            }else{\r\n                jQuery('.formulaire-de-recherche-bar .container-form').css('display', 'none');\r\n                jQuery('#expand-thelis-formulaire').removeClass('expanded');\r\n            }\r\n        });\r\n    });\r\n    <\/script>\n<\/div>\n<\/div>\n<\/div>\n<\/div><\/div>\n\n\n\n<div class=\"wp-block-group alignfull page-intro simbol-top-right-2 is-layout-constrained wp-block-group-is-layout-constrained\">\n<h1 class=\"wp-block-heading has-text-align-center simbol-titre has-sub\">Descubre el entorno<sub><span>Actividades zen y de naturaleza<\/span><br> para todos, seg\u00fan la temporada<\/sub><\/h1>\n\n\n\n<p>En familia o con amigos, enamorado o en solitario, \u00a1tendr\u00e1 la oportunidad de elegir su estilo de vacaciones! Una zona verde para instalar su tienda, caravana o autocaravana. <\/p>\n\n\n\n<p>Una casa m\u00f3vil o un chalet para dejar las maletas con s\u00f3lo girar una llave.<\/p>\n<\/div>\n\n\n\n<div class=\"wp-block-group alignfull autres-elements has-theme-blue-3-background-color has-background is-layout-constrained wp-block-group-is-layout-constrained\" style=\"margin-bottom:0px\"><script>var object = [];<\/script>\n<div class=\"wp-block-otros-elementos alignwide\">\n\n                                        \n             \n            <div class=\"wp-block-columns columnas-3 slider-otros-elementos\">  \n                                \n                    <a class=\"wp-block-column r\" href=\"https:\/\/axlesthermes.wellness-sport-camping.com\/es\/su-estancia\/piscina\/\">\n                    \n                        <div class=\"image-wrapper\">\n                                                    <\/div>\n                        <div class=\"content-slider\">\n                            <span class=\"titre-element\">Servicios y comodidad<\/span>\n                            <div class=\"onhover \">\n                                                                    <p>Nada m\u00e1s llegar, desconecta de la rutina diaria y disfruta de unas vacaciones con tus seres queridos o tus amigos. Todo el equipo estar\u00e1 a tu disposici\u00f3n, responder\u00e1 a tus preguntas<br \/>\ny te indicar\u00e1 d\u00f3nde te alojar\u00e1s a tu llegada. Todo est\u00e1 pensado para que te relajes<br \/>\ndurante toda tu estancia<\/p>\n                                                                <div class=\"wp-block-custom-banner lien-button has-text-align-left\">\n                                    <div class=\"acf-innerblocks-container\">\n                                        <p>Descubrir<\/p>\n                                    <\/div>\n                                <\/div>\n                                                                \n                            <\/div>\n                        <\/div>\n                    <\/a>\n                                                \n                    <a class=\"wp-block-column r\" href=\"https:\/\/axlesthermes.wellness-sport-camping.com\/es\/su-estancia\/actividades-durante-su-estancia\/\">\n                    \n                        <div class=\"image-wrapper\">\n                            <img decoding=\"async\" width=\"986\" height=\"1024\" data-src=\"https:\/\/axlesthermes.wellness-sport-camping.com\/wp-content\/uploads\/eabe8055a290721fa4a2c14c9f3e99f3-986x1024-1.webp\" class=\"attachment-gallery-large size-gallery-large wp-post-image lazyload\" alt=\"\" data-srcset=\"https:\/\/axlesthermes.wellness-sport-camping.com\/wp-content\/uploads\/eabe8055a290721fa4a2c14c9f3e99f3-986x1024-1.webp 986w, https:\/\/axlesthermes.wellness-sport-camping.com\/wp-content\/uploads\/eabe8055a290721fa4a2c14c9f3e99f3-986x1024-1-768x798.webp 768w, https:\/\/axlesthermes.wellness-sport-camping.com\/wp-content\/uploads\/eabe8055a290721fa4a2c14c9f3e99f3-986x1024-1-493x512.webp 493w, https:\/\/axlesthermes.wellness-sport-camping.com\/wp-content\/uploads\/eabe8055a290721fa4a2c14c9f3e99f3-986x1024-1-247x256.webp 247w\" data-sizes=\"(max-width: 986px) 100vw, 986px\" src=\"data:image\/svg+xml;base64,PHN2ZyB3aWR0aD0iMSIgaGVpZ2h0PSIxIiB4bWxucz0iaHR0cDovL3d3dy53My5vcmcvMjAwMC9zdmciPjwvc3ZnPg==\" style=\"--smush-placeholder-width: 986px; --smush-placeholder-aspect-ratio: 986\/1024;\" \/>                        <\/div>\n                        <div class=\"content-slider\">\n                            <span class=\"titre-element\">Descubrimientos Aqua: tu primera inmersi\u00f3n en el termalismo<\/span>\n                            <div class=\"onhover \">\n                                                                    <p>Disfruta de una sesi\u00f3n de balneoterapia de medio d\u00eda en Ax-les-Thermes. 3 paquetes (Sport, Boost, Respire) por 65 \u20ac. Reserva tu opci\u00f3n de bienestar junto con tu estancia en el camping UCPA.<\/p>\n                                                                <div class=\"wp-block-custom-banner lien-button has-text-align-left\">\n                                    <div class=\"acf-innerblocks-container\">\n                                        <p>Descubrir<\/p>\n                                    <\/div>\n                                <\/div>\n                                                                \n                            <\/div>\n                        <\/div>\n                    <\/a>\n                                                \n                    <a class=\"wp-block-column r\" href=\"https:\/\/axlesthermes.wellness-sport-camping.com\/es\/su-estancia\/para-su-comodidad\/\">\n                    \n                        <div class=\"image-wrapper\">\n                            <img decoding=\"async\" width=\"1536\" height=\"720\" data-src=\"https:\/\/axlesthermes.wellness-sport-camping.com\/wp-content\/uploads\/votre-confort-01-1536x720.jpg\" class=\"attachment-gallery-large size-gallery-large wp-post-image lazyload\" alt=\"\" data-srcset=\"https:\/\/axlesthermes.wellness-sport-camping.com\/wp-content\/uploads\/votre-confort-01-1536x720.jpg 1536w, https:\/\/axlesthermes.wellness-sport-camping.com\/wp-content\/uploads\/votre-confort-01-1024x480.jpg 1024w, https:\/\/axlesthermes.wellness-sport-camping.com\/wp-content\/uploads\/votre-confort-01-768x360.jpg 768w, https:\/\/axlesthermes.wellness-sport-camping.com\/wp-content\/uploads\/votre-confort-01-512x240.jpg 512w, https:\/\/axlesthermes.wellness-sport-camping.com\/wp-content\/uploads\/votre-confort-01-256x120.jpg 256w, https:\/\/axlesthermes.wellness-sport-camping.com\/wp-content\/uploads\/votre-confort-01.jpg 1920w\" data-sizes=\"(max-width: 1536px) 100vw, 1536px\" src=\"data:image\/svg+xml;base64,PHN2ZyB3aWR0aD0iMSIgaGVpZ2h0PSIxIiB4bWxucz0iaHR0cDovL3d3dy53My5vcmcvMjAwMC9zdmciPjwvc3ZnPg==\" style=\"--smush-placeholder-width: 1536px; --smush-placeholder-aspect-ratio: 1536\/720;\" \/>                        <\/div>\n                        <div class=\"content-slider\">\n                            <span class=\"titre-element\">Restaurante L&#8217;Annexe<\/span>\n                            <div class=\"onhover \">\n                                                                    <p>Descubre una nueva experiencia culinaria en el coraz\u00f3n del Wellness Sport Camping UCPA Ax-Les-Thermes<br \/>\nTotalmente renovado, el restaurante L&#8217;Annexe te invita a un viaje gastron\u00f3mico \u00fanico. Nuestro chef te ofrece una carta que va cambiando con el tiempo y que destaca los productos locales y de temporada, realzados por una cocci\u00f3n magistral en nuestra plancha de carb\u00f3n. <\/p>\n                                                                <div class=\"wp-block-custom-banner lien-button has-text-align-left\">\n                                    <div class=\"acf-innerblocks-container\">\n                                        <p>Descubrir<\/p>\n                                    <\/div>\n                                <\/div>\n                                                                \n                            <\/div>\n                        <\/div>\n                    <\/a>\n                                            <\/div>\n            \n            \n<\/div>\n\n\n<style>\n    @media only screen and (min-width: 1300px){\n        .locations-camping .slider-otros-alojamientos .splide__slide {\n            width: calc(68% \/ 3)!important;}\n    }\n<\/style><\/div>\n","protected":false},"excerpt":{"rendered":"<p>Descubre el entornoActividades zen y de naturaleza para todos, seg\u00fan la temporada En familia o con amigos, enamorado o en solitario, \u00a1tendr\u00e1 la oportunidad de&#8230;<\/p>\n","protected":false},"author":5,"featured_media":0,"parent":0,"menu_order":5,"comment_status":"closed","ping_status":"closed","template":"","meta":{"_acf_changed":false,"inline_featured_image":false,"footnotes":""},"class_list":["post-2200","page","type-page","status-publish","hentry"],"acf":[],"yoast_head":"<!-- This site is optimized with the Yoast SEO plugin v27.1.1 - https:\/\/yoast.com\/product\/yoast-seo-wordpress\/ -->\n<title>Su estancia - Camping Malaz\u00e9ou<\/title>\n<meta name=\"description\" content=\"Su estancia Descubre el entornoActividades zen y de naturaleza para todos, seg\u00fan la temporada En familia o con amigos, enamorado o en solitario, \u00a1tendr\u00e1\" \/>\n<meta name=\"robots\" content=\"index, follow, max-snippet:-1, max-image-preview:large, max-video-preview:-1\" \/>\n<link rel=\"canonical\" href=\"https:\/\/axlesthermes.wellness-sport-camping.com\/es\/su-estancia\/\" \/>\n<meta property=\"og:locale\" content=\"es_ES\" \/>\n<meta property=\"og:type\" content=\"article\" \/>\n<meta property=\"og:title\" content=\"Su estancia - Camping Malaz\u00e9ou\" \/>\n<meta property=\"og:description\" content=\"Su estancia Descubre el entornoActividades zen y de naturaleza para todos, seg\u00fan la temporada En familia o con amigos, enamorado o en solitario, \u00a1tendr\u00e1\" \/>\n<meta property=\"og:url\" content=\"https:\/\/axlesthermes.wellness-sport-camping.com\/es\/su-estancia\/\" \/>\n<meta property=\"og:site_name\" content=\"Camping Malaz\u00e9ou\" \/>\n<meta property=\"article:modified_time\" content=\"2023-04-24T15:02:15+00:00\" \/>\n<meta property=\"og:image\" content=\"https:\/\/axlesthermes.wellness-sport-camping.com\/wp-content\/uploads\/sejour-top.jpg\" \/>\n<meta name=\"twitter:card\" content=\"summary_large_image\" \/>\n<meta name=\"twitter:label1\" content=\"Tiempo de lectura\" \/>\n\t<meta name=\"twitter:data1\" content=\"1 minuto\" \/>\n<script type=\"application\/ld+json\" class=\"yoast-schema-graph\">{\"@context\":\"https:\/\/schema.org\",\"@graph\":[{\"@type\":\"WebPage\",\"@id\":\"https:\/\/axlesthermes.wellness-sport-camping.com\/es\/su-estancia\/\",\"url\":\"https:\/\/axlesthermes.wellness-sport-camping.com\/es\/su-estancia\/\",\"name\":\"Su estancia - Camping Malaz\u00e9ou\",\"isPartOf\":{\"@id\":\"https:\/\/axlesthermes.wellness-sport-camping.com\/es\/#website\"},\"primaryImageOfPage\":{\"@id\":\"https:\/\/axlesthermes.wellness-sport-camping.com\/es\/su-estancia\/#primaryimage\"},\"image\":{\"@id\":\"https:\/\/axlesthermes.wellness-sport-camping.com\/es\/su-estancia\/#primaryimage\"},\"thumbnailUrl\":\"https:\/\/axlesthermes.wellness-sport-camping.com\/wp-content\/uploads\/sejour-top.jpg\",\"datePublished\":\"2023-03-06T13:16:34+00:00\",\"dateModified\":\"2023-04-24T15:02:15+00:00\",\"description\":\"Su estancia Descubre el entornoActividades zen y de naturaleza para todos, seg\u00fan la temporada En familia o con amigos, enamorado o en solitario, \u00a1tendr\u00e1\",\"breadcrumb\":{\"@id\":\"https:\/\/axlesthermes.wellness-sport-camping.com\/es\/su-estancia\/#breadcrumb\"},\"inLanguage\":\"es\",\"potentialAction\":[{\"@type\":\"ReadAction\",\"target\":[\"https:\/\/axlesthermes.wellness-sport-camping.com\/es\/su-estancia\/\"]}]},{\"@type\":\"ImageObject\",\"inLanguage\":\"es\",\"@id\":\"https:\/\/axlesthermes.wellness-sport-camping.com\/es\/su-estancia\/#primaryimage\",\"url\":\"https:\/\/axlesthermes.wellness-sport-camping.com\/wp-content\/uploads\/sejour-top.jpg\",\"contentUrl\":\"https:\/\/axlesthermes.wellness-sport-camping.com\/wp-content\/uploads\/sejour-top.jpg\"},{\"@type\":\"BreadcrumbList\",\"@id\":\"https:\/\/axlesthermes.wellness-sport-camping.com\/es\/su-estancia\/#breadcrumb\",\"itemListElement\":[{\"@type\":\"ListItem\",\"position\":1,\"name\":\"Inicio\",\"item\":\"https:\/\/axlesthermes.wellness-sport-camping.com\/es\/\"},{\"@type\":\"ListItem\",\"position\":2,\"name\":\"Su estancia\"}]},{\"@type\":\"WebSite\",\"@id\":\"https:\/\/axlesthermes.wellness-sport-camping.com\/es\/#website\",\"url\":\"https:\/\/axlesthermes.wellness-sport-camping.com\/es\/\",\"name\":\"Camping Malaz\u00e9ou\",\"description\":\"borde la rivi\u00e8re Ari\u00e8ge\",\"publisher\":{\"@id\":\"https:\/\/axlesthermes.wellness-sport-camping.com\/es\/#organization\"},\"potentialAction\":[{\"@type\":\"SearchAction\",\"target\":{\"@type\":\"EntryPoint\",\"urlTemplate\":\"https:\/\/axlesthermes.wellness-sport-camping.com\/es\/?s={search_term_string}\"},\"query-input\":{\"@type\":\"PropertyValueSpecification\",\"valueRequired\":true,\"valueName\":\"search_term_string\"}}],\"inLanguage\":\"es\"},{\"@type\":\"Organization\",\"@id\":\"https:\/\/axlesthermes.wellness-sport-camping.com\/es\/#organization\",\"name\":\"Camping Malaz\u00e9ou\",\"url\":\"https:\/\/axlesthermes.wellness-sport-camping.com\/es\/\",\"logo\":{\"@type\":\"ImageObject\",\"inLanguage\":\"es\",\"@id\":\"https:\/\/axlesthermes.wellness-sport-camping.com\/es\/#\/schema\/logo\/image\/\",\"url\":\"https:\/\/axlesthermes.wellness-sport-camping.com\/wp-content\/uploads\/logo-penne-blanche.png\",\"contentUrl\":\"https:\/\/axlesthermes.wellness-sport-camping.com\/wp-content\/uploads\/logo-penne-blanche.png\",\"width\":260,\"height\":137,\"caption\":\"Camping Malaz\u00e9ou\"},\"image\":{\"@id\":\"https:\/\/axlesthermes.wellness-sport-camping.com\/es\/#\/schema\/logo\/image\/\"}}]}<\/script>\n<!-- \/ Yoast SEO plugin. -->","yoast_head_json":{"title":"Su estancia - Camping Malaz\u00e9ou","description":"Su estancia Descubre el entornoActividades zen y de naturaleza para todos, seg\u00fan la temporada En familia o con amigos, enamorado o en solitario, \u00a1tendr\u00e1","robots":{"index":"index","follow":"follow","max-snippet":"max-snippet:-1","max-image-preview":"max-image-preview:large","max-video-preview":"max-video-preview:-1"},"canonical":"https:\/\/axlesthermes.wellness-sport-camping.com\/es\/su-estancia\/","og_locale":"es_ES","og_type":"article","og_title":"Su estancia - Camping Malaz\u00e9ou","og_description":"Su estancia Descubre el entornoActividades zen y de naturaleza para todos, seg\u00fan la temporada En familia o con amigos, enamorado o en solitario, \u00a1tendr\u00e1","og_url":"https:\/\/axlesthermes.wellness-sport-camping.com\/es\/su-estancia\/","og_site_name":"Camping Malaz\u00e9ou","article_modified_time":"2023-04-24T15:02:15+00:00","og_image":[{"url":"https:\/\/axlesthermes.wellness-sport-camping.com\/wp-content\/uploads\/sejour-top.jpg","type":"","width":"","height":""}],"twitter_card":"summary_large_image","twitter_misc":{"Tiempo de lectura":"1 minuto"},"schema":{"@context":"https:\/\/schema.org","@graph":[{"@type":"WebPage","@id":"https:\/\/axlesthermes.wellness-sport-camping.com\/es\/su-estancia\/","url":"https:\/\/axlesthermes.wellness-sport-camping.com\/es\/su-estancia\/","name":"Su estancia - Camping Malaz\u00e9ou","isPartOf":{"@id":"https:\/\/axlesthermes.wellness-sport-camping.com\/es\/#website"},"primaryImageOfPage":{"@id":"https:\/\/axlesthermes.wellness-sport-camping.com\/es\/su-estancia\/#primaryimage"},"image":{"@id":"https:\/\/axlesthermes.wellness-sport-camping.com\/es\/su-estancia\/#primaryimage"},"thumbnailUrl":"https:\/\/axlesthermes.wellness-sport-camping.com\/wp-content\/uploads\/sejour-top.jpg","datePublished":"2023-03-06T13:16:34+00:00","dateModified":"2023-04-24T15:02:15+00:00","description":"Su estancia Descubre el entornoActividades zen y de naturaleza para todos, seg\u00fan la temporada En familia o con amigos, enamorado o en solitario, \u00a1tendr\u00e1","breadcrumb":{"@id":"https:\/\/axlesthermes.wellness-sport-camping.com\/es\/su-estancia\/#breadcrumb"},"inLanguage":"es","potentialAction":[{"@type":"ReadAction","target":["https:\/\/axlesthermes.wellness-sport-camping.com\/es\/su-estancia\/"]}]},{"@type":"ImageObject","inLanguage":"es","@id":"https:\/\/axlesthermes.wellness-sport-camping.com\/es\/su-estancia\/#primaryimage","url":"https:\/\/axlesthermes.wellness-sport-camping.com\/wp-content\/uploads\/sejour-top.jpg","contentUrl":"https:\/\/axlesthermes.wellness-sport-camping.com\/wp-content\/uploads\/sejour-top.jpg"},{"@type":"BreadcrumbList","@id":"https:\/\/axlesthermes.wellness-sport-camping.com\/es\/su-estancia\/#breadcrumb","itemListElement":[{"@type":"ListItem","position":1,"name":"Inicio","item":"https:\/\/axlesthermes.wellness-sport-camping.com\/es\/"},{"@type":"ListItem","position":2,"name":"Su estancia"}]},{"@type":"WebSite","@id":"https:\/\/axlesthermes.wellness-sport-camping.com\/es\/#website","url":"https:\/\/axlesthermes.wellness-sport-camping.com\/es\/","name":"Camping Malaz\u00e9ou","description":"borde la rivi\u00e8re Ari\u00e8ge","publisher":{"@id":"https:\/\/axlesthermes.wellness-sport-camping.com\/es\/#organization"},"potentialAction":[{"@type":"SearchAction","target":{"@type":"EntryPoint","urlTemplate":"https:\/\/axlesthermes.wellness-sport-camping.com\/es\/?s={search_term_string}"},"query-input":{"@type":"PropertyValueSpecification","valueRequired":true,"valueName":"search_term_string"}}],"inLanguage":"es"},{"@type":"Organization","@id":"https:\/\/axlesthermes.wellness-sport-camping.com\/es\/#organization","name":"Camping Malaz\u00e9ou","url":"https:\/\/axlesthermes.wellness-sport-camping.com\/es\/","logo":{"@type":"ImageObject","inLanguage":"es","@id":"https:\/\/axlesthermes.wellness-sport-camping.com\/es\/#\/schema\/logo\/image\/","url":"https:\/\/axlesthermes.wellness-sport-camping.com\/wp-content\/uploads\/logo-penne-blanche.png","contentUrl":"https:\/\/axlesthermes.wellness-sport-camping.com\/wp-content\/uploads\/logo-penne-blanche.png","width":260,"height":137,"caption":"Camping Malaz\u00e9ou"},"image":{"@id":"https:\/\/axlesthermes.wellness-sport-camping.com\/es\/#\/schema\/logo\/image\/"}}]}},"_links":{"self":[{"href":"https:\/\/axlesthermes.wellness-sport-camping.com\/es\/wp-json\/wp\/v2\/pages\/2200","targetHints":{"allow":["GET"]}}],"collection":[{"href":"https:\/\/axlesthermes.wellness-sport-camping.com\/es\/wp-json\/wp\/v2\/pages"}],"about":[{"href":"https:\/\/axlesthermes.wellness-sport-camping.com\/es\/wp-json\/wp\/v2\/types\/page"}],"author":[{"embeddable":true,"href":"https:\/\/axlesthermes.wellness-sport-camping.com\/es\/wp-json\/wp\/v2\/users\/5"}],"replies":[{"embeddable":true,"href":"https:\/\/axlesthermes.wellness-sport-camping.com\/es\/wp-json\/wp\/v2\/comments?post=2200"}],"version-history":[{"count":1,"href":"https:\/\/axlesthermes.wellness-sport-camping.com\/es\/wp-json\/wp\/v2\/pages\/2200\/revisions"}],"predecessor-version":[{"id":2219,"href":"https:\/\/axlesthermes.wellness-sport-camping.com\/es\/wp-json\/wp\/v2\/pages\/2200\/revisions\/2219"}],"wp:attachment":[{"href":"https:\/\/axlesthermes.wellness-sport-camping.com\/es\/wp-json\/wp\/v2\/media?parent=2200"}],"curies":[{"name":"wp","href":"https:\/\/api.w.org\/{rel}","templated":true}]}}