{"id":2404,"date":"2023-03-13T13:16:20","date_gmt":"2023-03-13T12:16:20","guid":{"rendered":"http:\/\/axlesthermes.wellness-sport-camping.com\/the-campsite\/ete\/"},"modified":"2024-06-13T09:58:30","modified_gmt":"2024-06-13T07:58:30","slug":"summer","status":"publish","type":"page","link":"https:\/\/axlesthermes.wellness-sport-camping.com\/en\/summer\/","title":{"rendered":"Summer"},"content":{"rendered":"\n<div class=\"wp-block-cover alignfull is-light header-top simbol-top-left\" style=\"margin-top:0px;margin-bottom:0px;padding-top:0;padding-right:0;padding-bottom:0px;padding-left:0;min-height:95vh;aspect-ratio:unset;\"><span aria-hidden=\"true\" class=\"wp-block-cover__background has-background-dim-10 has-background-dim\" style=\"background-color:#98a4a6\"><\/span><img decoding=\"async\" width=\"2560\" height=\"1707\" class=\"wp-block-cover__image-background wp-image-3163 lazyload\" alt=\"\" data-src=\"https:\/\/axlesthermes.wellness-sport-camping.com\/wp-content\/uploads\/wellness-sport-camping-ax-les-thermes-piscine1-scaled.jpg\" data-object-fit=\"cover\" data-srcset=\"https:\/\/axlesthermes.wellness-sport-camping.com\/wp-content\/uploads\/wellness-sport-camping-ax-les-thermes-piscine1-scaled.jpg 2560w, https:\/\/axlesthermes.wellness-sport-camping.com\/wp-content\/uploads\/wellness-sport-camping-ax-les-thermes-piscine1-1024x683.jpg 1024w, https:\/\/axlesthermes.wellness-sport-camping.com\/wp-content\/uploads\/wellness-sport-camping-ax-les-thermes-piscine1-2048x1365.jpg 2048w, https:\/\/axlesthermes.wellness-sport-camping.com\/wp-content\/uploads\/wellness-sport-camping-ax-les-thermes-piscine1-768x512.jpg 768w, https:\/\/axlesthermes.wellness-sport-camping.com\/wp-content\/uploads\/wellness-sport-camping-ax-les-thermes-piscine1-1536x1024.jpg 1536w, https:\/\/axlesthermes.wellness-sport-camping.com\/wp-content\/uploads\/wellness-sport-camping-ax-les-thermes-piscine1-512x341.jpg 512w, https:\/\/axlesthermes.wellness-sport-camping.com\/wp-content\/uploads\/wellness-sport-camping-ax-les-thermes-piscine1-256x171.jpg 256w\" data-sizes=\"(max-width: 2560px) 100vw, 2560px\" src=\"data:image\/svg+xml;base64,PHN2ZyB3aWR0aD0iMSIgaGVpZ2h0PSIxIiB4bWxucz0iaHR0cDovL3d3dy53My5vcmcvMjAwMC9zdmciPjwvc3ZnPg==\" style=\"--smush-placeholder-width: 2560px; --smush-placeholder-aspect-ratio: 2560\/1707;\" \/><div class=\"wp-block-cover__inner-container is-layout-flow wp-block-cover-is-layout-flow\">\n<div class=\"wp-block-group titre-top animation--init--once animation--top is-layout-constrained wp-block-group-is-layout-constrained\" style=\"padding-bottom:0px\">\n<p class=\"has-text-align-center has-theme-white-color has-text-color has-damion-font-family has-h-1-font-size\">In Summer<\/p>\n\n\n\n<p class=\"has-text-align-center has-theme-white-color has-text-color\"><\/p>\n<\/div>\n\n\n\n<div class=\"wp-block-group breadcrumbs-top is-layout-constrained wp-block-group-is-layout-constrained\" style=\"margin-top:10px;margin-bottom:0px\">\n<span><span><a href=\"https:\/\/axlesthermes.wellness-sport-camping.com\/en\/\">Home<\/a><\/span><\/span>\n<\/div>\n\n\n\n<div class=\"wp-block-group alignfull motor-thelis has-theme-brown-2-background-color has-background is-layout-constrained wp-container-core-group-is-layout-e129b69f wp-block-group-is-layout-constrained\" style=\"padding-top:0px;padding-right:0px;padding-bottom:0px;padding-left:0px\">\n<div class=\"wp-block-columns is-layout-flex wp-container-core-columns-is-layout-28f84493 wp-block-columns-is-layout-flex\">\n<div class=\"wp-block-column is-layout-flow wp-block-column-is-layout-flow\" style=\"flex-basis:100%\">\n<section class=\"formulaire-de-recherche-bar\">\r\n            <div id=\"expand-thelis-formulaire\">Book<\/div>\r\n            <div class=\"container-form\"><thr-search-engine><\/thr-search-engine><a id=\"pay-btn-2\" onclick=\"window.open('https:\/\/thelisresa.webcamp.fr\/cart-directPayment.php?camping=malazeou&amp;lang=en');\"><i><\/i>Pay stay<\/a>\r\n            <style>\r\n            \r\n            .thr-search-engine .thr-search-engine-main > .thr-btn-search { max-width: 20% !important; }\r\n            .thr .btn i { margin-right: 0 !important; }\r\n            #pay-btn-2 { \r\n                position: absolute;\r\n                right: 0;top: 0;\r\n                margin: 10px;\r\n                border: 0;\r\n                background-color: ;\r\n                color: ;\r\n                cursor: pointer;\r\n                width: calc(17% - 5px);\r\n                padding: 17px 0;\r\n                font-size: 18px;\r\n                font-weight: bold;\r\n                text-transform: auto;\r\n                transition: all .35s;\r\n                display: flex;justify-content: center;\r\n                align-items: center;\r\n            }\r\n            #pay-btn-2 i {\r\n                display: inline-flex;\r\n                width:18px;height:18px;\r\n                margin-right: 5px;\r\n                background-image: url('data:image\/svg+xml;utf8,<?xml version=\"1.0\" encoding=\"utf-8\"?><svg width=\"1792\" height=\"1792\" viewBox=\"0 0 1792 1792\" xmlns=\"http:\/\/www.w3.org\/2000\/svg\"><path d=\"M704 1536q0 52-38 90t-90 38-90-38-38-90 38-90 90-38 90 38 38 90zm896 0q0 52-38 90t-90 38-90-38-38-90 38-90 90-38 90 38 38 90zm128-1088v512q0 24-16.5 42.5t-40.5 21.5l-1044 122q13 60 13 70 0 16-24 64h920q26 0 45 19t19 45-19 45-45 19h-1024q-26 0-45-19t-19-45q0-11 8-31.5t16-36 21.5-40 15.5-29.5l-177-823h-204q-26 0-45-19t-19-45 19-45 45-19h256q16 0 28.5 6.5t19.5 15.5 13 24.5 8 26 5.5 29.5 4.5 26h1201q26 0 45 19t19 45z\" fill=\"rgba(255,255,255,1)\" \/><\/svg>');\r\n                background-size: cover;background-position: center center;background-repeat: no-repeat;\r\n            }\r\n            #pay-btn-2:hover { background-color: ; }\r\n            .thr-search-engine { width: 83%; }\r\n\r\n            @media screen and (max-width: 1024px) {\r\n                #pay-btn-2 { top: 52px; }\r\n                .thr-search-engine .thr-search-engine-main > .thr-btn-search { max-width: inherit !important; }\r\n            }\r\n            @media screen and (max-width: 990px) {\r\n                .thr-search-engine { width: 100%; }\r\n                #pay-btn-2 { position: relative;width: calc(100% - 20px);top: auto;margin-top: 0; }\r\n            }\r\n\r\n            thr-search-engine { border-right: 200px rgba(0,0,0,0) solid;display: block; }\r\n            @media screen and (max-width: 1024px) {\r\n                thr-search-engine { border-right: inherit;display: inherit; }\r\n            }\r\n            <\/style>\r\n            <\/div><\/section><!-- .formulaire-de-recherche-bar --><style>\r\n        #expand-thelis-formulaire { display: none; }\r\n        @media screen and (max-width: 1024px) {\r\n            #expand-thelis-formulaire { display: block; }\r\n            .formulaire-de-recherche-bar .container-form { display: none; }\r\n        }\r\n    <\/style><script>\r\n    jQuery(document).ready(function($){\r\n        jQuery('#expand-thelis-formulaire').click(function(){\r\n            if(\r\n                jQuery('.formulaire-de-recherche-bar .container-form').css('display') == 'none'\r\n            ){\r\n                jQuery('.formulaire-de-recherche-bar .container-form').css('display', 'block');\r\n                jQuery('#expand-thelis-formulaire').addClass('expanded');\r\n            }else{\r\n                jQuery('.formulaire-de-recherche-bar .container-form').css('display', 'none');\r\n                jQuery('#expand-thelis-formulaire').removeClass('expanded');\r\n            }\r\n        });\r\n    });\r\n    <\/script>\n<\/div>\n<\/div>\n<\/div>\n<\/div><\/div>\n\n\n\n<div class=\"wp-block-group alignfull page-intro simbol-top-right-2 is-layout-constrained wp-block-group-is-layout-constrained\">\n<div class=\"wp-block-columns is-layout-flex wp-container-core-columns-is-layout-28f84493 wp-block-columns-is-layout-flex\">\n<div class=\"wp-block-column is-layout-flow wp-block-column-is-layout-flow\">\n<h1 class=\"wp-block-heading has-text-align-center simbol-titre has-sub\">Camping Malaz\u00e9ou<sub><span>Reconnect with nature<\/span><\/sub><\/h1>\n\n\n\n<p>Forget the city, its walls, its stress, its hectic pace, reconnect with nature, with others and with yourself. This is the promise of the Ari\u00e8ge Pyrenees. The beauty of the landscapes, the nature, the fresh air&#8230; we take the time to live, to exchange, to share.<\/p>\n\n\n\n<p>When you discover a place for the first time, it is necessary to grasp its essence, identity and philosophy in order to prepare your experience as well as possible. Here are the main points to help you prepare your stay and your experience in the area.<\/p>\n<\/div>\n<\/div>\n<\/div>\n\n\n\n<div class=\"wp-block-group alignfull texte-foto r bg-top-left bg-bottom-right is-layout-constrained wp-block-group-is-layout-constrained\" style=\"margin-top:0px;margin-bottom:0px\">\n<div class=\"wp-block-columns alignwide are-vertically-aligned-center is-layout-flex wp-container-core-columns-is-layout-731cc08c wp-block-columns-is-layout-flex\">\n<div class=\"wp-block-column is-vertically-aligned-center le-texte animation--init--once animation--left is-layout-flow wp-block-column-is-layout-flow\">\n<h2 class=\"wp-block-heading has-theme-blue-color has-text-color\"><sup>Discover<\/sup>The landscapes of the Ari\u00e8ge<\/h2>\n\n\n\n<p>For nature lovers, you should know that the landscapes of the Ari\u00e8ge range from the rolling hills of the piedmont to the 3000m high peaks.<\/p>\n\n\n\n<p>The grandiose landscapes of the Pyrenees, rivers, waterfalls, lakes, forests, hills and plains&#8230; 5,000km of signposted footpaths allow you to explore the Ari\u00e8ge on foot, on horseback or by bike.<\/p>\n\n\n\n<p>The Ari\u00e8ge also reveals itself through activities that allow you to play with the elements: paragliding, rafting, canyoning, canoeing, kayaking, climbing, via ferrata, etc.<\/p>\n\n\n        <a href=\"https:\/\/www.ariegepyrenees.com\/en\"class=\"wp-block-custom-banner button-1 has-text-align-left\" target=\"_blank\">\n        <div class=\"acf-innerblocks-container\">\n\n<p class=\"has-text-align-center\">More Info<\/p>\n\n<\/div>\n        <\/a>\n<\/div>\n\n\n\n<div class=\"wp-block-column is-vertically-aligned-center le-image animation--init--once animation--right is-layout-flow wp-block-column-is-layout-flow\">\n<figure class=\"wp-block-image size-full\"><img decoding=\"async\" width=\"1024\" height=\"683\" data-src=\"https:\/\/axlesthermes.wellness-sport-camping.com\/wp-content\/uploads\/chez-nous-ete-01.jpg\" alt=\"\" class=\"wp-image-2715 lazyload\" data-srcset=\"https:\/\/axlesthermes.wellness-sport-camping.com\/wp-content\/uploads\/chez-nous-ete-01.jpg 1024w, https:\/\/axlesthermes.wellness-sport-camping.com\/wp-content\/uploads\/chez-nous-ete-01-768x512.jpg 768w, https:\/\/axlesthermes.wellness-sport-camping.com\/wp-content\/uploads\/chez-nous-ete-01-512x342.jpg 512w, https:\/\/axlesthermes.wellness-sport-camping.com\/wp-content\/uploads\/chez-nous-ete-01-256x171.jpg 256w\" data-sizes=\"(max-width: 1024px) 100vw, 1024px\" src=\"data:image\/svg+xml;base64,PHN2ZyB3aWR0aD0iMSIgaGVpZ2h0PSIxIiB4bWxucz0iaHR0cDovL3d3dy53My5vcmcvMjAwMC9zdmciPjwvc3ZnPg==\" style=\"--smush-placeholder-width: 1024px; --smush-placeholder-aspect-ratio: 1024\/683;\" \/><\/figure>\n<\/div>\n<\/div>\n<\/div>\n\n\n\n<div class=\"wp-block-group alignfull nos-offres simbol-top-left is-layout-constrained wp-block-group-is-layout-constrained\" style=\"margin-top:0px\">\n<div class=\"wp-block-columns is-layout-flex wp-container-core-columns-is-layout-28f84493 wp-block-columns-is-layout-flex\">\n<div class=\"wp-block-column is-layout-flow wp-block-column-is-layout-flow\">\n<h2 class=\"wp-block-heading has-text-align-center simbol-titre\">Our offers<\/h2>\n\n\n\n<thr-favorites quantity = \"\"><\/thr-favorites>\n<\/div>\n<\/div>\n<\/div>\n","protected":false},"excerpt":{"rendered":"<p>Forget the city, its walls, its stress, its hectic pace, reconnect with nature, with others and with yourself.<\/p>\n","protected":false},"author":5,"featured_media":0,"parent":0,"menu_order":2,"comment_status":"closed","ping_status":"closed","template":"","meta":{"_acf_changed":false,"inline_featured_image":false,"footnotes":""},"class_list":["post-2404","page","type-page","status-publish","hentry"],"acf":[],"yoast_head":"<!-- This site is optimized with the Yoast SEO plugin v27.1.1 - https:\/\/yoast.com\/product\/yoast-seo-wordpress\/ -->\n<title>Summer at Camping Malaz\u00e9ou in Ax les Thermes<\/title>\n<meta name=\"description\" content=\"For your summer vacation in Ax les Thermes, discover Camping Malaz\u00e9ou **** and enjoy the beauty of the landscapes and the great outdoors.\" \/>\n<meta name=\"robots\" content=\"index, follow, max-snippet:-1, max-image-preview:large, max-video-preview:-1\" \/>\n<link rel=\"canonical\" href=\"https:\/\/axlesthermes.wellness-sport-camping.com\/en\/summer\/\" \/>\n<meta property=\"og:locale\" content=\"en_US\" \/>\n<meta property=\"og:type\" content=\"article\" \/>\n<meta property=\"og:title\" content=\"Summer at Camping Malaz\u00e9ou in Ax les Thermes\" \/>\n<meta property=\"og:description\" content=\"For your summer vacation in Ax les Thermes, discover Camping Malaz\u00e9ou **** and enjoy the beauty of the landscapes and the great outdoors.\" \/>\n<meta property=\"og:url\" content=\"https:\/\/axlesthermes.wellness-sport-camping.com\/en\/summer\/\" \/>\n<meta property=\"og:site_name\" content=\"Camping Malaz\u00e9ou\" \/>\n<meta property=\"article:modified_time\" content=\"2024-06-13T07:58:30+00:00\" \/>\n<meta property=\"og:image\" content=\"https:\/\/axlesthermes.wellness-sport-camping.com\/wp-content\/uploads\/wellness-sport-camping-ax-les-thermes-piscine1-scaled.jpg\" \/>\n<meta name=\"twitter:card\" content=\"summary_large_image\" \/>\n<meta name=\"twitter:label1\" content=\"Est. reading time\" \/>\n\t<meta name=\"twitter:data1\" content=\"2 minutes\" \/>\n<script type=\"application\/ld+json\" class=\"yoast-schema-graph\">{\"@context\":\"https:\/\/schema.org\",\"@graph\":[{\"@type\":\"WebPage\",\"@id\":\"https:\/\/axlesthermes.wellness-sport-camping.com\/en\/summer\/\",\"url\":\"https:\/\/axlesthermes.wellness-sport-camping.com\/en\/summer\/\",\"name\":\"Summer at Camping Malaz\u00e9ou in Ax les Thermes\",\"isPartOf\":{\"@id\":\"https:\/\/axlesthermes.wellness-sport-camping.com\/en\/#website\"},\"primaryImageOfPage\":{\"@id\":\"https:\/\/axlesthermes.wellness-sport-camping.com\/en\/summer\/#primaryimage\"},\"image\":{\"@id\":\"https:\/\/axlesthermes.wellness-sport-camping.com\/en\/summer\/#primaryimage\"},\"thumbnailUrl\":\"https:\/\/axlesthermes.wellness-sport-camping.com\/wp-content\/uploads\/wellness-sport-camping-ax-les-thermes-piscine1-scaled.jpg\",\"datePublished\":\"2023-03-13T12:16:20+00:00\",\"dateModified\":\"2024-06-13T07:58:30+00:00\",\"description\":\"For your summer vacation in Ax les Thermes, discover Camping Malaz\u00e9ou **** and enjoy the beauty of the landscapes and the great outdoors.\",\"breadcrumb\":{\"@id\":\"https:\/\/axlesthermes.wellness-sport-camping.com\/en\/summer\/#breadcrumb\"},\"inLanguage\":\"en-US\",\"potentialAction\":[{\"@type\":\"ReadAction\",\"target\":[\"https:\/\/axlesthermes.wellness-sport-camping.com\/en\/summer\/\"]}]},{\"@type\":\"ImageObject\",\"inLanguage\":\"en-US\",\"@id\":\"https:\/\/axlesthermes.wellness-sport-camping.com\/en\/summer\/#primaryimage\",\"url\":\"https:\/\/axlesthermes.wellness-sport-camping.com\/wp-content\/uploads\/wellness-sport-camping-ax-les-thermes-piscine1-scaled.jpg\",\"contentUrl\":\"https:\/\/axlesthermes.wellness-sport-camping.com\/wp-content\/uploads\/wellness-sport-camping-ax-les-thermes-piscine1-scaled.jpg\"},{\"@type\":\"BreadcrumbList\",\"@id\":\"https:\/\/axlesthermes.wellness-sport-camping.com\/en\/summer\/#breadcrumb\",\"itemListElement\":[{\"@type\":\"ListItem\",\"position\":1,\"name\":\"Home\",\"item\":\"https:\/\/axlesthermes.wellness-sport-camping.com\/en\/\"},{\"@type\":\"ListItem\",\"position\":2,\"name\":\"The Campsite\",\"item\":\"https:\/\/axlesthermes.wellness-sport-camping.com\/en\/the-campsite\/\"},{\"@type\":\"ListItem\",\"position\":3,\"name\":\"Summer\"}]},{\"@type\":\"WebSite\",\"@id\":\"https:\/\/axlesthermes.wellness-sport-camping.com\/en\/#website\",\"url\":\"https:\/\/axlesthermes.wellness-sport-camping.com\/en\/\",\"name\":\"Camping Malaz\u00e9ou\",\"description\":\"borde la rivi\u00e8re Ari\u00e8ge\",\"publisher\":{\"@id\":\"https:\/\/axlesthermes.wellness-sport-camping.com\/en\/#organization\"},\"potentialAction\":[{\"@type\":\"SearchAction\",\"target\":{\"@type\":\"EntryPoint\",\"urlTemplate\":\"https:\/\/axlesthermes.wellness-sport-camping.com\/en\/?s={search_term_string}\"},\"query-input\":{\"@type\":\"PropertyValueSpecification\",\"valueRequired\":true,\"valueName\":\"search_term_string\"}}],\"inLanguage\":\"en-US\"},{\"@type\":\"Organization\",\"@id\":\"https:\/\/axlesthermes.wellness-sport-camping.com\/en\/#organization\",\"name\":\"Camping Malaz\u00e9ou\",\"url\":\"https:\/\/axlesthermes.wellness-sport-camping.com\/en\/\",\"logo\":{\"@type\":\"ImageObject\",\"inLanguage\":\"en-US\",\"@id\":\"https:\/\/axlesthermes.wellness-sport-camping.com\/en\/#\/schema\/logo\/image\/\",\"url\":\"https:\/\/axlesthermes.wellness-sport-camping.com\/wp-content\/uploads\/logo-penne-blanche.png\",\"contentUrl\":\"https:\/\/axlesthermes.wellness-sport-camping.com\/wp-content\/uploads\/logo-penne-blanche.png\",\"width\":260,\"height\":137,\"caption\":\"Camping Malaz\u00e9ou\"},\"image\":{\"@id\":\"https:\/\/axlesthermes.wellness-sport-camping.com\/en\/#\/schema\/logo\/image\/\"}}]}<\/script>\n<!-- \/ Yoast SEO plugin. -->","yoast_head_json":{"title":"Summer at Camping Malaz\u00e9ou in Ax les Thermes","description":"For your summer vacation in Ax les Thermes, discover Camping Malaz\u00e9ou **** and enjoy the beauty of the landscapes and the great outdoors.","robots":{"index":"index","follow":"follow","max-snippet":"max-snippet:-1","max-image-preview":"max-image-preview:large","max-video-preview":"max-video-preview:-1"},"canonical":"https:\/\/axlesthermes.wellness-sport-camping.com\/en\/summer\/","og_locale":"en_US","og_type":"article","og_title":"Summer at Camping Malaz\u00e9ou in Ax les Thermes","og_description":"For your summer vacation in Ax les Thermes, discover Camping Malaz\u00e9ou **** and enjoy the beauty of the landscapes and the great outdoors.","og_url":"https:\/\/axlesthermes.wellness-sport-camping.com\/en\/summer\/","og_site_name":"Camping Malaz\u00e9ou","article_modified_time":"2024-06-13T07:58:30+00:00","og_image":[{"url":"https:\/\/axlesthermes.wellness-sport-camping.com\/wp-content\/uploads\/wellness-sport-camping-ax-les-thermes-piscine1-scaled.jpg","type":"","width":"","height":""}],"twitter_card":"summary_large_image","twitter_misc":{"Est. reading time":"2 minutes"},"schema":{"@context":"https:\/\/schema.org","@graph":[{"@type":"WebPage","@id":"https:\/\/axlesthermes.wellness-sport-camping.com\/en\/summer\/","url":"https:\/\/axlesthermes.wellness-sport-camping.com\/en\/summer\/","name":"Summer at Camping Malaz\u00e9ou in Ax les Thermes","isPartOf":{"@id":"https:\/\/axlesthermes.wellness-sport-camping.com\/en\/#website"},"primaryImageOfPage":{"@id":"https:\/\/axlesthermes.wellness-sport-camping.com\/en\/summer\/#primaryimage"},"image":{"@id":"https:\/\/axlesthermes.wellness-sport-camping.com\/en\/summer\/#primaryimage"},"thumbnailUrl":"https:\/\/axlesthermes.wellness-sport-camping.com\/wp-content\/uploads\/wellness-sport-camping-ax-les-thermes-piscine1-scaled.jpg","datePublished":"2023-03-13T12:16:20+00:00","dateModified":"2024-06-13T07:58:30+00:00","description":"For your summer vacation in Ax les Thermes, discover Camping Malaz\u00e9ou **** and enjoy the beauty of the landscapes and the great outdoors.","breadcrumb":{"@id":"https:\/\/axlesthermes.wellness-sport-camping.com\/en\/summer\/#breadcrumb"},"inLanguage":"en-US","potentialAction":[{"@type":"ReadAction","target":["https:\/\/axlesthermes.wellness-sport-camping.com\/en\/summer\/"]}]},{"@type":"ImageObject","inLanguage":"en-US","@id":"https:\/\/axlesthermes.wellness-sport-camping.com\/en\/summer\/#primaryimage","url":"https:\/\/axlesthermes.wellness-sport-camping.com\/wp-content\/uploads\/wellness-sport-camping-ax-les-thermes-piscine1-scaled.jpg","contentUrl":"https:\/\/axlesthermes.wellness-sport-camping.com\/wp-content\/uploads\/wellness-sport-camping-ax-les-thermes-piscine1-scaled.jpg"},{"@type":"BreadcrumbList","@id":"https:\/\/axlesthermes.wellness-sport-camping.com\/en\/summer\/#breadcrumb","itemListElement":[{"@type":"ListItem","position":1,"name":"Home","item":"https:\/\/axlesthermes.wellness-sport-camping.com\/en\/"},{"@type":"ListItem","position":2,"name":"The Campsite","item":"https:\/\/axlesthermes.wellness-sport-camping.com\/en\/the-campsite\/"},{"@type":"ListItem","position":3,"name":"Summer"}]},{"@type":"WebSite","@id":"https:\/\/axlesthermes.wellness-sport-camping.com\/en\/#website","url":"https:\/\/axlesthermes.wellness-sport-camping.com\/en\/","name":"Camping Malaz\u00e9ou","description":"borde la rivi\u00e8re Ari\u00e8ge","publisher":{"@id":"https:\/\/axlesthermes.wellness-sport-camping.com\/en\/#organization"},"potentialAction":[{"@type":"SearchAction","target":{"@type":"EntryPoint","urlTemplate":"https:\/\/axlesthermes.wellness-sport-camping.com\/en\/?s={search_term_string}"},"query-input":{"@type":"PropertyValueSpecification","valueRequired":true,"valueName":"search_term_string"}}],"inLanguage":"en-US"},{"@type":"Organization","@id":"https:\/\/axlesthermes.wellness-sport-camping.com\/en\/#organization","name":"Camping Malaz\u00e9ou","url":"https:\/\/axlesthermes.wellness-sport-camping.com\/en\/","logo":{"@type":"ImageObject","inLanguage":"en-US","@id":"https:\/\/axlesthermes.wellness-sport-camping.com\/en\/#\/schema\/logo\/image\/","url":"https:\/\/axlesthermes.wellness-sport-camping.com\/wp-content\/uploads\/logo-penne-blanche.png","contentUrl":"https:\/\/axlesthermes.wellness-sport-camping.com\/wp-content\/uploads\/logo-penne-blanche.png","width":260,"height":137,"caption":"Camping Malaz\u00e9ou"},"image":{"@id":"https:\/\/axlesthermes.wellness-sport-camping.com\/en\/#\/schema\/logo\/image\/"}}]}},"_links":{"self":[{"href":"https:\/\/axlesthermes.wellness-sport-camping.com\/en\/wp-json\/wp\/v2\/pages\/2404","targetHints":{"allow":["GET"]}}],"collection":[{"href":"https:\/\/axlesthermes.wellness-sport-camping.com\/en\/wp-json\/wp\/v2\/pages"}],"about":[{"href":"https:\/\/axlesthermes.wellness-sport-camping.com\/en\/wp-json\/wp\/v2\/types\/page"}],"author":[{"embeddable":true,"href":"https:\/\/axlesthermes.wellness-sport-camping.com\/en\/wp-json\/wp\/v2\/users\/5"}],"replies":[{"embeddable":true,"href":"https:\/\/axlesthermes.wellness-sport-camping.com\/en\/wp-json\/wp\/v2\/comments?post=2404"}],"version-history":[{"count":6,"href":"https:\/\/axlesthermes.wellness-sport-camping.com\/en\/wp-json\/wp\/v2\/pages\/2404\/revisions"}],"predecessor-version":[{"id":3876,"href":"https:\/\/axlesthermes.wellness-sport-camping.com\/en\/wp-json\/wp\/v2\/pages\/2404\/revisions\/3876"}],"wp:attachment":[{"href":"https:\/\/axlesthermes.wellness-sport-camping.com\/en\/wp-json\/wp\/v2\/media?parent=2404"}],"curies":[{"name":"wp","href":"https:\/\/api.w.org\/{rel}","templated":true}]}}