{"id":2212,"date":"2023-03-13T13:27:05","date_gmt":"2023-03-13T12:27:05","guid":{"rendered":"http:\/\/axlesthermes.wellness-sport-camping.com\/your-stay\/piscine\/"},"modified":"2024-06-19T10:21:58","modified_gmt":"2024-06-19T08:21:58","slug":"swimming-pool","status":"publish","type":"page","link":"https:\/\/axlesthermes.wellness-sport-camping.com\/en\/your-stay\/swimming-pool\/","title":{"rendered":"Swimming Pool"},"content":{"rendered":"\n<div class=\"wp-block-cover alignfull is-light header-top simbol-top-left\" style=\"margin-top:0px;margin-bottom:0px;padding-top:0;padding-right:0;padding-bottom:0px;padding-left:0;min-height:95vh;aspect-ratio:unset;\"><span aria-hidden=\"true\" class=\"wp-block-cover__background has-background-dim-10 has-background-dim\" style=\"background-color:#9ea5a7\"><\/span><img decoding=\"async\" width=\"2560\" height=\"1706\" class=\"wp-block-cover__image-background wp-image-3183 lazyload\" alt=\"\" data-src=\"https:\/\/axlesthermes.wellness-sport-camping.com\/wp-content\/uploads\/wellness-sport-camping-ax-les-thermes-piscine3-scaled.jpg\" data-object-fit=\"cover\" data-srcset=\"https:\/\/axlesthermes.wellness-sport-camping.com\/wp-content\/uploads\/wellness-sport-camping-ax-les-thermes-piscine3-scaled.jpg 2560w, https:\/\/axlesthermes.wellness-sport-camping.com\/wp-content\/uploads\/wellness-sport-camping-ax-les-thermes-piscine3-1024x683.jpg 1024w, https:\/\/axlesthermes.wellness-sport-camping.com\/wp-content\/uploads\/wellness-sport-camping-ax-les-thermes-piscine3-2048x1365.jpg 2048w, https:\/\/axlesthermes.wellness-sport-camping.com\/wp-content\/uploads\/wellness-sport-camping-ax-les-thermes-piscine3-768x512.jpg 768w, https:\/\/axlesthermes.wellness-sport-camping.com\/wp-content\/uploads\/wellness-sport-camping-ax-les-thermes-piscine3-1536x1024.jpg 1536w, https:\/\/axlesthermes.wellness-sport-camping.com\/wp-content\/uploads\/wellness-sport-camping-ax-les-thermes-piscine3-512x341.jpg 512w, https:\/\/axlesthermes.wellness-sport-camping.com\/wp-content\/uploads\/wellness-sport-camping-ax-les-thermes-piscine3-256x171.jpg 256w\" data-sizes=\"(max-width: 2560px) 100vw, 2560px\" src=\"data:image\/svg+xml;base64,PHN2ZyB3aWR0aD0iMSIgaGVpZ2h0PSIxIiB4bWxucz0iaHR0cDovL3d3dy53My5vcmcvMjAwMC9zdmciPjwvc3ZnPg==\" style=\"--smush-placeholder-width: 2560px; --smush-placeholder-aspect-ratio: 2560\/1706;\" \/><div class=\"wp-block-cover__inner-container is-layout-flow wp-block-cover-is-layout-flow\">\n<div class=\"wp-block-group titre-top animation--init--once animation--top is-layout-constrained wp-block-group-is-layout-constrained\" style=\"padding-bottom:0px\">\n<p class=\"has-text-align-center has-theme-white-color has-text-color has-damion-font-family has-h-1-font-size\">Swimming Pool<\/p>\n\n\n\n<p class=\"has-text-align-center has-theme-white-color has-text-color\"><\/p>\n<\/div>\n\n\n\n<div class=\"wp-block-group breadcrumbs-top is-layout-constrained wp-block-group-is-layout-constrained\" style=\"margin-top:10px;margin-bottom:0px\">\n<span><span><a href=\"https:\/\/axlesthermes.wellness-sport-camping.com\/en\/\">Home<\/a><\/span><\/span>\n<\/div>\n\n\n\n<div class=\"wp-block-group alignfull motor-thelis has-theme-brown-2-background-color has-background is-layout-constrained wp-container-core-group-is-layout-e129b69f wp-block-group-is-layout-constrained\" style=\"padding-top:0px;padding-right:0px;padding-bottom:0px;padding-left:0px\">\n<div class=\"wp-block-columns is-layout-flex wp-container-core-columns-is-layout-28f84493 wp-block-columns-is-layout-flex\">\n<div class=\"wp-block-column is-layout-flow wp-block-column-is-layout-flow\" style=\"flex-basis:100%\">\n<section class=\"formulaire-de-recherche-bar\">\r\n            <div id=\"expand-thelis-formulaire\">Book<\/div>\r\n            <div class=\"container-form\"><thr-search-engine><\/thr-search-engine><a id=\"pay-btn-2\" onclick=\"window.open('https:\/\/thelisresa.webcamp.fr\/cart-directPayment.php?camping=malazeou&amp;lang=en');\"><i><\/i>Pay stay<\/a>\r\n            <style>\r\n            \r\n            .thr-search-engine .thr-search-engine-main > .thr-btn-search { max-width: 20% !important; }\r\n            .thr .btn i { margin-right: 0 !important; }\r\n            #pay-btn-2 { \r\n                position: absolute;\r\n                right: 0;top: 0;\r\n                margin: 10px;\r\n                border: 0;\r\n                background-color: ;\r\n                color: ;\r\n                cursor: pointer;\r\n                width: calc(17% - 5px);\r\n                padding: 17px 0;\r\n                font-size: 18px;\r\n                font-weight: bold;\r\n                text-transform: auto;\r\n                transition: all .35s;\r\n                display: flex;justify-content: center;\r\n                align-items: center;\r\n            }\r\n            #pay-btn-2 i {\r\n                display: inline-flex;\r\n                width:18px;height:18px;\r\n                margin-right: 5px;\r\n                background-image: url('data:image\/svg+xml;utf8,<?xml version=\"1.0\" encoding=\"utf-8\"?><svg width=\"1792\" height=\"1792\" viewBox=\"0 0 1792 1792\" xmlns=\"http:\/\/www.w3.org\/2000\/svg\"><path d=\"M704 1536q0 52-38 90t-90 38-90-38-38-90 38-90 90-38 90 38 38 90zm896 0q0 52-38 90t-90 38-90-38-38-90 38-90 90-38 90 38 38 90zm128-1088v512q0 24-16.5 42.5t-40.5 21.5l-1044 122q13 60 13 70 0 16-24 64h920q26 0 45 19t19 45-19 45-45 19h-1024q-26 0-45-19t-19-45q0-11 8-31.5t16-36 21.5-40 15.5-29.5l-177-823h-204q-26 0-45-19t-19-45 19-45 45-19h256q16 0 28.5 6.5t19.5 15.5 13 24.5 8 26 5.5 29.5 4.5 26h1201q26 0 45 19t19 45z\" fill=\"rgba(255,255,255,1)\" \/><\/svg>');\r\n                background-size: cover;background-position: center center;background-repeat: no-repeat;\r\n            }\r\n            #pay-btn-2:hover { background-color: ; }\r\n            .thr-search-engine { width: 83%; }\r\n\r\n            @media screen and (max-width: 1024px) {\r\n                #pay-btn-2 { top: 52px; }\r\n                .thr-search-engine .thr-search-engine-main > .thr-btn-search { max-width: inherit !important; }\r\n            }\r\n            @media screen and (max-width: 990px) {\r\n                .thr-search-engine { width: 100%; }\r\n                #pay-btn-2 { position: relative;width: calc(100% - 20px);top: auto;margin-top: 0; }\r\n            }\r\n\r\n            thr-search-engine { border-right: 200px rgba(0,0,0,0) solid;display: block; }\r\n            @media screen and (max-width: 1024px) {\r\n                thr-search-engine { border-right: inherit;display: inherit; }\r\n            }\r\n            <\/style>\r\n            <\/div><\/section><!-- .formulaire-de-recherche-bar --><style>\r\n        #expand-thelis-formulaire { display: none; }\r\n        @media screen and (max-width: 1024px) {\r\n            #expand-thelis-formulaire { display: block; }\r\n            .formulaire-de-recherche-bar .container-form { display: none; }\r\n        }\r\n    <\/style><script>\r\n    jQuery(document).ready(function($){\r\n        jQuery('#expand-thelis-formulaire').click(function(){\r\n            if(\r\n                jQuery('.formulaire-de-recherche-bar .container-form').css('display') == 'none'\r\n            ){\r\n                jQuery('.formulaire-de-recherche-bar .container-form').css('display', 'block');\r\n                jQuery('#expand-thelis-formulaire').addClass('expanded');\r\n            }else{\r\n                jQuery('.formulaire-de-recherche-bar .container-form').css('display', 'none');\r\n                jQuery('#expand-thelis-formulaire').removeClass('expanded');\r\n            }\r\n        });\r\n    });\r\n    <\/script>\n<\/div>\n<\/div>\n<\/div>\n<\/div><\/div>\n\n\n\n<div class=\"wp-block-group alignfull page-intro simbol-top-right-2 is-layout-constrained wp-block-group-is-layout-constrained\">\n<div class=\"wp-block-columns is-layout-flex wp-container-core-columns-is-layout-28f84493 wp-block-columns-is-layout-flex\">\n<div class=\"wp-block-column is-layout-flow wp-block-column-is-layout-flow\">\n<h1 class=\"wp-block-heading has-text-align-center simbol-titre has-sub\">Swimming Pool<sub>Your campsite in Ari\u00e8ge with a heated swimming pool<\/sub><\/h1>\n\n\n\n<p>During your stay at our campsite in Ari\u00e8ge, enjoy the swimming pool surrounded by hedges. <\/p>\n\n\n\n<p>You will appreciate its intimacy and the breathtaking view of our Pyrenean mountains. The paddling pool adjoining the pool allows the little ones to cool off and discover the pleasures of water.<\/p>\n\n\n\n<p>From 1st July to 30th September, dive into our heated, uncovered swimming pool, 12 metres long and 8 metres wide with a depth of 80 to 140 cm.<\/p>\n<\/div>\n<\/div>\n<\/div>\n\n\n\n<div class=\"wp-block-group alignfull is-layout-constrained wp-block-group-is-layout-constrained\" style=\"margin-top:0px;margin-bottom:0px\">\n<div class=\"wp-block-cover alignfull is-light has-parallax\" style=\"min-height:500px;aspect-ratio:unset;\"><span aria-hidden=\"true\" class=\"wp-block-cover__background has-background-dim-0 has-background-dim\"><\/span><div class=\"wp-block-cover__image-background wp-image-2792 has-parallax lazyload\" style=\"background-position:50% 50%;background-image:inherit\" data-bg-image=\"url(https:\/\/axlesthermes.wellness-sport-camping.com\/wp-content\/uploads\/piscine-02.jpg)\"><\/div><div class=\"wp-block-cover__inner-container is-layout-flow wp-block-cover-is-layout-flow\">\n<p class=\"has-text-align-center has-large-font-size\"><\/p>\n<\/div><\/div>\n<\/div>\n\n\n\n<div class=\"wp-block-group alignfull savoir-single simbol-top-right r bg-bottom-right is-layout-constrained wp-block-group-is-layout-constrained\" style=\"margin-top:0px;margin-bottom:0px\">\n<div class=\"wp-block-columns is-layout-flex wp-container-core-columns-is-layout-28f84493 wp-block-columns-is-layout-flex\">\n<div class=\"wp-block-column is-layout-flow wp-block-column-is-layout-flow\">\n<h2 class=\"wp-block-heading has-text-align-center simbol-titre line-titre\">Find out more<\/h2>\n\n\n\n<p>You can also relax on the large terrace with sun loungers in the shade of the parasols, perfect for reading or chatting with friends in the cool. The nearby bar restaurant serves drinks on its terrace right next to the swimming area.<\/p>\n\n\n\n<p>&nbsp;Don&#8217;t forget to pack your swimming costume or boxer shorts, as for reasons of hygiene and water saving, swimming shorts are not allowed at the Malazeou pool.<\/p>\n\n\n\n<figure class=\"wp-block-gallery has-nested-images columns-default is-cropped galerie-images animation--init--once animation--top wp-block-gallery-2 is-layout-flex wp-block-gallery-is-layout-flex\">\n<figure class=\"wp-block-image size-full\"><a href=\"https:\/\/axlesthermes.wellness-sport-camping.com\/wp-content\/uploads\/wellness-sport-camping-ax-les-thermes4-1.jpg\" class=\"image-link\"><img decoding=\"async\" width=\"2250\" height=\"1688\" data-id=\"3184\" data-src=\"https:\/\/axlesthermes.wellness-sport-camping.com\/wp-content\/uploads\/wellness-sport-camping-ax-les-thermes4-1.jpg\" alt=\"\" class=\"wp-image-3184 lazyload\" data-srcset=\"https:\/\/axlesthermes.wellness-sport-camping.com\/wp-content\/uploads\/wellness-sport-camping-ax-les-thermes4-1.jpg 2250w, https:\/\/axlesthermes.wellness-sport-camping.com\/wp-content\/uploads\/wellness-sport-camping-ax-les-thermes4-1-1024x768.jpg 1024w, https:\/\/axlesthermes.wellness-sport-camping.com\/wp-content\/uploads\/wellness-sport-camping-ax-les-thermes4-1-2048x1536.jpg 2048w, https:\/\/axlesthermes.wellness-sport-camping.com\/wp-content\/uploads\/wellness-sport-camping-ax-les-thermes4-1-768x576.jpg 768w, https:\/\/axlesthermes.wellness-sport-camping.com\/wp-content\/uploads\/wellness-sport-camping-ax-les-thermes4-1-1536x1152.jpg 1536w, https:\/\/axlesthermes.wellness-sport-camping.com\/wp-content\/uploads\/wellness-sport-camping-ax-les-thermes4-1-512x384.jpg 512w, https:\/\/axlesthermes.wellness-sport-camping.com\/wp-content\/uploads\/wellness-sport-camping-ax-les-thermes4-1-256x192.jpg 256w\" data-sizes=\"(max-width: 2250px) 100vw, 2250px\" src=\"data:image\/svg+xml;base64,PHN2ZyB3aWR0aD0iMSIgaGVpZ2h0PSIxIiB4bWxucz0iaHR0cDovL3d3dy53My5vcmcvMjAwMC9zdmciPjwvc3ZnPg==\" style=\"--smush-placeholder-width: 2250px; --smush-placeholder-aspect-ratio: 2250\/1688;\" \/><\/a><\/figure>\n\n\n\n<figure class=\"wp-block-image size-full\"><a href=\"https:\/\/axlesthermes.wellness-sport-camping.com\/wp-content\/uploads\/wellness-sport-camping-ax-les-thermes-piscine1-1-scaled.jpg\" class=\"image-link\"><img decoding=\"async\" width=\"2560\" height=\"1707\" data-id=\"3164\" data-src=\"https:\/\/axlesthermes.wellness-sport-camping.com\/wp-content\/uploads\/wellness-sport-camping-ax-les-thermes-piscine1-1-scaled.jpg\" alt=\"\" class=\"wp-image-3164 lazyload\" data-srcset=\"https:\/\/axlesthermes.wellness-sport-camping.com\/wp-content\/uploads\/wellness-sport-camping-ax-les-thermes-piscine1-1-scaled.jpg 2560w, https:\/\/axlesthermes.wellness-sport-camping.com\/wp-content\/uploads\/wellness-sport-camping-ax-les-thermes-piscine1-1-1024x683.jpg 1024w, https:\/\/axlesthermes.wellness-sport-camping.com\/wp-content\/uploads\/wellness-sport-camping-ax-les-thermes-piscine1-1-2048x1365.jpg 2048w, https:\/\/axlesthermes.wellness-sport-camping.com\/wp-content\/uploads\/wellness-sport-camping-ax-les-thermes-piscine1-1-768x512.jpg 768w, https:\/\/axlesthermes.wellness-sport-camping.com\/wp-content\/uploads\/wellness-sport-camping-ax-les-thermes-piscine1-1-1536x1024.jpg 1536w, https:\/\/axlesthermes.wellness-sport-camping.com\/wp-content\/uploads\/wellness-sport-camping-ax-les-thermes-piscine1-1-512x341.jpg 512w, https:\/\/axlesthermes.wellness-sport-camping.com\/wp-content\/uploads\/wellness-sport-camping-ax-les-thermes-piscine1-1-256x171.jpg 256w\" data-sizes=\"(max-width: 2560px) 100vw, 2560px\" src=\"data:image\/svg+xml;base64,PHN2ZyB3aWR0aD0iMSIgaGVpZ2h0PSIxIiB4bWxucz0iaHR0cDovL3d3dy53My5vcmcvMjAwMC9zdmciPjwvc3ZnPg==\" style=\"--smush-placeholder-width: 2560px; --smush-placeholder-aspect-ratio: 2560\/1707;\" \/><\/a><\/figure>\n\n\n\n<figure class=\"wp-block-image size-full\"><a href=\"https:\/\/axlesthermes.wellness-sport-camping.com\/wp-content\/uploads\/ucpamalazeou-20-scaled.jpg\" class=\"image-link\"><img decoding=\"async\" width=\"2560\" height=\"1707\" data-id=\"3902\" data-src=\"https:\/\/axlesthermes.wellness-sport-camping.com\/wp-content\/uploads\/ucpamalazeou-20-scaled.jpg\" alt=\"\" class=\"wp-image-3902 lazyload\" data-srcset=\"https:\/\/axlesthermes.wellness-sport-camping.com\/wp-content\/uploads\/ucpamalazeou-20-scaled.jpg 2560w, https:\/\/axlesthermes.wellness-sport-camping.com\/wp-content\/uploads\/ucpamalazeou-20-1024x683.jpg 1024w, https:\/\/axlesthermes.wellness-sport-camping.com\/wp-content\/uploads\/ucpamalazeou-20-2048x1365.jpg 2048w, https:\/\/axlesthermes.wellness-sport-camping.com\/wp-content\/uploads\/ucpamalazeou-20-768x512.jpg 768w, https:\/\/axlesthermes.wellness-sport-camping.com\/wp-content\/uploads\/ucpamalazeou-20-1536x1024.jpg 1536w, https:\/\/axlesthermes.wellness-sport-camping.com\/wp-content\/uploads\/ucpamalazeou-20-512x341.jpg 512w, https:\/\/axlesthermes.wellness-sport-camping.com\/wp-content\/uploads\/ucpamalazeou-20-256x171.jpg 256w\" data-sizes=\"(max-width: 2560px) 100vw, 2560px\" src=\"data:image\/svg+xml;base64,PHN2ZyB3aWR0aD0iMSIgaGVpZ2h0PSIxIiB4bWxucz0iaHR0cDovL3d3dy53My5vcmcvMjAwMC9zdmciPjwvc3ZnPg==\" style=\"--smush-placeholder-width: 2560px; --smush-placeholder-aspect-ratio: 2560\/1707;\" \/><\/a><\/figure>\n<\/figure>\n<\/div>\n<\/div>\n<\/div>\n","protected":false},"excerpt":{"rendered":"<p>During your stay at our campsite in Ari\u00e8ge, enjoy the swimming pool surrounded by hedges. <\/p>\n","protected":false},"author":5,"featured_media":0,"parent":2199,"menu_order":1,"comment_status":"closed","ping_status":"closed","template":"","meta":{"_acf_changed":false,"inline_featured_image":false,"footnotes":""},"class_list":["post-2212","page","type-page","status-publish","hentry"],"acf":[],"yoast_head":"<!-- This site is optimized with the Yoast SEO plugin v27.1.1 - https:\/\/yoast.com\/product\/yoast-seo-wordpress\/ -->\n<title>Camping Le Malaz\u00e9ou - Enjoy our heated swimming pool with views of the Pyrenees.<\/title>\n<meta name=\"description\" content=\"Discover Camping Le Malaz\u00e9ou in Ari\u00e8ge and dive into our heated swimming pool offering breathtaking views of the Pyrenees mountains.\" \/>\n<meta name=\"robots\" content=\"index, follow, max-snippet:-1, max-image-preview:large, max-video-preview:-1\" \/>\n<link rel=\"canonical\" href=\"https:\/\/axlesthermes.wellness-sport-camping.com\/en\/your-stay\/swimming-pool\/\" \/>\n<meta property=\"og:locale\" content=\"en_US\" \/>\n<meta property=\"og:type\" content=\"article\" \/>\n<meta property=\"og:title\" content=\"Camping Le Malaz\u00e9ou - Enjoy our heated swimming pool with views of the Pyrenees.\" \/>\n<meta property=\"og:description\" content=\"Discover Camping Le Malaz\u00e9ou in Ari\u00e8ge and dive into our heated swimming pool offering breathtaking views of the Pyrenees mountains.\" \/>\n<meta property=\"og:url\" content=\"https:\/\/axlesthermes.wellness-sport-camping.com\/en\/your-stay\/swimming-pool\/\" \/>\n<meta property=\"og:site_name\" content=\"Camping Malaz\u00e9ou\" \/>\n<meta property=\"article:modified_time\" content=\"2024-06-19T08:21:58+00:00\" \/>\n<meta property=\"og:image\" content=\"https:\/\/axlesthermes.wellness-sport-camping.com\/wp-content\/uploads\/piscine-malazeou-01.jpg\" \/>\n\t<meta property=\"og:image:width\" content=\"1100\" \/>\n\t<meta property=\"og:image:height\" content=\"700\" \/>\n\t<meta property=\"og:image:type\" content=\"image\/jpeg\" \/>\n<meta name=\"twitter:card\" content=\"summary_large_image\" \/>\n<meta name=\"twitter:label1\" content=\"Est. reading time\" \/>\n\t<meta name=\"twitter:data1\" content=\"2 minutes\" \/>\n<script type=\"application\/ld+json\" class=\"yoast-schema-graph\">{\"@context\":\"https:\/\/schema.org\",\"@graph\":[{\"@type\":\"WebPage\",\"@id\":\"https:\/\/axlesthermes.wellness-sport-camping.com\/en\/your-stay\/swimming-pool\/\",\"url\":\"https:\/\/axlesthermes.wellness-sport-camping.com\/en\/your-stay\/swimming-pool\/\",\"name\":\"Camping Le Malaz\u00e9ou - Enjoy our heated swimming pool with views of the Pyrenees.\",\"isPartOf\":{\"@id\":\"https:\/\/axlesthermes.wellness-sport-camping.com\/en\/#website\"},\"primaryImageOfPage\":{\"@id\":\"https:\/\/axlesthermes.wellness-sport-camping.com\/en\/your-stay\/swimming-pool\/#primaryimage\"},\"image\":{\"@id\":\"https:\/\/axlesthermes.wellness-sport-camping.com\/en\/your-stay\/swimming-pool\/#primaryimage\"},\"thumbnailUrl\":\"https:\/\/axlesthermes.wellness-sport-camping.com\/wp-content\/uploads\/wellness-sport-camping-ax-les-thermes-piscine3-scaled.jpg\",\"datePublished\":\"2023-03-13T12:27:05+00:00\",\"dateModified\":\"2024-06-19T08:21:58+00:00\",\"description\":\"Discover Camping Le Malaz\u00e9ou in Ari\u00e8ge and dive into our heated swimming pool offering breathtaking views of the Pyrenees mountains.\",\"breadcrumb\":{\"@id\":\"https:\/\/axlesthermes.wellness-sport-camping.com\/en\/your-stay\/swimming-pool\/#breadcrumb\"},\"inLanguage\":\"en-US\",\"potentialAction\":[{\"@type\":\"ReadAction\",\"target\":[\"https:\/\/axlesthermes.wellness-sport-camping.com\/en\/your-stay\/swimming-pool\/\"]}]},{\"@type\":\"ImageObject\",\"inLanguage\":\"en-US\",\"@id\":\"https:\/\/axlesthermes.wellness-sport-camping.com\/en\/your-stay\/swimming-pool\/#primaryimage\",\"url\":\"https:\/\/axlesthermes.wellness-sport-camping.com\/wp-content\/uploads\/wellness-sport-camping-ax-les-thermes-piscine3-scaled.jpg\",\"contentUrl\":\"https:\/\/axlesthermes.wellness-sport-camping.com\/wp-content\/uploads\/wellness-sport-camping-ax-les-thermes-piscine3-scaled.jpg\"},{\"@type\":\"BreadcrumbList\",\"@id\":\"https:\/\/axlesthermes.wellness-sport-camping.com\/en\/your-stay\/swimming-pool\/#breadcrumb\",\"itemListElement\":[{\"@type\":\"ListItem\",\"position\":1,\"name\":\"Home\",\"item\":\"https:\/\/axlesthermes.wellness-sport-camping.com\/en\/\"},{\"@type\":\"ListItem\",\"position\":2,\"name\":\"Your stay\",\"item\":\"https:\/\/axlesthermes.wellness-sport-camping.com\/en\/your-stay\/\"},{\"@type\":\"ListItem\",\"position\":3,\"name\":\"Swimming Pool\"}]},{\"@type\":\"WebSite\",\"@id\":\"https:\/\/axlesthermes.wellness-sport-camping.com\/en\/#website\",\"url\":\"https:\/\/axlesthermes.wellness-sport-camping.com\/en\/\",\"name\":\"Camping Malaz\u00e9ou\",\"description\":\"borde la rivi\u00e8re Ari\u00e8ge\",\"publisher\":{\"@id\":\"https:\/\/axlesthermes.wellness-sport-camping.com\/en\/#organization\"},\"potentialAction\":[{\"@type\":\"SearchAction\",\"target\":{\"@type\":\"EntryPoint\",\"urlTemplate\":\"https:\/\/axlesthermes.wellness-sport-camping.com\/en\/?s={search_term_string}\"},\"query-input\":{\"@type\":\"PropertyValueSpecification\",\"valueRequired\":true,\"valueName\":\"search_term_string\"}}],\"inLanguage\":\"en-US\"},{\"@type\":\"Organization\",\"@id\":\"https:\/\/axlesthermes.wellness-sport-camping.com\/en\/#organization\",\"name\":\"Camping Malaz\u00e9ou\",\"url\":\"https:\/\/axlesthermes.wellness-sport-camping.com\/en\/\",\"logo\":{\"@type\":\"ImageObject\",\"inLanguage\":\"en-US\",\"@id\":\"https:\/\/axlesthermes.wellness-sport-camping.com\/en\/#\/schema\/logo\/image\/\",\"url\":\"https:\/\/axlesthermes.wellness-sport-camping.com\/wp-content\/uploads\/logo-penne-blanche.png\",\"contentUrl\":\"https:\/\/axlesthermes.wellness-sport-camping.com\/wp-content\/uploads\/logo-penne-blanche.png\",\"width\":260,\"height\":137,\"caption\":\"Camping Malaz\u00e9ou\"},\"image\":{\"@id\":\"https:\/\/axlesthermes.wellness-sport-camping.com\/en\/#\/schema\/logo\/image\/\"}}]}<\/script>\n<!-- \/ Yoast SEO plugin. -->","yoast_head_json":{"title":"Camping Le Malaz\u00e9ou - Enjoy our heated swimming pool with views of the Pyrenees.","description":"Discover Camping Le Malaz\u00e9ou in Ari\u00e8ge and dive into our heated swimming pool offering breathtaking views of the Pyrenees mountains.","robots":{"index":"index","follow":"follow","max-snippet":"max-snippet:-1","max-image-preview":"max-image-preview:large","max-video-preview":"max-video-preview:-1"},"canonical":"https:\/\/axlesthermes.wellness-sport-camping.com\/en\/your-stay\/swimming-pool\/","og_locale":"en_US","og_type":"article","og_title":"Camping Le Malaz\u00e9ou - Enjoy our heated swimming pool with views of the Pyrenees.","og_description":"Discover Camping Le Malaz\u00e9ou in Ari\u00e8ge and dive into our heated swimming pool offering breathtaking views of the Pyrenees mountains.","og_url":"https:\/\/axlesthermes.wellness-sport-camping.com\/en\/your-stay\/swimming-pool\/","og_site_name":"Camping Malaz\u00e9ou","article_modified_time":"2024-06-19T08:21:58+00:00","og_image":[{"width":1100,"height":700,"url":"https:\/\/axlesthermes.wellness-sport-camping.com\/wp-content\/uploads\/piscine-malazeou-01.jpg","type":"image\/jpeg"}],"twitter_card":"summary_large_image","twitter_misc":{"Est. reading time":"2 minutes"},"schema":{"@context":"https:\/\/schema.org","@graph":[{"@type":"WebPage","@id":"https:\/\/axlesthermes.wellness-sport-camping.com\/en\/your-stay\/swimming-pool\/","url":"https:\/\/axlesthermes.wellness-sport-camping.com\/en\/your-stay\/swimming-pool\/","name":"Camping Le Malaz\u00e9ou - Enjoy our heated swimming pool with views of the Pyrenees.","isPartOf":{"@id":"https:\/\/axlesthermes.wellness-sport-camping.com\/en\/#website"},"primaryImageOfPage":{"@id":"https:\/\/axlesthermes.wellness-sport-camping.com\/en\/your-stay\/swimming-pool\/#primaryimage"},"image":{"@id":"https:\/\/axlesthermes.wellness-sport-camping.com\/en\/your-stay\/swimming-pool\/#primaryimage"},"thumbnailUrl":"https:\/\/axlesthermes.wellness-sport-camping.com\/wp-content\/uploads\/wellness-sport-camping-ax-les-thermes-piscine3-scaled.jpg","datePublished":"2023-03-13T12:27:05+00:00","dateModified":"2024-06-19T08:21:58+00:00","description":"Discover Camping Le Malaz\u00e9ou in Ari\u00e8ge and dive into our heated swimming pool offering breathtaking views of the Pyrenees mountains.","breadcrumb":{"@id":"https:\/\/axlesthermes.wellness-sport-camping.com\/en\/your-stay\/swimming-pool\/#breadcrumb"},"inLanguage":"en-US","potentialAction":[{"@type":"ReadAction","target":["https:\/\/axlesthermes.wellness-sport-camping.com\/en\/your-stay\/swimming-pool\/"]}]},{"@type":"ImageObject","inLanguage":"en-US","@id":"https:\/\/axlesthermes.wellness-sport-camping.com\/en\/your-stay\/swimming-pool\/#primaryimage","url":"https:\/\/axlesthermes.wellness-sport-camping.com\/wp-content\/uploads\/wellness-sport-camping-ax-les-thermes-piscine3-scaled.jpg","contentUrl":"https:\/\/axlesthermes.wellness-sport-camping.com\/wp-content\/uploads\/wellness-sport-camping-ax-les-thermes-piscine3-scaled.jpg"},{"@type":"BreadcrumbList","@id":"https:\/\/axlesthermes.wellness-sport-camping.com\/en\/your-stay\/swimming-pool\/#breadcrumb","itemListElement":[{"@type":"ListItem","position":1,"name":"Home","item":"https:\/\/axlesthermes.wellness-sport-camping.com\/en\/"},{"@type":"ListItem","position":2,"name":"Your stay","item":"https:\/\/axlesthermes.wellness-sport-camping.com\/en\/your-stay\/"},{"@type":"ListItem","position":3,"name":"Swimming Pool"}]},{"@type":"WebSite","@id":"https:\/\/axlesthermes.wellness-sport-camping.com\/en\/#website","url":"https:\/\/axlesthermes.wellness-sport-camping.com\/en\/","name":"Camping Malaz\u00e9ou","description":"borde la rivi\u00e8re Ari\u00e8ge","publisher":{"@id":"https:\/\/axlesthermes.wellness-sport-camping.com\/en\/#organization"},"potentialAction":[{"@type":"SearchAction","target":{"@type":"EntryPoint","urlTemplate":"https:\/\/axlesthermes.wellness-sport-camping.com\/en\/?s={search_term_string}"},"query-input":{"@type":"PropertyValueSpecification","valueRequired":true,"valueName":"search_term_string"}}],"inLanguage":"en-US"},{"@type":"Organization","@id":"https:\/\/axlesthermes.wellness-sport-camping.com\/en\/#organization","name":"Camping Malaz\u00e9ou","url":"https:\/\/axlesthermes.wellness-sport-camping.com\/en\/","logo":{"@type":"ImageObject","inLanguage":"en-US","@id":"https:\/\/axlesthermes.wellness-sport-camping.com\/en\/#\/schema\/logo\/image\/","url":"https:\/\/axlesthermes.wellness-sport-camping.com\/wp-content\/uploads\/logo-penne-blanche.png","contentUrl":"https:\/\/axlesthermes.wellness-sport-camping.com\/wp-content\/uploads\/logo-penne-blanche.png","width":260,"height":137,"caption":"Camping Malaz\u00e9ou"},"image":{"@id":"https:\/\/axlesthermes.wellness-sport-camping.com\/en\/#\/schema\/logo\/image\/"}}]}},"_links":{"self":[{"href":"https:\/\/axlesthermes.wellness-sport-camping.com\/en\/wp-json\/wp\/v2\/pages\/2212","targetHints":{"allow":["GET"]}}],"collection":[{"href":"https:\/\/axlesthermes.wellness-sport-camping.com\/en\/wp-json\/wp\/v2\/pages"}],"about":[{"href":"https:\/\/axlesthermes.wellness-sport-camping.com\/en\/wp-json\/wp\/v2\/types\/page"}],"author":[{"embeddable":true,"href":"https:\/\/axlesthermes.wellness-sport-camping.com\/en\/wp-json\/wp\/v2\/users\/5"}],"replies":[{"embeddable":true,"href":"https:\/\/axlesthermes.wellness-sport-camping.com\/en\/wp-json\/wp\/v2\/comments?post=2212"}],"version-history":[{"count":4,"href":"https:\/\/axlesthermes.wellness-sport-camping.com\/en\/wp-json\/wp\/v2\/pages\/2212\/revisions"}],"predecessor-version":[{"id":3911,"href":"https:\/\/axlesthermes.wellness-sport-camping.com\/en\/wp-json\/wp\/v2\/pages\/2212\/revisions\/3911"}],"up":[{"embeddable":true,"href":"https:\/\/axlesthermes.wellness-sport-camping.com\/en\/wp-json\/wp\/v2\/pages\/2199"}],"wp:attachment":[{"href":"https:\/\/axlesthermes.wellness-sport-camping.com\/en\/wp-json\/wp\/v2\/media?parent=2212"}],"curies":[{"name":"wp","href":"https:\/\/api.w.org\/{rel}","templated":true}]}}