{"id":2199,"date":"2023-03-06T14:16:34","date_gmt":"2023-03-06T13:16:34","guid":{"rendered":"http:\/\/axlesthermes.wellness-sport-camping.com\/votre-sejour\/"},"modified":"2023-06-07T16:41:36","modified_gmt":"2023-06-07T14:41:36","slug":"your-stay","status":"publish","type":"page","link":"https:\/\/axlesthermes.wellness-sport-camping.com\/en\/your-stay\/","title":{"rendered":"Your stay"},"content":{"rendered":"\n<div class=\"wp-block-cover alignfull header-top simbol-top-left\" style=\"margin-top:0px;margin-bottom:0px;padding-top:0;padding-right:0;padding-bottom:0px;padding-left:0;min-height:95vh;aspect-ratio:unset;\"><span aria-hidden=\"true\" class=\"wp-block-cover__background has-background-dim-30 has-background-dim\"><\/span><img decoding=\"async\" width=\"1920\" height=\"1000\" class=\"wp-block-cover__image-background wp-image-1727 lazyload\" alt=\"\" data-src=\"https:\/\/axlesthermes.wellness-sport-camping.com\/wp-content\/uploads\/sejour-top.jpg\" data-object-fit=\"cover\" data-srcset=\"https:\/\/axlesthermes.wellness-sport-camping.com\/wp-content\/uploads\/sejour-top.jpg 1920w, https:\/\/axlesthermes.wellness-sport-camping.com\/wp-content\/uploads\/sejour-top-1024x533.jpg 1024w, https:\/\/axlesthermes.wellness-sport-camping.com\/wp-content\/uploads\/sejour-top-768x400.jpg 768w, https:\/\/axlesthermes.wellness-sport-camping.com\/wp-content\/uploads\/sejour-top-1536x800.jpg 1536w, https:\/\/axlesthermes.wellness-sport-camping.com\/wp-content\/uploads\/sejour-top-512x267.jpg 512w, https:\/\/axlesthermes.wellness-sport-camping.com\/wp-content\/uploads\/sejour-top-256x133.jpg 256w\" data-sizes=\"(max-width: 1920px) 100vw, 1920px\" src=\"data:image\/svg+xml;base64,PHN2ZyB3aWR0aD0iMSIgaGVpZ2h0PSIxIiB4bWxucz0iaHR0cDovL3d3dy53My5vcmcvMjAwMC9zdmciPjwvc3ZnPg==\" style=\"--smush-placeholder-width: 1920px; --smush-placeholder-aspect-ratio: 1920\/1000;\" \/><div class=\"wp-block-cover__inner-container is-layout-flow wp-block-cover-is-layout-flow\">\n<div class=\"wp-block-group titre-top animation--init--once animation--top is-layout-constrained wp-block-group-is-layout-constrained\" style=\"padding-bottom:0px\">\n<p class=\"has-text-align-center has-theme-white-color has-text-color has-damion-font-family has-h-1-font-size\">Your stay<\/p>\n\n\n\n<p class=\"has-text-align-center has-theme-white-color has-text-color\"><\/p>\n<\/div>\n\n\n\n<div class=\"wp-block-group breadcrumbs-top is-layout-constrained wp-block-group-is-layout-constrained\" style=\"margin-top:10px;margin-bottom:0px\">\n<span><span><a href=\"https:\/\/axlesthermes.wellness-sport-camping.com\/en\/\">Home<\/a><\/span><\/span>\n<\/div>\n\n\n\n<div class=\"wp-block-group alignfull motor-thelis has-theme-brown-2-background-color has-background is-layout-constrained wp-container-core-group-is-layout-e129b69f wp-block-group-is-layout-constrained\" style=\"padding-top:0px;padding-right:0px;padding-bottom:0px;padding-left:0px\">\n<div class=\"wp-block-columns is-layout-flex wp-container-core-columns-is-layout-28f84493 wp-block-columns-is-layout-flex\">\n<div class=\"wp-block-column is-layout-flow wp-block-column-is-layout-flow\" style=\"flex-basis:100%\">\n<section class=\"formulaire-de-recherche-bar\">\r\n            <div id=\"expand-thelis-formulaire\">Book<\/div>\r\n            <div class=\"container-form\"><thr-search-engine><\/thr-search-engine><a id=\"pay-btn-2\" onclick=\"window.open('https:\/\/thelisresa.webcamp.fr\/cart-directPayment.php?camping=malazeou&amp;lang=en');\"><i><\/i>Pay stay<\/a>\r\n            <style>\r\n            \r\n            .thr-search-engine .thr-search-engine-main > .thr-btn-search { max-width: 20% !important; }\r\n            .thr .btn i { margin-right: 0 !important; }\r\n            #pay-btn-2 { \r\n                position: absolute;\r\n                right: 0;top: 0;\r\n                margin: 10px;\r\n                border: 0;\r\n                background-color: ;\r\n                color: ;\r\n                cursor: pointer;\r\n                width: calc(17% - 5px);\r\n                padding: 17px 0;\r\n                font-size: 18px;\r\n                font-weight: bold;\r\n                text-transform: auto;\r\n                transition: all .35s;\r\n                display: flex;justify-content: center;\r\n                align-items: center;\r\n            }\r\n            #pay-btn-2 i {\r\n                display: inline-flex;\r\n                width:18px;height:18px;\r\n                margin-right: 5px;\r\n                background-image: url('data:image\/svg+xml;utf8,<?xml version=\"1.0\" encoding=\"utf-8\"?><svg width=\"1792\" height=\"1792\" viewBox=\"0 0 1792 1792\" xmlns=\"http:\/\/www.w3.org\/2000\/svg\"><path d=\"M704 1536q0 52-38 90t-90 38-90-38-38-90 38-90 90-38 90 38 38 90zm896 0q0 52-38 90t-90 38-90-38-38-90 38-90 90-38 90 38 38 90zm128-1088v512q0 24-16.5 42.5t-40.5 21.5l-1044 122q13 60 13 70 0 16-24 64h920q26 0 45 19t19 45-19 45-45 19h-1024q-26 0-45-19t-19-45q0-11 8-31.5t16-36 21.5-40 15.5-29.5l-177-823h-204q-26 0-45-19t-19-45 19-45 45-19h256q16 0 28.5 6.5t19.5 15.5 13 24.5 8 26 5.5 29.5 4.5 26h1201q26 0 45 19t19 45z\" fill=\"rgba(255,255,255,1)\" \/><\/svg>');\r\n                background-size: cover;background-position: center center;background-repeat: no-repeat;\r\n            }\r\n            #pay-btn-2:hover { background-color: ; }\r\n            .thr-search-engine { width: 83%; }\r\n\r\n            @media screen and (max-width: 1024px) {\r\n                #pay-btn-2 { top: 52px; }\r\n                .thr-search-engine .thr-search-engine-main > .thr-btn-search { max-width: inherit !important; }\r\n            }\r\n            @media screen and (max-width: 990px) {\r\n                .thr-search-engine { width: 100%; }\r\n                #pay-btn-2 { position: relative;width: calc(100% - 20px);top: auto;margin-top: 0; }\r\n            }\r\n\r\n            thr-search-engine { border-right: 200px rgba(0,0,0,0) solid;display: block; }\r\n            @media screen and (max-width: 1024px) {\r\n                thr-search-engine { border-right: inherit;display: inherit; }\r\n            }\r\n            <\/style>\r\n            <\/div><\/section><!-- .formulaire-de-recherche-bar --><style>\r\n        #expand-thelis-formulaire { display: none; }\r\n        @media screen and (max-width: 1024px) {\r\n            #expand-thelis-formulaire { display: block; }\r\n            .formulaire-de-recherche-bar .container-form { display: none; }\r\n        }\r\n    <\/style><script>\r\n    jQuery(document).ready(function($){\r\n        jQuery('#expand-thelis-formulaire').click(function(){\r\n            if(\r\n                jQuery('.formulaire-de-recherche-bar .container-form').css('display') == 'none'\r\n            ){\r\n                jQuery('.formulaire-de-recherche-bar .container-form').css('display', 'block');\r\n                jQuery('#expand-thelis-formulaire').addClass('expanded');\r\n            }else{\r\n                jQuery('.formulaire-de-recherche-bar .container-form').css('display', 'none');\r\n                jQuery('#expand-thelis-formulaire').removeClass('expanded');\r\n            }\r\n        });\r\n    });\r\n    <\/script>\n<\/div>\n<\/div>\n<\/div>\n<\/div><\/div>\n\n\n\n<div class=\"wp-block-group alignfull page-intro simbol-top-right-2 is-layout-constrained wp-block-group-is-layout-constrained\">\n<h1 class=\"wp-block-heading has-text-align-center simbol-titre has-sub\">Discover the surroundings<sub><span>Zen &amp; nature activities for all,<\/span><br>depending on the season<\/sub><\/h1>\n\n\n\n<p>With family or friends, lovers or solo, you will have the opportunity to choose your holiday style! A patch of green to set up your tent, caravan or motor home! <\/p>\n\n\n\n<p>A mobile home or a chalet to put down your suitcases at the turn of a key!<\/p>\n<\/div>\n\n\n\n<div class=\"wp-block-group alignfull autres-elements has-theme-blue-3-background-color has-background is-layout-constrained wp-block-group-is-layout-constrained\" style=\"margin-bottom:0px\"><script>var object = [];<\/script>\n<div class=\"wp-block-otros-elementos alignwide\">\n\n                                        \n             \n            <div class=\"wp-block-columns columnas-3 slider-otros-elementos\">  \n                                \n                    <a class=\"wp-block-column r\" href=\"https:\/\/axlesthermes.wellness-sport-camping.com\/en\/your-stay\/swimming-pool\/\">\n                    \n                        <div class=\"image-wrapper\">\n                                                    <\/div>\n                        <div class=\"content-slider\">\n                            <span class=\"titre-element\">Swimming Pool<\/span>\n                            <div class=\"onhover \">\n                                                                    <p>During your stay at our campsite in Ari\u00e8ge, enjoy the swimming pool surrounded by hedges. <\/p>\n                                                                <div class=\"wp-block-custom-banner lien-button has-text-align-left\">\n                                    <div class=\"acf-innerblocks-container\">\n                                        <p>Discover<\/p>\n                                    <\/div>\n                                <\/div>\n                                                                \n                            <\/div>\n                        <\/div>\n                    <\/a>\n                                                \n                    <a class=\"wp-block-column r\" href=\"https:\/\/axlesthermes.wellness-sport-camping.com\/en\/your-stay\/activities-during-your-stay\/\">\n                    \n                        <div class=\"image-wrapper\">\n                            <img decoding=\"async\" width=\"1536\" height=\"1024\" data-src=\"https:\/\/axlesthermes.wellness-sport-camping.com\/wp-content\/uploads\/00094205-la-plagne-famille-ski-1536x1024.jpg\" class=\"attachment-gallery-large size-gallery-large wp-post-image lazyload\" alt=\"\" data-srcset=\"https:\/\/axlesthermes.wellness-sport-camping.com\/wp-content\/uploads\/00094205-la-plagne-famille-ski-1536x1024.jpg 1536w, https:\/\/axlesthermes.wellness-sport-camping.com\/wp-content\/uploads\/00094205-la-plagne-famille-ski-1024x683.jpg 1024w, https:\/\/axlesthermes.wellness-sport-camping.com\/wp-content\/uploads\/00094205-la-plagne-famille-ski-2048x1365.jpg 2048w, https:\/\/axlesthermes.wellness-sport-camping.com\/wp-content\/uploads\/00094205-la-plagne-famille-ski-768x512.jpg 768w, https:\/\/axlesthermes.wellness-sport-camping.com\/wp-content\/uploads\/00094205-la-plagne-famille-ski-512x341.jpg 512w, https:\/\/axlesthermes.wellness-sport-camping.com\/wp-content\/uploads\/00094205-la-plagne-famille-ski-256x171.jpg 256w\" data-sizes=\"(max-width: 1536px) 100vw, 1536px\" src=\"data:image\/svg+xml;base64,PHN2ZyB3aWR0aD0iMSIgaGVpZ2h0PSIxIiB4bWxucz0iaHR0cDovL3d3dy53My5vcmcvMjAwMC9zdmciPjwvc3ZnPg==\" style=\"--smush-placeholder-width: 1536px; --smush-placeholder-aspect-ratio: 1536\/1024;\" \/>                        <\/div>\n                        <div class=\"content-slider\">\n                            <span class=\"titre-element\">Activities during your stay<\/span>\n                            <div class=\"onhover \">\n                                                                    <p>During the school holidays, a programme of activities is proposed, Muscular awakening.<\/p>\n                                                                <div class=\"wp-block-custom-banner lien-button has-text-align-left\">\n                                    <div class=\"acf-innerblocks-container\">\n                                        <p>Discover<\/p>\n                                    <\/div>\n                                <\/div>\n                                                                \n                            <\/div>\n                        <\/div>\n                    <\/a>\n                                                \n                    <a class=\"wp-block-column r\" href=\"https:\/\/axlesthermes.wellness-sport-camping.com\/en\/your-stay\/for-your-comfort\/\">\n                    \n                        <div class=\"image-wrapper\">\n                            <img decoding=\"async\" width=\"1536\" height=\"720\" data-src=\"https:\/\/axlesthermes.wellness-sport-camping.com\/wp-content\/uploads\/votre-confort-01-1536x720.jpg\" class=\"attachment-gallery-large size-gallery-large wp-post-image lazyload\" alt=\"\" data-srcset=\"https:\/\/axlesthermes.wellness-sport-camping.com\/wp-content\/uploads\/votre-confort-01-1536x720.jpg 1536w, https:\/\/axlesthermes.wellness-sport-camping.com\/wp-content\/uploads\/votre-confort-01-1024x480.jpg 1024w, https:\/\/axlesthermes.wellness-sport-camping.com\/wp-content\/uploads\/votre-confort-01-768x360.jpg 768w, https:\/\/axlesthermes.wellness-sport-camping.com\/wp-content\/uploads\/votre-confort-01-512x240.jpg 512w, https:\/\/axlesthermes.wellness-sport-camping.com\/wp-content\/uploads\/votre-confort-01-256x120.jpg 256w, https:\/\/axlesthermes.wellness-sport-camping.com\/wp-content\/uploads\/votre-confort-01.jpg 1920w\" data-sizes=\"(max-width: 1536px) 100vw, 1536px\" src=\"data:image\/svg+xml;base64,PHN2ZyB3aWR0aD0iMSIgaGVpZ2h0PSIxIiB4bWxucz0iaHR0cDovL3d3dy53My5vcmcvMjAwMC9zdmciPjwvc3ZnPg==\" style=\"--smush-placeholder-width: 1536px; --smush-placeholder-aspect-ratio: 1536\/720;\" \/>                        <\/div>\n                        <div class=\"content-slider\">\n                            <span class=\"titre-element\">For your Comfort<\/span>\n                            <div class=\"onhover \">\n                                                                    <p>La Bande \u00e0 Patrice, wishes you a warm welcome! To love and share, that is Patrice&#8217;s philosophy!<\/p>\n                                                                <div class=\"wp-block-custom-banner lien-button has-text-align-left\">\n                                    <div class=\"acf-innerblocks-container\">\n                                        <p>Discover<\/p>\n                                    <\/div>\n                                <\/div>\n                                                                \n                            <\/div>\n                        <\/div>\n                    <\/a>\n                                            <\/div>\n            \n            \n<\/div>\n\n\n<style>\n    @media only screen and (min-width: 1300px){\n        .locations-camping .slider-otros-alojamientos .splide__slide {\n            width: calc(68% \/ 3)!important;}\n    }\n<\/style><\/div>\n","protected":false},"excerpt":{"rendered":"<p>Discover the surroundingsZen &amp; nature activities for all,depending on the season With family or friends, lovers or solo, you will have the opportunity to choose&#8230;<\/p>\n","protected":false},"author":5,"featured_media":0,"parent":0,"menu_order":5,"comment_status":"closed","ping_status":"closed","template":"","meta":{"_acf_changed":false,"inline_featured_image":false,"footnotes":""},"class_list":["post-2199","page","type-page","status-publish","hentry"],"acf":[],"yoast_head":"<!-- This site is optimized with the Yoast SEO plugin v27.1.1 - https:\/\/yoast.com\/product\/yoast-seo-wordpress\/ -->\n<title>Camping Malaz\u00e9ou - Discover the surroundings and enjoy zen and nature activities.<\/title>\n<meta name=\"description\" content=\"Whether with family, friends, or solo, choose Camping Malaz\u00e9ou for rejuvenating holidays. Enjoy zen and nature activities surrounded by a green setting.\" \/>\n<meta name=\"robots\" content=\"index, follow, max-snippet:-1, max-image-preview:large, max-video-preview:-1\" \/>\n<link rel=\"canonical\" href=\"https:\/\/axlesthermes.wellness-sport-camping.com\/en\/your-stay\/\" \/>\n<meta property=\"og:locale\" content=\"en_US\" \/>\n<meta property=\"og:type\" content=\"article\" \/>\n<meta property=\"og:title\" content=\"Camping Malaz\u00e9ou - Discover the surroundings and enjoy zen and nature activities.\" \/>\n<meta property=\"og:description\" content=\"Whether with family, friends, or solo, choose Camping Malaz\u00e9ou for rejuvenating holidays. Enjoy zen and nature activities surrounded by a green setting.\" \/>\n<meta property=\"og:url\" content=\"https:\/\/axlesthermes.wellness-sport-camping.com\/en\/your-stay\/\" \/>\n<meta property=\"og:site_name\" content=\"Camping Malaz\u00e9ou\" \/>\n<meta property=\"article:modified_time\" content=\"2023-06-07T14:41:36+00:00\" \/>\n<meta property=\"og:image\" content=\"https:\/\/axlesthermes.wellness-sport-camping.com\/wp-content\/uploads\/sejour-top.jpg\" \/>\n<meta name=\"twitter:card\" content=\"summary_large_image\" \/>\n<meta name=\"twitter:label1\" content=\"Est. reading time\" \/>\n\t<meta name=\"twitter:data1\" content=\"1 minute\" \/>\n<script type=\"application\/ld+json\" class=\"yoast-schema-graph\">{\"@context\":\"https:\/\/schema.org\",\"@graph\":[{\"@type\":\"WebPage\",\"@id\":\"https:\/\/axlesthermes.wellness-sport-camping.com\/en\/your-stay\/\",\"url\":\"https:\/\/axlesthermes.wellness-sport-camping.com\/en\/your-stay\/\",\"name\":\"Camping Malaz\u00e9ou - Discover the surroundings and enjoy zen and nature activities.\",\"isPartOf\":{\"@id\":\"https:\/\/axlesthermes.wellness-sport-camping.com\/en\/#website\"},\"primaryImageOfPage\":{\"@id\":\"https:\/\/axlesthermes.wellness-sport-camping.com\/en\/your-stay\/#primaryimage\"},\"image\":{\"@id\":\"https:\/\/axlesthermes.wellness-sport-camping.com\/en\/your-stay\/#primaryimage\"},\"thumbnailUrl\":\"https:\/\/axlesthermes.wellness-sport-camping.com\/wp-content\/uploads\/sejour-top.jpg\",\"datePublished\":\"2023-03-06T13:16:34+00:00\",\"dateModified\":\"2023-06-07T14:41:36+00:00\",\"description\":\"Whether with family, friends, or solo, choose Camping Malaz\u00e9ou for rejuvenating holidays. Enjoy zen and nature activities surrounded by a green setting.\",\"breadcrumb\":{\"@id\":\"https:\/\/axlesthermes.wellness-sport-camping.com\/en\/your-stay\/#breadcrumb\"},\"inLanguage\":\"en-US\",\"potentialAction\":[{\"@type\":\"ReadAction\",\"target\":[\"https:\/\/axlesthermes.wellness-sport-camping.com\/en\/your-stay\/\"]}]},{\"@type\":\"ImageObject\",\"inLanguage\":\"en-US\",\"@id\":\"https:\/\/axlesthermes.wellness-sport-camping.com\/en\/your-stay\/#primaryimage\",\"url\":\"https:\/\/axlesthermes.wellness-sport-camping.com\/wp-content\/uploads\/sejour-top.jpg\",\"contentUrl\":\"https:\/\/axlesthermes.wellness-sport-camping.com\/wp-content\/uploads\/sejour-top.jpg\"},{\"@type\":\"BreadcrumbList\",\"@id\":\"https:\/\/axlesthermes.wellness-sport-camping.com\/en\/your-stay\/#breadcrumb\",\"itemListElement\":[{\"@type\":\"ListItem\",\"position\":1,\"name\":\"Home\",\"item\":\"https:\/\/axlesthermes.wellness-sport-camping.com\/en\/\"},{\"@type\":\"ListItem\",\"position\":2,\"name\":\"Your stay\"}]},{\"@type\":\"WebSite\",\"@id\":\"https:\/\/axlesthermes.wellness-sport-camping.com\/en\/#website\",\"url\":\"https:\/\/axlesthermes.wellness-sport-camping.com\/en\/\",\"name\":\"Camping Malaz\u00e9ou\",\"description\":\"borde la rivi\u00e8re Ari\u00e8ge\",\"publisher\":{\"@id\":\"https:\/\/axlesthermes.wellness-sport-camping.com\/en\/#organization\"},\"potentialAction\":[{\"@type\":\"SearchAction\",\"target\":{\"@type\":\"EntryPoint\",\"urlTemplate\":\"https:\/\/axlesthermes.wellness-sport-camping.com\/en\/?s={search_term_string}\"},\"query-input\":{\"@type\":\"PropertyValueSpecification\",\"valueRequired\":true,\"valueName\":\"search_term_string\"}}],\"inLanguage\":\"en-US\"},{\"@type\":\"Organization\",\"@id\":\"https:\/\/axlesthermes.wellness-sport-camping.com\/en\/#organization\",\"name\":\"Camping Malaz\u00e9ou\",\"url\":\"https:\/\/axlesthermes.wellness-sport-camping.com\/en\/\",\"logo\":{\"@type\":\"ImageObject\",\"inLanguage\":\"en-US\",\"@id\":\"https:\/\/axlesthermes.wellness-sport-camping.com\/en\/#\/schema\/logo\/image\/\",\"url\":\"https:\/\/axlesthermes.wellness-sport-camping.com\/wp-content\/uploads\/logo-penne-blanche.png\",\"contentUrl\":\"https:\/\/axlesthermes.wellness-sport-camping.com\/wp-content\/uploads\/logo-penne-blanche.png\",\"width\":260,\"height\":137,\"caption\":\"Camping Malaz\u00e9ou\"},\"image\":{\"@id\":\"https:\/\/axlesthermes.wellness-sport-camping.com\/en\/#\/schema\/logo\/image\/\"}}]}<\/script>\n<!-- \/ Yoast SEO plugin. -->","yoast_head_json":{"title":"Camping Malaz\u00e9ou - Discover the surroundings and enjoy zen and nature activities.","description":"Whether with family, friends, or solo, choose Camping Malaz\u00e9ou for rejuvenating holidays. Enjoy zen and nature activities surrounded by a green setting.","robots":{"index":"index","follow":"follow","max-snippet":"max-snippet:-1","max-image-preview":"max-image-preview:large","max-video-preview":"max-video-preview:-1"},"canonical":"https:\/\/axlesthermes.wellness-sport-camping.com\/en\/your-stay\/","og_locale":"en_US","og_type":"article","og_title":"Camping Malaz\u00e9ou - Discover the surroundings and enjoy zen and nature activities.","og_description":"Whether with family, friends, or solo, choose Camping Malaz\u00e9ou for rejuvenating holidays. Enjoy zen and nature activities surrounded by a green setting.","og_url":"https:\/\/axlesthermes.wellness-sport-camping.com\/en\/your-stay\/","og_site_name":"Camping Malaz\u00e9ou","article_modified_time":"2023-06-07T14:41:36+00:00","og_image":[{"url":"https:\/\/axlesthermes.wellness-sport-camping.com\/wp-content\/uploads\/sejour-top.jpg","type":"","width":"","height":""}],"twitter_card":"summary_large_image","twitter_misc":{"Est. reading time":"1 minute"},"schema":{"@context":"https:\/\/schema.org","@graph":[{"@type":"WebPage","@id":"https:\/\/axlesthermes.wellness-sport-camping.com\/en\/your-stay\/","url":"https:\/\/axlesthermes.wellness-sport-camping.com\/en\/your-stay\/","name":"Camping Malaz\u00e9ou - Discover the surroundings and enjoy zen and nature activities.","isPartOf":{"@id":"https:\/\/axlesthermes.wellness-sport-camping.com\/en\/#website"},"primaryImageOfPage":{"@id":"https:\/\/axlesthermes.wellness-sport-camping.com\/en\/your-stay\/#primaryimage"},"image":{"@id":"https:\/\/axlesthermes.wellness-sport-camping.com\/en\/your-stay\/#primaryimage"},"thumbnailUrl":"https:\/\/axlesthermes.wellness-sport-camping.com\/wp-content\/uploads\/sejour-top.jpg","datePublished":"2023-03-06T13:16:34+00:00","dateModified":"2023-06-07T14:41:36+00:00","description":"Whether with family, friends, or solo, choose Camping Malaz\u00e9ou for rejuvenating holidays. Enjoy zen and nature activities surrounded by a green setting.","breadcrumb":{"@id":"https:\/\/axlesthermes.wellness-sport-camping.com\/en\/your-stay\/#breadcrumb"},"inLanguage":"en-US","potentialAction":[{"@type":"ReadAction","target":["https:\/\/axlesthermes.wellness-sport-camping.com\/en\/your-stay\/"]}]},{"@type":"ImageObject","inLanguage":"en-US","@id":"https:\/\/axlesthermes.wellness-sport-camping.com\/en\/your-stay\/#primaryimage","url":"https:\/\/axlesthermes.wellness-sport-camping.com\/wp-content\/uploads\/sejour-top.jpg","contentUrl":"https:\/\/axlesthermes.wellness-sport-camping.com\/wp-content\/uploads\/sejour-top.jpg"},{"@type":"BreadcrumbList","@id":"https:\/\/axlesthermes.wellness-sport-camping.com\/en\/your-stay\/#breadcrumb","itemListElement":[{"@type":"ListItem","position":1,"name":"Home","item":"https:\/\/axlesthermes.wellness-sport-camping.com\/en\/"},{"@type":"ListItem","position":2,"name":"Your stay"}]},{"@type":"WebSite","@id":"https:\/\/axlesthermes.wellness-sport-camping.com\/en\/#website","url":"https:\/\/axlesthermes.wellness-sport-camping.com\/en\/","name":"Camping Malaz\u00e9ou","description":"borde la rivi\u00e8re Ari\u00e8ge","publisher":{"@id":"https:\/\/axlesthermes.wellness-sport-camping.com\/en\/#organization"},"potentialAction":[{"@type":"SearchAction","target":{"@type":"EntryPoint","urlTemplate":"https:\/\/axlesthermes.wellness-sport-camping.com\/en\/?s={search_term_string}"},"query-input":{"@type":"PropertyValueSpecification","valueRequired":true,"valueName":"search_term_string"}}],"inLanguage":"en-US"},{"@type":"Organization","@id":"https:\/\/axlesthermes.wellness-sport-camping.com\/en\/#organization","name":"Camping Malaz\u00e9ou","url":"https:\/\/axlesthermes.wellness-sport-camping.com\/en\/","logo":{"@type":"ImageObject","inLanguage":"en-US","@id":"https:\/\/axlesthermes.wellness-sport-camping.com\/en\/#\/schema\/logo\/image\/","url":"https:\/\/axlesthermes.wellness-sport-camping.com\/wp-content\/uploads\/logo-penne-blanche.png","contentUrl":"https:\/\/axlesthermes.wellness-sport-camping.com\/wp-content\/uploads\/logo-penne-blanche.png","width":260,"height":137,"caption":"Camping Malaz\u00e9ou"},"image":{"@id":"https:\/\/axlesthermes.wellness-sport-camping.com\/en\/#\/schema\/logo\/image\/"}}]}},"_links":{"self":[{"href":"https:\/\/axlesthermes.wellness-sport-camping.com\/en\/wp-json\/wp\/v2\/pages\/2199","targetHints":{"allow":["GET"]}}],"collection":[{"href":"https:\/\/axlesthermes.wellness-sport-camping.com\/en\/wp-json\/wp\/v2\/pages"}],"about":[{"href":"https:\/\/axlesthermes.wellness-sport-camping.com\/en\/wp-json\/wp\/v2\/types\/page"}],"author":[{"embeddable":true,"href":"https:\/\/axlesthermes.wellness-sport-camping.com\/en\/wp-json\/wp\/v2\/users\/5"}],"replies":[{"embeddable":true,"href":"https:\/\/axlesthermes.wellness-sport-camping.com\/en\/wp-json\/wp\/v2\/comments?post=2199"}],"version-history":[{"count":1,"href":"https:\/\/axlesthermes.wellness-sport-camping.com\/en\/wp-json\/wp\/v2\/pages\/2199\/revisions"}],"predecessor-version":[{"id":2202,"href":"https:\/\/axlesthermes.wellness-sport-camping.com\/en\/wp-json\/wp\/v2\/pages\/2199\/revisions\/2202"}],"wp:attachment":[{"href":"https:\/\/axlesthermes.wellness-sport-camping.com\/en\/wp-json\/wp\/v2\/media?parent=2199"}],"curies":[{"name":"wp","href":"https:\/\/api.w.org\/{rel}","templated":true}]}}